{"id":2218,"date":"2025-02-17T14:52:06","date_gmt":"2025-02-17T14:52:06","guid":{"rendered":"https:\/\/www.jinghuaceramic.com\/?post_type=product&#038;p=2218"},"modified":"2025-02-22T07:04:14","modified_gmt":"2025-02-22T07:04:14","slug":"oem-80mm-thermal-receipt-printer","status":"publish","type":"product","link":"https:\/\/www.aiyin.com\/es\/product\/oem-80mm-thermal-receipt-printer\/","title":{"rendered":"Impresora t\u00e9rmica de recibos OEM 80mm - AN803, Fabricante de impresoras de recibos AiYin"},"content":{"rendered":"<h2 class=\"wp-block-heading\">Detalles de la impresora t\u00e9rmica de recibos de 80 mm <\/h2>\n\n\n\n<hr class=\"wp-block-separator has-alpha-channel-opacity\"\/>\n\n\n\n<figure class=\"wp-block-image size-large\"><img decoding=\"async\" width=\"1280\" height=\"1278\" src=\"https:\/\/www.aiyin.com\/wp-content\/uploads\/2025\/02\/Thermal-Receipt-Printer\u200b-Details-1-1280x1278.webp\" alt=\"Detalles de la impresora t\u00e9rmica de recibos (1)\" class=\"wp-image-2388\" srcset=\"https:\/\/www.aiyin.com\/wp-content\/uploads\/2025\/02\/Thermal-Receipt-Printer\u200b-Details-1-1280x1278.webp 1280w, https:\/\/www.aiyin.com\/wp-content\/uploads\/2025\/02\/Thermal-Receipt-Printer\u200b-Details-1-150x150.webp 150w, https:\/\/www.aiyin.com\/wp-content\/uploads\/2025\/02\/Thermal-Receipt-Printer\u200b-Details-1-768x767.webp 768w, https:\/\/www.aiyin.com\/wp-content\/uploads\/2025\/02\/Thermal-Receipt-Printer\u200b-Details-1-300x300.webp 300w, https:\/\/www.aiyin.com\/wp-content\/uploads\/2025\/02\/Thermal-Receipt-Printer\u200b-Details-1-600x599.webp 600w, https:\/\/www.aiyin.com\/wp-content\/uploads\/2025\/02\/Thermal-Receipt-Printer\u200b-Details-1-100x100.webp 100w\" sizes=\"(max-width: 1280px) 100vw, 1280px\" \/><\/figure>","protected":false},"excerpt":{"rendered":"<p>Impresora t\u00e9rmica de recibos de 80mm al por mayor, AN803 puede imprimir eficientemente tickets, facturas, recibos, adecuada para supermercados, tiendas al por menor, restaurantes, empresas de mensajer\u00eda. Como proveedor mayorista de la impresora AN803, ofrecemos un amplio soporte de servicio post-venta y servicio OEM. Cont\u00e1ctenos para una cotizaci\u00f3n.<\/p>\n<h2>Caracter\u00edsticas de la impresora t\u00e9rmica de recibos de 80 mm - AN803<\/h2>\n<div>\n<p><strong>Gran capacidad de papelera:<\/strong> La impresora t\u00e9rmica de recibos AN803 de 80 mm est\u00e1 equipada con una bandeja de papel extragrande (admite papel de hasta 80 mm de ancho), que puede alojar m\u00e1s papel t\u00e9rmico para recibos, lo que evita tiempos de inactividad a medio plazo o p\u00e9rdidas de tiempo reponiendo papel.<\/p>\n<p><strong>M\u00faltiples interfaces de comunicaci\u00f3n:<\/strong> La impresora t\u00e9rmica de recibos AN803 80mm soporta m\u00faltiples interfaces de comunicaci\u00f3n como USB-B, puerto de red, puerto serie y Bluetooth (opcional), proporcionando una mayor compatibilidad y flexibilidad, y se puede conectar a ordenadores, m\u00e1quinas de punto de venta, dispositivos m\u00f3viles, etc.<\/p>\n<p><strong>Larga vida \u00fatil:<\/strong> El dispositivo tambi\u00e9n puede mantener buenos resultados de impresi\u00f3n en tareas de impresi\u00f3n de alta frecuencia. La AN803 tiene un periodo de garant\u00eda de 300.000 veces y una vida \u00fatil de hasta 500.000 veces.<\/p>\n<p><strong>Compatible con m\u00faltiples sistemas operativos:<\/strong> El AN803 es compatible con m\u00faltiples sistemas operativos como Windows, Mac OS, Android e iOS, adapt\u00e1ndose a las necesidades de diferentes escenarios y mejorando la eficiencia en el trabajo.<\/p>\n<p><strong>Soporte OEM y ODM:<\/strong> El fabricante de impresoras t\u00e9rmicas de recibos AiYin ofrece servicios profesionales de impresoras t\u00e9rmicas personalizadas, adecuadas para empresas que necesitan logotipos de marca \u00fanicos o funciones especiales.<\/p>\n<\/div>","protected":false},"featured_media":2387,"comment_status":"closed","ping_status":"closed","template":"","meta":{"_acf_changed":true},"product_brand":[],"product_cat":[19],"product_tag":[],"class_list":{"0":"post-2218","1":"product","2":"type-product","3":"status-publish","4":"has-post-thumbnail","6":"product_cat-receipt-printer","7":"pa_device-type-desktop","8":"pa_print-width-3-inches","10":"first","11":"instock","12":"shipping-taxable","13":"product-type-simple"},"acf":[],"_links":{"self":[{"href":"https:\/\/www.aiyin.com\/es\/wp-json\/wp\/v2\/product\/2218","targetHints":{"allow":["GET"]}}],"collection":[{"href":"https:\/\/www.aiyin.com\/es\/wp-json\/wp\/v2\/product"}],"about":[{"href":"https:\/\/www.aiyin.com\/es\/wp-json\/wp\/v2\/types\/product"}],"replies":[{"embeddable":true,"href":"https:\/\/www.aiyin.com\/es\/wp-json\/wp\/v2\/comments?post=2218"}],"wp:featuredmedia":[{"embeddable":true,"href":"https:\/\/www.aiyin.com\/es\/wp-json\/wp\/v2\/media\/2387"}],"wp:attachment":[{"href":"https:\/\/www.aiyin.com\/es\/wp-json\/wp\/v2\/media?parent=2218"}],"wp:term":[{"taxonomy":"product_brand","embeddable":true,"href":"https:\/\/www.aiyin.com\/es\/wp-json\/wp\/v2\/product_brand?post=2218"},{"taxonomy":"product_cat","embeddable":true,"href":"https:\/\/www.aiyin.com\/es\/wp-json\/wp\/v2\/product_cat?post=2218"},{"taxonomy":"product_tag","embeddable":true,"href":"https:\/\/www.aiyin.com\/es\/wp-json\/wp\/v2\/product_tag?post=2218"}],"curies":[{"name":"wp","href":"https:\/\/api.w.org\/{rel}","templated":true}]}}