{"id":2210,"date":"2025-02-17T10:19:29","date_gmt":"2025-02-17T10:19:29","guid":{"rendered":"https:\/\/www.jinghuaceramic.com\/?post_type=product&#038;p=2210"},"modified":"2025-02-22T07:12:19","modified_gmt":"2025-02-22T07:12:19","slug":"3-inches-thermal-bluetooth-wifi-receipt-printer-an802","status":"publish","type":"product","link":"https:\/\/www.aiyin.com\/es\/product\/3-inches-thermal-bluetooth-wifi-receipt-printer-an802\/","title":{"rendered":"Soporte Impresora Recibos Personalizada, Impresora Recibos T\u00e9rmica Bluetooth \/ Wifi 3 Pulgadas - AN802"},"content":{"rendered":"<h2 class=\"wp-block-heading\">Detalles de la impresora de recibos Bluetooth \/ Wifi - AN802<\/h2>\n\n\n\n<hr class=\"wp-block-separator has-alpha-channel-opacity\"\/>\n\n\n\n<figure class=\"wp-block-image size-large\"><img decoding=\"async\" width=\"1265\" height=\"1280\" src=\"https:\/\/www.aiyin.com\/wp-content\/uploads\/2025\/02\/Bluetooth-and-Wifi-Receipt-Printer-Details-1-1265x1280.webp\" alt=\"Impresora de recibos Bluetooth y Wifi Detalles (1)\" class=\"wp-image-2216\" srcset=\"https:\/\/www.aiyin.com\/wp-content\/uploads\/2025\/02\/Bluetooth-and-Wifi-Receipt-Printer-Details-1-1265x1280.webp 1265w, https:\/\/www.aiyin.com\/wp-content\/uploads\/2025\/02\/Bluetooth-and-Wifi-Receipt-Printer-Details-1-768x777.webp 768w, https:\/\/www.aiyin.com\/wp-content\/uploads\/2025\/02\/Bluetooth-and-Wifi-Receipt-Printer-Details-1-600x607.webp 600w, https:\/\/www.aiyin.com\/wp-content\/uploads\/2025\/02\/Bluetooth-and-Wifi-Receipt-Printer-Details-1-100x100.webp 100w\" sizes=\"(max-width: 1265px) 100vw, 1265px\" \/><\/figure>","protected":false},"excerpt":{"rendered":"<p>Mayorista Impresora t\u00e9rmica de recibos bluetooth \/ wifi de 3 pulgadas , AN802 le ayuda a reducir costes y mejorar la competitividad con su alto rendimiento y bajo coste de mantenimiento. Ofrecemos soluciones de impresora de etiquetas personalizadas de ventanilla \u00fanica, recepci\u00f3n para entrarnos en contacto con.<\/p>\n<h2>Caracter\u00edsticas de la impresora de recibos Bluetooth \/ Wifi - AN802<\/h2>\n<div>\n<p><strong>Funci\u00f3n de recordatorio de pedido:<\/strong> Impresora de recibos Bluetooth \/ Wifi - AN802 La impresora incorpora una funci\u00f3n de recordatorio de pedidos, que puede emitir un recordatorio cuando el pedido no se haya recogido o impreso, garantizando que no se pierda ning\u00fan pedido importante. Es especialmente adecuada para sectores como la restauraci\u00f3n y el comercio minorista.<\/p>\n<p><strong>Compatible con Bluetooth y wifi:<\/strong> La AN802 est\u00e1 disponible en estilos Bluetooth y wifi, y los usuarios pueden conectar f\u00e1cilmente la impresora a varios dispositivos (como tel\u00e9fonos inteligentes, tabletas y sistemas de punto de venta) para mejorar la eficiencia en el trabajo.<\/p>\n<p><strong>Funci\u00f3n de corte autom\u00e1tico del papel:<\/strong> Equipada con un cortador de papel autom\u00e1tico con una vida \u00fatil de hasta 1,5 millones de veces, mejora eficazmente la eficiencia del trabajo y garantiza un corte limpio, adecuado para entornos de impresi\u00f3n de etiquetas de alta frecuencia y alta demanda.<\/p>\n<p><strong>Buena durabilidad:<\/strong> La vida \u00fatil de impresi\u00f3n de la impresora de recibos AN802 es de hasta 30 kil\u00f3metros (durante el periodo de garant\u00eda) y 50 kil\u00f3metros (de por vida). Incluso en un entorno de uso de alta frecuencia, el dispositivo puede mantener un rendimiento estable.<\/p>\n<\/div>","protected":false},"featured_media":2211,"comment_status":"closed","ping_status":"closed","template":"","meta":{"_acf_changed":true},"product_brand":[],"product_cat":[19],"product_tag":[],"class_list":{"0":"post-2210","1":"product","2":"type-product","3":"status-publish","4":"has-post-thumbnail","6":"product_cat-receipt-printer","7":"pa_device-type-desktop","8":"pa_print-width-3-inches","10":"first","11":"instock","12":"shipping-taxable","13":"product-type-simple"},"acf":[],"_links":{"self":[{"href":"https:\/\/www.aiyin.com\/es\/wp-json\/wp\/v2\/product\/2210","targetHints":{"allow":["GET"]}}],"collection":[{"href":"https:\/\/www.aiyin.com\/es\/wp-json\/wp\/v2\/product"}],"about":[{"href":"https:\/\/www.aiyin.com\/es\/wp-json\/wp\/v2\/types\/product"}],"replies":[{"embeddable":true,"href":"https:\/\/www.aiyin.com\/es\/wp-json\/wp\/v2\/comments?post=2210"}],"wp:featuredmedia":[{"embeddable":true,"href":"https:\/\/www.aiyin.com\/es\/wp-json\/wp\/v2\/media\/2211"}],"wp:attachment":[{"href":"https:\/\/www.aiyin.com\/es\/wp-json\/wp\/v2\/media?parent=2210"}],"wp:term":[{"taxonomy":"product_brand","embeddable":true,"href":"https:\/\/www.aiyin.com\/es\/wp-json\/wp\/v2\/product_brand?post=2210"},{"taxonomy":"product_cat","embeddable":true,"href":"https:\/\/www.aiyin.com\/es\/wp-json\/wp\/v2\/product_cat?post=2210"},{"taxonomy":"product_tag","embeddable":true,"href":"https:\/\/www.aiyin.com\/es\/wp-json\/wp\/v2\/product_tag?post=2210"}],"curies":[{"name":"wp","href":"https:\/\/api.w.org\/{rel}","templated":true}]}}