{"id":2202,"date":"2025-02-17T09:31:34","date_gmt":"2025-02-17T09:31:34","guid":{"rendered":"https:\/\/www.jinghuaceramic.com\/?post_type=product&#038;p=2202"},"modified":"2025-02-22T07:09:14","modified_gmt":"2025-02-22T07:09:14","slug":"desktop-thermal-receipt-printer-an801","status":"publish","type":"product","link":"https:\/\/www.aiyin.com\/es\/product\/desktop-thermal-receipt-printer-an801\/","title":{"rendered":"Impresora t\u00e9rmica de recibos USB \/ inal\u00e1mbrica \/ Bluetooth de 3 pulgadas - AN801, compatible con los programas y software de caja registradora y restauraci\u00f3n m\u00e1s comunes"},"content":{"rendered":"<h2 class=\"wp-block-heading\">Detalles de la Impresora t\u00e9rmica de recibos Bluetooth de sobremesa - AN801<\/h2>\n\n\n\n<hr class=\"wp-block-separator has-alpha-channel-opacity\"\/>\n\n\n\n<figure class=\"wp-block-image size-large\"><img decoding=\"async\" width=\"1280\" height=\"1275\" src=\"https:\/\/www.aiyin.com\/wp-content\/uploads\/2025\/02\/Bluetooth-Thermal-Receipt-Printer\u200b-Details-1-1280x1275.webp\" alt=\"Impresora t\u00e9rmica de recibos Bluetooth Detalles (1)\" class=\"wp-image-2208\" srcset=\"https:\/\/www.aiyin.com\/wp-content\/uploads\/2025\/02\/Bluetooth-Thermal-Receipt-Printer\u200b-Details-1-1280x1275.webp 1280w, https:\/\/www.aiyin.com\/wp-content\/uploads\/2025\/02\/Bluetooth-Thermal-Receipt-Printer\u200b-Details-1-150x150.webp 150w, https:\/\/www.aiyin.com\/wp-content\/uploads\/2025\/02\/Bluetooth-Thermal-Receipt-Printer\u200b-Details-1-768x765.webp 768w, https:\/\/www.aiyin.com\/wp-content\/uploads\/2025\/02\/Bluetooth-Thermal-Receipt-Printer\u200b-Details-1-300x300.webp 300w, https:\/\/www.aiyin.com\/wp-content\/uploads\/2025\/02\/Bluetooth-Thermal-Receipt-Printer\u200b-Details-1-600x598.webp 600w, https:\/\/www.aiyin.com\/wp-content\/uploads\/2025\/02\/Bluetooth-Thermal-Receipt-Printer\u200b-Details-1-100x100.webp 100w\" sizes=\"(max-width: 1280px) 100vw, 1280px\" \/><\/figure>","protected":false},"excerpt":{"rendered":"<p>Impresoras t\u00e9rmicas de recibos al por mayor, disponibles en modelos Bluetooth y WiFi, c\u00f3modas para una conexi\u00f3n perfecta con varios dispositivos, muy utilizadas en el comercio minorista, la restauraci\u00f3n, los supermercados, los hoteles, el transporte y otras industrias. P\u00f3ngase en contacto con nosotros ahora para obtener m\u00e1s informaci\u00f3n sobre las impresoras t\u00e9rmicas de recibos u obtener un presupuesto al por mayor.<\/p>\n<h2>Caracter\u00edsticas de la impresora t\u00e9rmica de recibos de sobremesa - AN801<\/h2>\n<div>\n<p><strong>Impresi\u00f3n r\u00e1pida y eficaz:<\/strong> Con una capacidad de impresi\u00f3n de alta velocidad de 200 mm por segundo, la impresora puede completar r\u00e1pidamente las tareas de impresi\u00f3n de un gran n\u00famero de recibos. Est\u00e1 equipada con un cortador autom\u00e1tico de papel con una vida \u00fatil de 1,5 millones de veces, que mejora la suavidad y la eficacia del trabajo despu\u00e9s de cada impresi\u00f3n.<\/p>\n<p><strong>Protecci\u00f3n IP42:<\/strong> Impresora t\u00e9rmica de recibos de sobremesa - AN801, con nivel de protecci\u00f3n IP42, puede proteger eficazmente el dispositivo de la humedad, el polvo y los insectos, reduciendo el riesgo de mantenimiento y aver\u00edas.<\/p>\n<p><strong>Dise\u00f1o ligero:<\/strong> La impresora t\u00e9rmica de recibos de sobremesa AN801 es compacta y ligera, con un peso neto de s\u00f3lo 0,84 kg, adecuada para peque\u00f1os comercios, y puede trasladarse y colocarse f\u00e1cilmente en un lugar adecuado.<\/p>\n<p><strong>Bluetooth y soporte inal\u00e1mbrico:<\/strong> AN801 tiene un estilo que soporta Bluetooth y Wifi. A trav\u00e9s de la conexi\u00f3n inal\u00e1mbrica, los usuarios pueden imprimir de forma remota sin estar atados por cables, lo que es adecuado para escenarios que requieren un funcionamiento m\u00f3vil.<\/p>\n<p><strong>Servicio OEM y ODM:<\/strong> El fabricante de impresoras de etiquetas AiYin ofrece un servicio integral personalizado de impresoras de recibos para satisfacer los requisitos personalizados de los clientes en t\u00e9rminos de funci\u00f3n, apariencia y necesidades de marca.<\/p>\n<\/div>","protected":false},"featured_media":2203,"comment_status":"closed","ping_status":"closed","template":"","meta":{"_acf_changed":true},"product_brand":[],"product_cat":[19],"product_tag":[],"class_list":{"0":"post-2202","1":"product","2":"type-product","3":"status-publish","4":"has-post-thumbnail","6":"product_cat-receipt-printer","7":"pa_device-type-desktop","8":"pa_print-width-3-inches","10":"first","11":"instock","12":"shipping-taxable","13":"product-type-simple"},"acf":[],"_links":{"self":[{"href":"https:\/\/www.aiyin.com\/es\/wp-json\/wp\/v2\/product\/2202","targetHints":{"allow":["GET"]}}],"collection":[{"href":"https:\/\/www.aiyin.com\/es\/wp-json\/wp\/v2\/product"}],"about":[{"href":"https:\/\/www.aiyin.com\/es\/wp-json\/wp\/v2\/types\/product"}],"replies":[{"embeddable":true,"href":"https:\/\/www.aiyin.com\/es\/wp-json\/wp\/v2\/comments?post=2202"}],"wp:featuredmedia":[{"embeddable":true,"href":"https:\/\/www.aiyin.com\/es\/wp-json\/wp\/v2\/media\/2203"}],"wp:attachment":[{"href":"https:\/\/www.aiyin.com\/es\/wp-json\/wp\/v2\/media?parent=2202"}],"wp:term":[{"taxonomy":"product_brand","embeddable":true,"href":"https:\/\/www.aiyin.com\/es\/wp-json\/wp\/v2\/product_brand?post=2202"},{"taxonomy":"product_cat","embeddable":true,"href":"https:\/\/www.aiyin.com\/es\/wp-json\/wp\/v2\/product_cat?post=2202"},{"taxonomy":"product_tag","embeddable":true,"href":"https:\/\/www.aiyin.com\/es\/wp-json\/wp\/v2\/product_tag?post=2202"}],"curies":[{"name":"wp","href":"https:\/\/api.w.org\/{rel}","templated":true}]}}