{"id":2194,"date":"2025-02-19T05:56:10","date_gmt":"2025-02-19T05:56:10","guid":{"rendered":"https:\/\/www.jinghuaceramic.com\/?post_type=product&#038;p=2194"},"modified":"2025-02-26T06:04:12","modified_gmt":"2025-02-26T06:04:12","slug":"wholesale-2-inches-thermal-receipt-printer-an581","status":"publish","type":"product","link":"https:\/\/www.aiyin.com\/es\/product\/wholesale-2-inches-thermal-receipt-printer-an581\/","title":{"rendered":"Mayorista Impresora T\u00e9rmica de Recibos de 2 pulgadas - AN581, Soporta Impresi\u00f3n de Recibos, Pedidos, C\u00f3digos de Barras Y M\u00e1s"},"content":{"rendered":"<h2 class=\"wp-block-heading\">Detalles de la impresora t\u00e9rmica de recibos de 2 pulgadas - AN581<\/h2>\n\n\n\n<hr class=\"wp-block-separator has-alpha-channel-opacity\" \/>\n\n\n\n<figure class=\"wp-block-image size-large\"><img decoding=\"async\" width=\"1272\" height=\"1280\" src=\"https:\/\/www.aiyin.com\/wp-content\/uploads\/2025\/02\/2-inches-Thermal-Receipt-Printer-Details-1-1272x1280.webp\" alt=\"Impresora t\u00e9rmica de recibos de 2 pulgadas Detalles (1)\" class=\"wp-image-2195\" srcset=\"https:\/\/www.aiyin.com\/wp-content\/uploads\/2025\/02\/2-inches-Thermal-Receipt-Printer-Details-1-1272x1280.webp 1272w, https:\/\/www.aiyin.com\/wp-content\/uploads\/2025\/02\/2-inches-Thermal-Receipt-Printer-Details-1-150x150.webp 150w, https:\/\/www.aiyin.com\/wp-content\/uploads\/2025\/02\/2-inches-Thermal-Receipt-Printer-Details-1-768x773.webp 768w, https:\/\/www.aiyin.com\/wp-content\/uploads\/2025\/02\/2-inches-Thermal-Receipt-Printer-Details-1-600x604.webp 600w, https:\/\/www.aiyin.com\/wp-content\/uploads\/2025\/02\/2-inches-Thermal-Receipt-Printer-Details-1-100x100.webp 100w\" sizes=\"(max-width: 1272px) 100vw, 1272px\" \/><\/figure>","protected":false},"excerpt":{"rendered":"<p>Impresora t\u00e9rmica de recibos de 2 pulgadas para mayoristas, la AN581 es un dispositivo de impresi\u00f3n compacto y de alto rendimiento dise\u00f1ado para comerciantes, minoristas y diversos locales comerciales, que proporciona soluciones de impresi\u00f3n eficientes y fiables. La vida \u00fatil de impresi\u00f3n puede alcanzar los 30 kil\u00f3metros (durante el periodo de garant\u00eda) y 50 kil\u00f3metros (de por vida), reduciendo el coste de mantenimiento del equipo. Admite OEM y ODM, p\u00f3ngase en contacto con nosotros para solicitar un presupuesto.<\/p>\n<h2>Caracter\u00edsticas de la impresora t\u00e9rmica de recibos de 2 pulgadas - AN581<\/h2>\n<div>\n<p><strong>Amplia adaptabilidad:<\/strong> La impresora t\u00e9rmica de recibos AN581 es compatible con los principales programas de restauraci\u00f3n y cajas registradoras, as\u00ed como con los miniprogramas del mercado, y puede adaptarse sin problemas a las necesidades de diferentes escenarios empresariales, siendo adecuada para el sector de la restauraci\u00f3n, el comercio minorista y la log\u00edstica.<\/p>\n<p><strong>M\u00faltiples opciones de interfaz:<\/strong> La impresora t\u00e9rmica de recibos AN581 tiene una variedad de interfaces comunes, incluyendo USB, puerto serie, bluetooth, etc., que se pueden conectar f\u00e1cilmente a varios dispositivos y sistemas operativos.<\/p>\n<p><strong>Funci\u00f3n de impresi\u00f3n Bluetooth:<\/strong> La funci\u00f3n de impresi\u00f3n bluetooth hace que esta impresora t\u00e9rmica de recibos sea m\u00e1s flexible. Los usuarios pueden conectar hasta 8 dispositivos a trav\u00e9s de bluetooth, evitando los inconvenientes de la tradicional conexi\u00f3n por cable USB.<\/p>\n<p><strong>Alta resoluci\u00f3n: T<\/strong>a resoluci\u00f3n de impresi\u00f3n es de hasta 203 ppp, lo que resulta adecuado para imprimir patrones finos como c\u00f3digos de barras y c\u00f3digos qr. Las mercanc\u00edas o la informaci\u00f3n importante que deben marcarse con precisi\u00f3n pueden proporcionar etiquetas claras y f\u00e1ciles de escanear.<\/p>\n<p><strong>Ligero y compacto:<\/strong> La impresora pesa s\u00f3lo 375 gramos y mide 110 mm x 146 mm x 109 mm. Es extremadamente compacta y f\u00e1cil de transportar, y cuenta con una mayor flexibilidad.<\/p>\n<p><strong>Compatibilidad con varios modos de impresi\u00f3n:<\/strong> Admite impresi\u00f3n t\u00e9rmica directa e impresi\u00f3n m\u00faltiple de c\u00f3digos de barras, y puede imprimir etiquetas de c\u00f3digos de barras, as\u00ed como recibos y pedidos para el sector de la restauraci\u00f3n.<\/p>\n<\/div>","protected":false},"featured_media":2197,"comment_status":"closed","ping_status":"closed","template":"","meta":{"_acf_changed":true},"product_brand":[],"product_cat":[19],"product_tag":[],"class_list":{"0":"post-2194","1":"product","2":"type-product","3":"status-publish","4":"has-post-thumbnail","6":"product_cat-receipt-printer","7":"pa_device-type-desktop","8":"pa_print-width-2-inches","10":"first","11":"instock","12":"shipping-taxable","13":"product-type-simple"},"acf":[],"_links":{"self":[{"href":"https:\/\/www.aiyin.com\/es\/wp-json\/wp\/v2\/product\/2194","targetHints":{"allow":["GET"]}}],"collection":[{"href":"https:\/\/www.aiyin.com\/es\/wp-json\/wp\/v2\/product"}],"about":[{"href":"https:\/\/www.aiyin.com\/es\/wp-json\/wp\/v2\/types\/product"}],"replies":[{"embeddable":true,"href":"https:\/\/www.aiyin.com\/es\/wp-json\/wp\/v2\/comments?post=2194"}],"wp:featuredmedia":[{"embeddable":true,"href":"https:\/\/www.aiyin.com\/es\/wp-json\/wp\/v2\/media\/2197"}],"wp:attachment":[{"href":"https:\/\/www.aiyin.com\/es\/wp-json\/wp\/v2\/media?parent=2194"}],"wp:term":[{"taxonomy":"product_brand","embeddable":true,"href":"https:\/\/www.aiyin.com\/es\/wp-json\/wp\/v2\/product_brand?post=2194"},{"taxonomy":"product_cat","embeddable":true,"href":"https:\/\/www.aiyin.com\/es\/wp-json\/wp\/v2\/product_cat?post=2194"},{"taxonomy":"product_tag","embeddable":true,"href":"https:\/\/www.aiyin.com\/es\/wp-json\/wp\/v2\/product_tag?post=2194"}],"curies":[{"name":"wp","href":"https:\/\/api.w.org\/{rel}","templated":true}]}}