{"id":2166,"date":"2025-02-17T07:03:27","date_gmt":"2025-02-17T07:03:27","guid":{"rendered":"https:\/\/www.jinghuaceramic.com\/?post_type=product&#038;p=2166"},"modified":"2025-02-22T06:55:02","modified_gmt":"2025-02-22T06:55:02","slug":"industrial-thermal-transfer-printer-ie240-340-640","status":"publish","type":"product","link":"https:\/\/www.aiyin.com\/es\/product\/industrial-thermal-transfer-printer-ie240-340-640\/","title":{"rendered":"Impresora industrial de transferencia t\u00e9rmica de 4 pulgadas \/ Impresora t\u00e9rmica industrial - IE240\/340\/640, admite impresi\u00f3n en modo dual"},"content":{"rendered":"<h2 class=\"wp-block-heading\">Detalles de la impresora industrial de transferencia t\u00e9rmica - IE240\/340\/640<\/h2>\n\n\n\n<hr class=\"wp-block-separator has-alpha-channel-opacity\"\/>\n\n\n\n<figure class=\"wp-block-image size-large\"><img decoding=\"async\" width=\"1257\" height=\"1280\" src=\"https:\/\/www.aiyin.com\/wp-content\/uploads\/2025\/02\/Industrial-Thermal-Transfer-Printer-Details-1-1257x1280.webp\" alt=\"Detalles de la impresora industrial por transferencia t\u00e9rmica (1)\" class=\"wp-image-2177\" srcset=\"https:\/\/www.aiyin.com\/wp-content\/uploads\/2025\/02\/Industrial-Thermal-Transfer-Printer-Details-1-1257x1280.webp 1257w, https:\/\/www.aiyin.com\/wp-content\/uploads\/2025\/02\/Industrial-Thermal-Transfer-Printer-Details-1-768x782.webp 768w, https:\/\/www.aiyin.com\/wp-content\/uploads\/2025\/02\/Industrial-Thermal-Transfer-Printer-Details-1-600x611.webp 600w\" sizes=\"(max-width: 1257px) 100vw, 1257px\" \/><\/figure>","protected":false},"excerpt":{"rendered":"<p>Impresora de transferencia t\u00e9rmica industrial al por mayor, puede realizar tareas tales como la producci\u00f3n en masa y los requisitos de alta precisi\u00f3n, es compatible con una variedad de materiales, tama\u00f1os de etiquetas, ampliamente utilizado en log\u00edstica, almacenamiento, fabricaci\u00f3n y otros campos. Alta durabilidad y potente interfaz de conexi\u00f3n le permiten funcionar de forma estable en diversos entornos industriales, es una opci\u00f3n ideal para mejorar la eficiencia de la producci\u00f3n y la calidad de impresi\u00f3n. Soporta OEM y ODM, cont\u00e1ctenos para una cotizaci\u00f3n.<\/p>\n<h2>Caracter\u00edsticas de la impresora industrial por transferencia t\u00e9rmica - IE240\/340\/640<\/h2>\n<div>\n<p><strong>Dise\u00f1o de estructura estable:<\/strong> La impresora industrial de transferencia t\u00e9rmica - ie240\/340\/640 posee un dise\u00f1o de estructura m\u00e1s estable. En condiciones de trabajo ininterrumpido a largo plazo, la impresora puede mantener una velocidad de producci\u00f3n eficiente.<\/p>\n<p><strong>R\u00e1pida capacidad de impresi\u00f3n:<\/strong> La impresora industrial de transferencia t\u00e9rmica - ie240\/340\/640 posee una capacidad de impresi\u00f3n de alta velocidad con una velocidad m\u00e1xima de impresi\u00f3n de hasta 200mm\/s, especialmente adecuada para los requisitos de las industrias que necesitan muchas etiquetas o productos personalizados, como la fabricaci\u00f3n y la log\u00edstica.<\/p>\n<p><strong>Gran capacidad de consumibles de etiquetas:<\/strong> Tambi\u00e9n cuenta con una gran capacidad para contener consumibles de etiquetas, y eso reduce la frecuencia de cambio de papel, satisfaciendo los requisitos de alta frecuencia y alta impresi\u00f3n.<\/p>\n<p><strong>Buena gama de compatibilidad del papel:<\/strong> La impresora industrial de transferencia t\u00e9rmica posee una buena compatibilidad de papel, incluyendo el papel regular de etiquetas, papel de marca negra, papel continuo, papel t\u00e9rmico, etc., y se adaptan de manera el\u00e1stica a diversas tareas de impresi\u00f3n.<\/p>\n<p><strong>Compatible con m\u00faltiples sistemas operativos:<\/strong> La impresora es compatible con m\u00faltiples sistemas operativos como windows, mac os, android e ios. Los operarios tienen la posibilidad de elegir la plataforma de dispositivo m\u00e1s adecuada en funci\u00f3n de sus propios h\u00e1bitos y requisitos de trabajo.<\/p>\n<\/div>","protected":false},"featured_media":2172,"comment_status":"closed","ping_status":"closed","template":"","meta":{"_acf_changed":false},"product_brand":[],"product_cat":[20],"product_tag":[],"class_list":{"0":"post-2166","1":"product","2":"type-product","3":"status-publish","4":"has-post-thumbnail","6":"product_cat-thermal-transfer-printer","7":"pa_industrial-grade-yes","8":"pa_paper-bin-with-paper-bin","9":"pa_print-width-4-inches","11":"first","12":"instock","13":"shipping-taxable","14":"product-type-simple"},"acf":[],"_links":{"self":[{"href":"https:\/\/www.aiyin.com\/es\/wp-json\/wp\/v2\/product\/2166","targetHints":{"allow":["GET"]}}],"collection":[{"href":"https:\/\/www.aiyin.com\/es\/wp-json\/wp\/v2\/product"}],"about":[{"href":"https:\/\/www.aiyin.com\/es\/wp-json\/wp\/v2\/types\/product"}],"replies":[{"embeddable":true,"href":"https:\/\/www.aiyin.com\/es\/wp-json\/wp\/v2\/comments?post=2166"}],"wp:featuredmedia":[{"embeddable":true,"href":"https:\/\/www.aiyin.com\/es\/wp-json\/wp\/v2\/media\/2172"}],"wp:attachment":[{"href":"https:\/\/www.aiyin.com\/es\/wp-json\/wp\/v2\/media?parent=2166"}],"wp:term":[{"taxonomy":"product_brand","embeddable":true,"href":"https:\/\/www.aiyin.com\/es\/wp-json\/wp\/v2\/product_brand?post=2166"},{"taxonomy":"product_cat","embeddable":true,"href":"https:\/\/www.aiyin.com\/es\/wp-json\/wp\/v2\/product_cat?post=2166"},{"taxonomy":"product_tag","embeddable":true,"href":"https:\/\/www.aiyin.com\/es\/wp-json\/wp\/v2\/product_tag?post=2166"}],"curies":[{"name":"wp","href":"https:\/\/api.w.org\/{rel}","templated":true}]}}