{"id":2147,"date":"2025-02-15T06:16:25","date_gmt":"2025-02-15T06:16:25","guid":{"rendered":"https:\/\/www.jinghuaceramic.com\/?post_type=product&#038;p=2147"},"modified":"2025-03-28T05:20:21","modified_gmt":"2025-03-28T05:20:21","slug":"wholesale-label-thermal-transfer-printer-ay320-320bt-320p","status":"publish","type":"product","link":"https:\/\/www.aiyin.com\/es\/product\/wholesale-label-thermal-transfer-printer-ay320-320bt-320p\/","title":{"rendered":"Mayorista Impresora Transferencia T\u00e9rmica de Etiquetas de 3 pulgadas - AY320 \/ 320BT \/ 320P, Soporta Impresi\u00f3n T\u00e9rmica y Transferencia T\u00e9rmica"},"content":{"rendered":"<h2 class=\"wp-block-heading\">Detalles de la impresora de etiquetas por transferencia t\u00e9rmica - AY-320 \/ 320BT \/ 320P<\/h2>\n\n\n\n<hr class=\"wp-block-separator has-alpha-channel-opacity\" \/>\n\n\n\n<figure class=\"wp-block-image size-large\"><img decoding=\"async\" width=\"1242\" height=\"1280\" src=\"https:\/\/www.aiyin.com\/wp-content\/uploads\/2025\/02\/Label-Thermal-Transfer-Printer\u200b-Details-3-1242x1280.webp\" alt=\"Detalles de la impresora de etiquetas por transferencia t\u00e9rmica (3)\" class=\"wp-image-2164\" srcset=\"https:\/\/www.aiyin.com\/wp-content\/uploads\/2025\/02\/Label-Thermal-Transfer-Printer\u200b-Details-3-1242x1280.webp 1242w, https:\/\/www.aiyin.com\/wp-content\/uploads\/2025\/02\/Label-Thermal-Transfer-Printer\u200b-Details-3-768x792.webp 768w, https:\/\/www.aiyin.com\/wp-content\/uploads\/2025\/02\/Label-Thermal-Transfer-Printer\u200b-Details-3-600x618.webp 600w\" sizes=\"(max-width: 1242px) 100vw, 1242px\" \/><\/figure>\n\n\n\n<figure class=\"wp-block-image size-large\"><img decoding=\"async\" width=\"1242\" height=\"1280\" src=\"https:\/\/www.aiyin.com\/wp-content\/uploads\/2025\/02\/Label-Thermal-Transfer-Printer\u200b-Details-1-1242x1280.webp\" alt=\"Detalles de la impresora de etiquetas por transferencia t\u00e9rmica (1)\" class=\"wp-image-2162\" srcset=\"https:\/\/www.aiyin.com\/wp-content\/uploads\/2025\/02\/Label-Thermal-Transfer-Printer\u200b-Details-1-1242x1280.webp 1242w, https:\/\/www.aiyin.com\/wp-content\/uploads\/2025\/02\/Label-Thermal-Transfer-Printer\u200b-Details-1-768x792.webp 768w, https:\/\/www.aiyin.com\/wp-content\/uploads\/2025\/02\/Label-Thermal-Transfer-Printer\u200b-Details-1-600x618.webp 600w\" sizes=\"(max-width: 1242px) 100vw, 1242px\" \/><\/figure>\n\n\n\n<figure class=\"wp-block-image size-large\"><img decoding=\"async\" width=\"1242\" height=\"1280\" src=\"https:\/\/www.aiyin.com\/wp-content\/uploads\/2025\/02\/Label-Thermal-Transfer-Printer\u200b-Details-2-1242x1280.webp\" alt=\"Detalles de la impresora de etiquetas por transferencia t\u00e9rmica (2)\" class=\"wp-image-2163\" srcset=\"https:\/\/www.aiyin.com\/wp-content\/uploads\/2025\/02\/Label-Thermal-Transfer-Printer\u200b-Details-2-1242x1280.webp 1242w, https:\/\/www.aiyin.com\/wp-content\/uploads\/2025\/02\/Label-Thermal-Transfer-Printer\u200b-Details-2-768x792.webp 768w, https:\/\/www.aiyin.com\/wp-content\/uploads\/2025\/02\/Label-Thermal-Transfer-Printer\u200b-Details-2-600x618.webp 600w\" sizes=\"(max-width: 1242px) 100vw, 1242px\" \/><\/figure>","protected":false},"excerpt":{"rendered":"<p>Impresora de transferencia t\u00e9rmica de etiquetas al por mayor - AY320 \/ 320BT \/ 320P, apta para m\u00faltiples sistemas operativos como windows, mac os, android e ios, muy adecuada para su uso en diferentes entornos de trabajo, equipada con cabezales de impresi\u00f3n de alta calidad para garantizar una impresi\u00f3n clara y duradera, muy adecuada para necesidades de composici\u00f3n tipogr\u00e1fica a gran escala. Soporta OEM y ODM, p\u00f3ngase en contacto con nosotros para un presupuesto.<\/p>\n<h2>Caracter\u00edsticas de la impresora de etiquetas por transferencia t\u00e9rmica - AY320 \/ 320BT \/ 320P<\/h2>\n<div>\n<p><strong>Impresi\u00f3n de alta calidad:<\/strong> La impresora de etiquetas por termotransferencia es capaz de imprimir texto delicado y claro e im\u00e1genes con detalles n\u00edtidos.<\/p>\n<p><strong>Buena durabilidad:<\/strong> El texto y los c\u00f3digos de barras impresos por transferencia t\u00e9rmica son muy resistentes al desgaste y dif\u00edciles de despegar o deste\u00f1ir. Pueden utilizarse para imprimir etiquetas para ropa, etiquetas de lavado, etiquetas m\u00e9dicas, etiquetas de productos, etc.<\/p>\n<p><strong>Alta velocidad de impresi\u00f3n:<\/strong> La impresora de etiquetas por termotransferencia admite una velocidad m\u00e1xima de impresi\u00f3n de 180 mm\/s, lo que mejora notablemente la eficacia del trabajo y la hace id\u00f3nea para un lugar de trabajo r\u00e1pido y eficiente.<\/p>\n<p><strong>Dise\u00f1o robusto de sensores:<\/strong> Con varios sensores, como detecci\u00f3n de falta de papel y detecci\u00f3n de temperatura del cabezal de impresi\u00f3n, para un proceso de impresi\u00f3n fluido y reducci\u00f3n de fallos.<\/p>\n<p><strong>Interfaces de comunicaci\u00f3n m\u00faltiple:<\/strong> Ofrece m\u00faltiples interfaces de comunicaci\u00f3n, como USB, bluetooth (opcional), puerto serie y puerto de red, lo que resulta pr\u00e1ctico para conectar varios dispositivos y mejorar la flexibilidad operativa.<\/p>\n<\/div>","protected":false},"featured_media":2157,"comment_status":"closed","ping_status":"closed","template":"","meta":{"_acf_changed":false},"product_brand":[],"product_cat":[20],"product_tag":[],"class_list":{"0":"post-2147","1":"product","2":"type-product","3":"status-publish","4":"has-post-thumbnail","6":"product_cat-thermal-transfer-printer","7":"pa_industrial-grade-no","8":"pa_paper-bin-with-paper-bin","9":"pa_print-width-3-inches","11":"first","12":"instock","13":"shipping-taxable","14":"product-type-simple"},"acf":[],"_links":{"self":[{"href":"https:\/\/www.aiyin.com\/es\/wp-json\/wp\/v2\/product\/2147","targetHints":{"allow":["GET"]}}],"collection":[{"href":"https:\/\/www.aiyin.com\/es\/wp-json\/wp\/v2\/product"}],"about":[{"href":"https:\/\/www.aiyin.com\/es\/wp-json\/wp\/v2\/types\/product"}],"replies":[{"embeddable":true,"href":"https:\/\/www.aiyin.com\/es\/wp-json\/wp\/v2\/comments?post=2147"}],"wp:featuredmedia":[{"embeddable":true,"href":"https:\/\/www.aiyin.com\/es\/wp-json\/wp\/v2\/media\/2157"}],"wp:attachment":[{"href":"https:\/\/www.aiyin.com\/es\/wp-json\/wp\/v2\/media?parent=2147"}],"wp:term":[{"taxonomy":"product_brand","embeddable":true,"href":"https:\/\/www.aiyin.com\/es\/wp-json\/wp\/v2\/product_brand?post=2147"},{"taxonomy":"product_cat","embeddable":true,"href":"https:\/\/www.aiyin.com\/es\/wp-json\/wp\/v2\/product_cat?post=2147"},{"taxonomy":"product_tag","embeddable":true,"href":"https:\/\/www.aiyin.com\/es\/wp-json\/wp\/v2\/product_tag?post=2147"}],"curies":[{"name":"wp","href":"https:\/\/api.w.org\/{rel}","templated":true}]}}