{"id":2114,"date":"2025-02-23T11:37:57","date_gmt":"2025-02-23T11:37:57","guid":{"rendered":"https:\/\/www.jinghuaceramic.com\/?post_type=product&#038;p=2114"},"modified":"2025-08-16T06:15:51","modified_gmt":"2025-08-16T06:15:51","slug":"wholesale-portable-pocket-thermal-label-printer-q2","status":"publish","type":"product","link":"https:\/\/www.aiyin.com\/es\/product\/wholesale-portable-pocket-thermal-label-printer-q2\/","title":{"rendered":"Mayorista Impresora t\u00e9rmica de etiquetas de bolsillo port\u00e1til de 2 pulgadas - Q2, imprima r\u00e1pidamente fotos, c\u00f3digos de barras y notas"},"content":{"rendered":"<h2 class=\"wp-block-heading\">Detalles de la impresora t\u00e9rmica de etiquetas port\u00e1til de bolsillo - Q2<\/h2>\n\n\n\n<hr class=\"wp-block-separator has-alpha-channel-opacity\" \/>\n\n\n\n<figure class=\"wp-block-image size-large\"><img decoding=\"async\" width=\"905\" height=\"1280\" src=\"https:\/\/www.aiyin.com\/wp-content\/uploads\/2025\/02\/Q2-905x1280.webp\" alt=\"\" class=\"wp-image-4124\" srcset=\"https:\/\/www.aiyin.com\/wp-content\/uploads\/2025\/02\/Q2-905x1280.webp 905w, https:\/\/www.aiyin.com\/wp-content\/uploads\/2025\/02\/Q2-768x1086.webp 768w, https:\/\/www.aiyin.com\/wp-content\/uploads\/2025\/02\/Q2-600x849.webp 600w, https:\/\/www.aiyin.com\/wp-content\/uploads\/2025\/02\/Q2.webp 1722w\" sizes=\"(max-width: 905px) 100vw, 905px\" \/><\/figure>","protected":false},"excerpt":{"rendered":"<p>Impresora de etiquetas t\u00e9rmica de bolsillo port\u00e1til al por mayor, esta impresora de etiquetas peque\u00f1a y flexible es una gran ayuda en la vida diaria y un regalo maravilloso. Puede grabar e imprimir momentos preciosos en cualquier momento y en cualquier lugar, el apoyo a las fotos, notas, etiquetas, pegatinas, o las necesidades de impresi\u00f3n de emergencia cuando se viaja. AiYin ofrece servicios OEM y ODM, p\u00f3ngase en contacto con nosotros para obtener un presupuesto.<\/p>\n<h2>Caracter\u00edsticas de la impresora t\u00e9rmica de etiquetas port\u00e1til de bolsillo - Q2<\/h2>\n<div>\n<p><strong>F\u00e1cil de transportar:<\/strong> El tama\u00f1o de esta impresora t\u00e9rmica de etiquetas port\u00e1til es s\u00f3lo el de la palma de la mano, por lo que puede guardarse f\u00e1cilmente en el bolsillo. Admite conexi\u00f3n Bluetooth, lo que le permite imprimir sus preciadas fotos directamente desde su tel\u00e9fono m\u00f3vil en cualquier momento y lugar.<\/p>\n<p><strong>Impresi\u00f3n multifunci\u00f3n:<\/strong> La impresora t\u00e9rmica de etiquetas port\u00e1til puede imprimir fotos, etiquetas, pegatinas, notas y listas, etc., y puede utilizarse en diversas ocasiones, como el trabajo o los viajes.<\/p>\n<p><strong>Conexi\u00f3n r\u00e1pida:<\/strong> Esta impresora port\u00e1til para tel\u00e9fonos m\u00f3viles admite conexi\u00f3n r\u00e1pida por Bluetooth y se puede emparejar f\u00e1cilmente con un smartphone en 1 segundo. A trav\u00e9s de la aplicaci\u00f3n inteligente proporcionada por AiYin, puede imprimir etiquetas f\u00e1cilmente en su tel\u00e9fono m\u00f3vil.<\/p>\n<p><strong>Bater\u00eda de litio incorporada:<\/strong> La impresora t\u00e9rmica de etiquetas port\u00e1til lleva incorporada una bater\u00eda recargable de iones de litio de 1000 mAh, lo que evita el elevado coste que supone la sustituci\u00f3n frecuente de las bater\u00edas desechables.<\/p>\n<p><strong>Resoluci\u00f3n HD:<\/strong> Equipada con alta resoluci\u00f3n (203 ppp) y cabezal de impresi\u00f3n de alta calidad, garantiza que cada foto o etiqueta impresa sea clara y visible.<\/p>\n<\/div>","protected":false},"featured_media":4719,"comment_status":"closed","ping_status":"closed","template":"","meta":{"_acf_changed":false},"product_brand":[],"product_cat":[21],"product_tag":[],"class_list":{"0":"post-2114","1":"product","2":"type-product","3":"status-publish","4":"has-post-thumbnail","6":"product_cat-home-office-printer","7":"pa_function-mini-printer","8":"pa_print-width-2-inches","10":"first","11":"instock","12":"shipping-taxable","13":"product-type-simple"},"acf":[],"_links":{"self":[{"href":"https:\/\/www.aiyin.com\/es\/wp-json\/wp\/v2\/product\/2114","targetHints":{"allow":["GET"]}}],"collection":[{"href":"https:\/\/www.aiyin.com\/es\/wp-json\/wp\/v2\/product"}],"about":[{"href":"https:\/\/www.aiyin.com\/es\/wp-json\/wp\/v2\/types\/product"}],"replies":[{"embeddable":true,"href":"https:\/\/www.aiyin.com\/es\/wp-json\/wp\/v2\/comments?post=2114"}],"wp:featuredmedia":[{"embeddable":true,"href":"https:\/\/www.aiyin.com\/es\/wp-json\/wp\/v2\/media\/4719"}],"wp:attachment":[{"href":"https:\/\/www.aiyin.com\/es\/wp-json\/wp\/v2\/media?parent=2114"}],"wp:term":[{"taxonomy":"product_brand","embeddable":true,"href":"https:\/\/www.aiyin.com\/es\/wp-json\/wp\/v2\/product_brand?post=2114"},{"taxonomy":"product_cat","embeddable":true,"href":"https:\/\/www.aiyin.com\/es\/wp-json\/wp\/v2\/product_cat?post=2114"},{"taxonomy":"product_tag","embeddable":true,"href":"https:\/\/www.aiyin.com\/es\/wp-json\/wp\/v2\/product_tag?post=2114"}],"curies":[{"name":"wp","href":"https:\/\/api.w.org\/{rel}","templated":true}]}}