{"id":2050,"date":"2025-04-19T02:30:38","date_gmt":"2025-04-19T02:30:38","guid":{"rendered":"https:\/\/www.jinghuaceramic.com\/?post_type=product&#038;p=2050"},"modified":"2025-06-13T06:03:01","modified_gmt":"2025-06-13T06:03:01","slug":"wholesale-mini-portable-thermal-label-printer-d30-pro","status":"publish","type":"product","link":"https:\/\/www.aiyin.com\/es\/product\/wholesale-mini-portable-thermal-label-printer-d30-pro\/","title":{"rendered":"Mayorista Mini Impresora Port\u00e1til de Etiquetas T\u00e9rmicas de 0,5 pulgadas - D30 Pro, Admite Pegatinas, C\u00f3digos de Barras, C\u00f3digos QR y M\u00e1s"},"content":{"rendered":"<h2 class=\"wp-block-heading\">Detalles de la mini impresora t\u00e9rmica de etiquetas port\u00e1til - D30 Pro<\/h2>\n\n\n\n<hr class=\"wp-block-separator has-alpha-channel-opacity\"\/>\n\n\n\n<figure class=\"wp-block-image size-full\"><img decoding=\"async\" width=\"905\" height=\"1280\" src=\"https:\/\/www.aiyin.com\/wp-content\/uploads\/2025\/02\/Mini-Thermal-Label-Printer-D30-Pro-Details-1.webp\" alt=\"Mini impresora t\u00e9rmica de etiquetas D30 Pro Detalles (1)\" class=\"wp-image-4720\" srcset=\"https:\/\/www.aiyin.com\/wp-content\/uploads\/2025\/02\/Mini-Thermal-Label-Printer-D30-Pro-Details-1.webp 905w, https:\/\/www.aiyin.com\/wp-content\/uploads\/2025\/02\/Mini-Thermal-Label-Printer-D30-Pro-Details-1-768x1086.webp 768w, https:\/\/www.aiyin.com\/wp-content\/uploads\/2025\/02\/Mini-Thermal-Label-Printer-D30-Pro-Details-1-8x12.webp 8w, https:\/\/www.aiyin.com\/wp-content\/uploads\/2025\/02\/Mini-Thermal-Label-Printer-D30-Pro-Details-1-600x849.webp 600w\" sizes=\"(max-width: 905px) 100vw, 905px\" \/><\/figure>","protected":false},"excerpt":{"rendered":"<p>Mayorista de mini impresora de etiquetas t\u00e9rmica port\u00e1til - D30 pro, ayuda al usuario a mejorar la eficiencia de impresi\u00f3n de etiquetas, facilitar la gesti\u00f3n y el etiquetado de productos. El dise\u00f1o de aspecto compacto y soporte para conexi\u00f3n inal\u00e1mbrica bluetooth son muy adecuados para su uso en tel\u00e9fonos m\u00f3viles, en la oficina, o cuando se trabaja fuera. Apoyo oem y odm, p\u00f3ngase en contacto con nosotros para una cotizaci\u00f3n.<\/p>\n<h2>Caracter\u00edsticas de la mini impresora t\u00e9rmica de etiquetas port\u00e1til - D30 Pro<\/h2>\n<div>\n<p><strong>Conexi\u00f3n Bluetooth:<\/strong> La mini impresora t\u00e9rmica de etiquetas port\u00e1til D30\/D30 Pro admite conexi\u00f3n inal\u00e1mbrica Bluetooth. Descargue la aplicaci\u00f3n de AiYin y con\u00e9ctese a trav\u00e9s de Bluetooth para imprimir f\u00e1cilmente las etiquetas necesarias, mejorando en gran medida la comodidad de la oficina m\u00f3vil.<\/p>\n<p><strong>Funci\u00f3n de corte autom\u00e1tico del papel:<\/strong> El cortador de papel autom\u00e1tico integrado de la impresora t\u00e9rmica port\u00e1til de etiquetas D30\/D30 Pro Mini puede cortar autom\u00e1ticamente la etiqueta una vez finalizada la impresi\u00f3n, lo que garantiza una impresi\u00f3n limpia y profesional en todo momento, al tiempo que evita el corte manual y reduce el desperdicio de etiquetas.<\/p>\n<p><strong>Dise\u00f1o port\u00e1til:<\/strong> El dise\u00f1o ligero de la D30\/D30 Pro la hace perfecta para llevarla a todas partes, con un tama\u00f1o moderado que puede caber f\u00e1cilmente en una mochila o bolso.<\/p>\n<p><strong>Diversas opciones de color:<\/strong> D30\/D30 Pro ofrece una variedad de colores como el blanco, el verde y el rosa, lo que permite a los usuarios elegir el dispositivo adecuado seg\u00fan sus preferencias personales, apto para compras en supermercados y tiendas minoristas.<\/p>\n<p><strong>Apoyo a la aplicaci\u00f3n:<\/strong> D30\/D30 Pro puede utilizarse junto con aplicaciones para smartphone, lo que permite a los usuarios dise\u00f1ar y editar etiquetas con gran flexibilidad a trav\u00e9s de la aplicaci\u00f3n.<\/p>\n<\/div>","protected":false},"featured_media":4725,"comment_status":"closed","ping_status":"closed","template":"","meta":{"_acf_changed":true},"product_brand":[],"product_cat":[21],"product_tag":[],"class_list":{"0":"post-2050","1":"product","2":"type-product","3":"status-publish","4":"has-post-thumbnail","6":"product_cat-home-office-printer","7":"pa_function-home-label-maker","8":"pa_function-mini-printer","9":"pa_print-width-0-5-inches","11":"first","12":"instock","13":"shipping-taxable","14":"product-type-simple"},"acf":[],"_links":{"self":[{"href":"https:\/\/www.aiyin.com\/es\/wp-json\/wp\/v2\/product\/2050","targetHints":{"allow":["GET"]}}],"collection":[{"href":"https:\/\/www.aiyin.com\/es\/wp-json\/wp\/v2\/product"}],"about":[{"href":"https:\/\/www.aiyin.com\/es\/wp-json\/wp\/v2\/types\/product"}],"replies":[{"embeddable":true,"href":"https:\/\/www.aiyin.com\/es\/wp-json\/wp\/v2\/comments?post=2050"}],"wp:featuredmedia":[{"embeddable":true,"href":"https:\/\/www.aiyin.com\/es\/wp-json\/wp\/v2\/media\/4725"}],"wp:attachment":[{"href":"https:\/\/www.aiyin.com\/es\/wp-json\/wp\/v2\/media?parent=2050"}],"wp:term":[{"taxonomy":"product_brand","embeddable":true,"href":"https:\/\/www.aiyin.com\/es\/wp-json\/wp\/v2\/product_brand?post=2050"},{"taxonomy":"product_cat","embeddable":true,"href":"https:\/\/www.aiyin.com\/es\/wp-json\/wp\/v2\/product_cat?post=2050"},{"taxonomy":"product_tag","embeddable":true,"href":"https:\/\/www.aiyin.com\/es\/wp-json\/wp\/v2\/product_tag?post=2050"}],"curies":[{"name":"wp","href":"https:\/\/api.w.org\/{rel}","templated":true}]}}