{"id":2008,"date":"2025-04-19T02:20:43","date_gmt":"2025-04-19T02:20:43","guid":{"rendered":"https:\/\/www.jinghuaceramic.com\/?post_type=product&#038;p=2008"},"modified":"2025-06-13T05:57:01","modified_gmt":"2025-06-13T05:57:01","slug":"wholesale-portable-barcode-label-printer-b23","status":"publish","type":"product","link":"https:\/\/www.aiyin.com\/es\/product\/wholesale-portable-barcode-label-printer-b23\/","title":{"rendered":"Mayorista Impresora Port\u00e1til de Etiquetas de C\u00f3digo de Barras de 2 pulgadas - B23, AiYin Thermal Label Printer Manufacturer"},"content":{"rendered":"<h2 class=\"wp-block-heading\">Detalles de la impresora port\u00e1til de etiquetas de c\u00f3digos de barras - B23<\/h2>\n\n\n\n<hr class=\"wp-block-separator has-alpha-channel-opacity\" \/>\n\n\n\n<figure class=\"wp-block-image size-large\"><img decoding=\"async\" width=\"905\" height=\"1280\" src=\"https:\/\/www.aiyin.com\/wp-content\/uploads\/2025\/02\/B23\u8be6\u60c5\u9875-905x1280.webp\" alt=\"\" class=\"wp-image-3288\" srcset=\"https:\/\/www.aiyin.com\/wp-content\/uploads\/2025\/02\/B23\u8be6\u60c5\u9875-905x1280.webp 905w, https:\/\/www.aiyin.com\/wp-content\/uploads\/2025\/02\/B23\u8be6\u60c5\u9875-768x1087.webp 768w, https:\/\/www.aiyin.com\/wp-content\/uploads\/2025\/02\/B23\u8be6\u60c5\u9875-600x849.webp 600w\" sizes=\"(max-width: 905px) 100vw, 905px\" \/><\/figure>","protected":false},"excerpt":{"rendered":"<p>La impresora de etiquetas de c\u00f3digos de barras port\u00e1til para mayoristas puede utilizarse para imprimir r\u00e1pidamente c\u00f3digos de barras y c\u00f3digos QR, por lo que resulta id\u00f3nea para los sectores minorista y de entrega urgente. Y como impresora de etiquetas port\u00e1til dom\u00e9stica, la B23 puede imprimir f\u00e1cilmente sus im\u00e1genes y dise\u00f1os favoritos, ofreciendo a las familias infinitas posibilidades creativas para preservar y mostrar bellos momentos.<\/p>\n<h2>Caracter\u00edsticas de la impresora port\u00e1til de etiquetas de c\u00f3digos de barras - B23<\/h2>\n<div>\n<p><strong>C\u00f3moda conexi\u00f3n inal\u00e1mbrica:<\/strong> La impresora port\u00e1til de etiquetas de c\u00f3digos de barras B23 admite conexi\u00f3n Bluetooth, que no requiere cableado ni ajustes complejos, lo que mejora enormemente la flexibilidad y la comodidad de uso.<\/p>\n<p><strong>Impresi\u00f3n de alta calidad:<\/strong> B23 proporciona efectos de impresi\u00f3n de alta resoluci\u00f3n y puede imprimir con claridad diversos c\u00f3digos de barras, c\u00f3digos QR y contenido de texto.<\/p>\n<p><strong>F\u00e1cil de transportar:<\/strong> El dise\u00f1o compacto de la B23 hace que sea muy f\u00e1cil de transportar y trasladar. Puede guardar f\u00e1cilmente la impresora en un bolso o en el coche y completar la impresi\u00f3n de etiquetas en cualquier momento y lugar.<\/p>\n<p><strong>Adecuado para ni\u00f1os y familias:<\/strong> B23 se puede utilizar para imprimir varios patrones, ayudar a los ni\u00f1os a desarrollar la inteligencia y cultivar la creatividad, y puede grabar cada momento c\u00e1lido de la familia, permitiendo a toda la familia compartir momentos felices.<\/p>\n<p><strong>F\u00e1cil de manejar y configurar:<\/strong> El dise\u00f1o de la impresora port\u00e1til de etiquetas de c\u00f3digos de barras B23 se centra en la experiencia del usuario, la interfaz de funcionamiento es intuitiva y la aplicaci\u00f3n m\u00f3vil admite una instalaci\u00f3n r\u00e1pida. Cuando la utilice, solo tiene que seleccionar la plantilla de etiquetas que necesita imprimir.<\/p>\n<\/div>","protected":false},"featured_media":4452,"comment_status":"closed","ping_status":"closed","template":"","meta":{"_acf_changed":true},"product_brand":[],"product_cat":[21],"product_tag":[],"class_list":{"0":"post-2008","1":"product","2":"type-product","3":"status-publish","4":"has-post-thumbnail","6":"product_cat-home-office-printer","7":"pa_function-mini-printer","8":"pa_print-width-2-inches","10":"first","11":"instock","12":"shipping-taxable","13":"product-type-simple"},"acf":[],"_links":{"self":[{"href":"https:\/\/www.aiyin.com\/es\/wp-json\/wp\/v2\/product\/2008","targetHints":{"allow":["GET"]}}],"collection":[{"href":"https:\/\/www.aiyin.com\/es\/wp-json\/wp\/v2\/product"}],"about":[{"href":"https:\/\/www.aiyin.com\/es\/wp-json\/wp\/v2\/types\/product"}],"replies":[{"embeddable":true,"href":"https:\/\/www.aiyin.com\/es\/wp-json\/wp\/v2\/comments?post=2008"}],"wp:featuredmedia":[{"embeddable":true,"href":"https:\/\/www.aiyin.com\/es\/wp-json\/wp\/v2\/media\/4452"}],"wp:attachment":[{"href":"https:\/\/www.aiyin.com\/es\/wp-json\/wp\/v2\/media?parent=2008"}],"wp:term":[{"taxonomy":"product_brand","embeddable":true,"href":"https:\/\/www.aiyin.com\/es\/wp-json\/wp\/v2\/product_brand?post=2008"},{"taxonomy":"product_cat","embeddable":true,"href":"https:\/\/www.aiyin.com\/es\/wp-json\/wp\/v2\/product_cat?post=2008"},{"taxonomy":"product_tag","embeddable":true,"href":"https:\/\/www.aiyin.com\/es\/wp-json\/wp\/v2\/product_tag?post=2008"}],"curies":[{"name":"wp","href":"https:\/\/api.w.org\/{rel}","templated":true}]}}