{"id":2000,"date":"2025-02-25T15:00:54","date_gmt":"2025-02-25T15:00:54","guid":{"rendered":"https:\/\/www.jinghuaceramic.com\/?post_type=product&#038;p=2000"},"modified":"2025-06-09T09:40:06","modified_gmt":"2025-06-09T09:40:06","slug":"wholesale-2-inches-portable-bluetooth-label-printer-b22","status":"publish","type":"product","link":"https:\/\/www.aiyin.com\/es\/product\/wholesale-2-inches-portable-bluetooth-label-printer-b22\/","title":{"rendered":"Mayorista Impresora de Etiquetas Port\u00e1til Bluetooth de 2 pulgadas - B22, Soporta OEM y ODM"},"content":{"rendered":"<h2 class=\"wp-block-heading\">Detalles de la impresora port\u00e1til de etiquetas Bluetooth - B22 <\/h2>\n\n\n\n<hr class=\"wp-block-separator has-alpha-channel-opacity\"\/>\n\n\n\n<figure class=\"wp-block-image size-full\"><img decoding=\"async\" width=\"905\" height=\"1280\" src=\"https:\/\/www.aiyin.com\/wp-content\/uploads\/2025\/02\/B22-Portable-Bluetooth-Label-Printer-Details-1.webp\" alt=\"Impresora de etiquetas port\u00e1til Bluetooth B22 Detalles (1)\" class=\"wp-image-4714\" srcset=\"https:\/\/www.aiyin.com\/wp-content\/uploads\/2025\/02\/B22-Portable-Bluetooth-Label-Printer-Details-1.webp 905w, https:\/\/www.aiyin.com\/wp-content\/uploads\/2025\/02\/B22-Portable-Bluetooth-Label-Printer-Details-1-768x1086.webp 768w, https:\/\/www.aiyin.com\/wp-content\/uploads\/2025\/02\/B22-Portable-Bluetooth-Label-Printer-Details-1-8x12.webp 8w, https:\/\/www.aiyin.com\/wp-content\/uploads\/2025\/02\/B22-Portable-Bluetooth-Label-Printer-Details-1-600x849.webp 600w\" sizes=\"(max-width: 905px) 100vw, 905px\" \/><\/figure>","protected":false},"excerpt":{"rendered":"<p>Impresora de etiquetas Bluetooth port\u00e1til al por mayor, adecuada para el uso diario y la oficina en casa, esta impresora de etiquetas puede proporcionar servicios de impresi\u00f3n de etiquetas eficientes y claros, funci\u00f3n Bluetooth incorporada, para que los usuarios puedan utilizar tel\u00e9fonos m\u00f3viles para completar r\u00e1pidamente las tareas de impresi\u00f3n en cualquier momento y en cualquier lugar. Ofrecemos servicios de impresora de etiquetas al por mayor para satisfacer las necesidades de compra al por mayor, p\u00f3ngase en contacto con nosotros para una cotizaci\u00f3n.<\/p>\n<h2>Caracter\u00edsticas de la impresora port\u00e1til de etiquetas Bluetooth - B22<\/h2>\n<div>\n<p><strong>M\u00faltiples plantillas de impresi\u00f3n:<\/strong> El fabricante de impresoras de etiquetas AiYin proporciona una aplicaci\u00f3n operativa, proporcionando una variedad de opciones de plantillas, c\u00f3digos de barras, etiquetas de direcciones, patrones creativos y texto personalizado, esta impresora puede manejar f\u00e1cilmente.<\/p>\n<p><strong>Conexi\u00f3n inal\u00e1mbrica Bluetooth:<\/strong> Funci\u00f3n Bluetooth incorporada, admite conexi\u00f3n inal\u00e1mbrica, lo que permite a los usuarios imprimir en cualquier lugar a trav\u00e9s de smartphones u otros dispositivos, y completar las tareas de impresi\u00f3n en cualquier momento y lugar.<\/p>\n<p><strong>F\u00e1cil de transportar:<\/strong> Impresora de etiquetas Bluetooth port\u00e1til - B22 es peque\u00f1a y ligera, s\u00f3lo pesa 136 gramos, y los usuarios pueden meterla f\u00e1cilmente en un bolso o llevarla consigo.<\/p>\n<p><strong>Alta resoluci\u00f3n:<\/strong> Proporciona una alta resoluci\u00f3n de impresi\u00f3n de 203 ppp para garantizar la finura y claridad del contenido impreso, lo que resulta muy adecuado para imprimir c\u00f3digos de barras o patrones sutiles.<\/p>\n<p><strong>Admite varios tipos de papel:<\/strong> Impresora port\u00e1til Bluetooth de etiquetas - B22 admite diferentes tipos de papel, como papel de recibos, papel de etiquetas, etc., para adaptarse a una gran variedad de escenarios.<\/p>\n<\/div>","protected":false},"featured_media":4713,"comment_status":"closed","ping_status":"closed","template":"","meta":{"_acf_changed":true},"product_brand":[],"product_cat":[21],"product_tag":[],"class_list":{"0":"post-2000","1":"product","2":"type-product","3":"status-publish","4":"has-post-thumbnail","6":"product_cat-home-office-printer","7":"pa_function-mini-printer","8":"pa_print-width-2-inches","10":"first","11":"instock","12":"shipping-taxable","13":"product-type-simple"},"acf":[],"_links":{"self":[{"href":"https:\/\/www.aiyin.com\/es\/wp-json\/wp\/v2\/product\/2000","targetHints":{"allow":["GET"]}}],"collection":[{"href":"https:\/\/www.aiyin.com\/es\/wp-json\/wp\/v2\/product"}],"about":[{"href":"https:\/\/www.aiyin.com\/es\/wp-json\/wp\/v2\/types\/product"}],"replies":[{"embeddable":true,"href":"https:\/\/www.aiyin.com\/es\/wp-json\/wp\/v2\/comments?post=2000"}],"wp:featuredmedia":[{"embeddable":true,"href":"https:\/\/www.aiyin.com\/es\/wp-json\/wp\/v2\/media\/4713"}],"wp:attachment":[{"href":"https:\/\/www.aiyin.com\/es\/wp-json\/wp\/v2\/media?parent=2000"}],"wp:term":[{"taxonomy":"product_brand","embeddable":true,"href":"https:\/\/www.aiyin.com\/es\/wp-json\/wp\/v2\/product_brand?post=2000"},{"taxonomy":"product_cat","embeddable":true,"href":"https:\/\/www.aiyin.com\/es\/wp-json\/wp\/v2\/product_cat?post=2000"},{"taxonomy":"product_tag","embeddable":true,"href":"https:\/\/www.aiyin.com\/es\/wp-json\/wp\/v2\/product_tag?post=2000"}],"curies":[{"name":"wp","href":"https:\/\/api.w.org\/{rel}","templated":true}]}}