{"id":1954,"date":"2025-02-23T15:53:28","date_gmt":"2025-02-23T15:53:28","guid":{"rendered":"https:\/\/www.jinghuaceramic.com\/?post_type=product&#038;p=1954"},"modified":"2025-06-09T10:02:44","modified_gmt":"2025-06-09T10:02:44","slug":"cute-2-inches-post-it-note-printer-b21","status":"publish","type":"product","link":"https:\/\/www.aiyin.com\/es\/product\/cute-2-inches-post-it-note-printer-b21\/","title":{"rendered":"Lindo 2 pulgadas Post-It Note Impresora - B21, Peque\u00f1a Impresora de etiquetas al por mayor, Adecuado para Supermark, Oficina, Cocina Clasificaci\u00f3n"},"content":{"rendered":"<h2 class=\"wp-block-heading\">Detalles de la bonita impresora de notas Post-It - B21<\/h2>\n\n\n\n<hr class=\"wp-block-separator has-alpha-channel-opacity\" \/>\n\n\n\n<figure class=\"wp-block-image size-large\"><img decoding=\"async\" width=\"905\" height=\"1280\" src=\"https:\/\/www.aiyin.com\/wp-content\/uploads\/2025\/02\/Post-It-Note-Printer-Details-1-905x1280.webp\" alt=\"Detalles de la impresora Post-It Note (1)\" class=\"wp-image-1960\" srcset=\"https:\/\/www.aiyin.com\/wp-content\/uploads\/2025\/02\/Post-It-Note-Printer-Details-1-905x1280.webp 905w, https:\/\/www.aiyin.com\/wp-content\/uploads\/2025\/02\/Post-It-Note-Printer-Details-1-768x1086.webp 768w, https:\/\/www.aiyin.com\/wp-content\/uploads\/2025\/02\/Post-It-Note-Printer-Details-1-600x849.webp 600w\" sizes=\"(max-width: 905px) 100vw, 905px\" \/><\/figure>\n\n\n\n<figure class=\"wp-block-image size-large\"><img decoding=\"async\" width=\"905\" height=\"1280\" src=\"https:\/\/www.aiyin.com\/wp-content\/uploads\/2025\/02\/Post-It-Note-Printer-Details-2-905x1280.webp\" alt=\"Detalles de la impresora de notas Post-It (2)\" class=\"wp-image-1961\" srcset=\"https:\/\/www.aiyin.com\/wp-content\/uploads\/2025\/02\/Post-It-Note-Printer-Details-2-905x1280.webp 905w, https:\/\/www.aiyin.com\/wp-content\/uploads\/2025\/02\/Post-It-Note-Printer-Details-2-768x1086.webp 768w, https:\/\/www.aiyin.com\/wp-content\/uploads\/2025\/02\/Post-It-Note-Printer-Details-2-600x849.webp 600w\" sizes=\"(max-width: 905px) 100vw, 905px\" \/><\/figure>","protected":false},"excerpt":{"rendered":"<p>Mayorista de 2 pulgadas Post-It Note Printer, esta impresora de etiquetas es f\u00e1cil de operar y puede imprimir f\u00e1cilmente notas, etiquetas, etiquetas de precios, etc a trav\u00e9s de su tel\u00e9fono m\u00f3vil. Puede completar f\u00e1cilmente tareas como la clasificaci\u00f3n de art\u00edculos de cocina, marcado de documentos de oficina, e impresi\u00f3n de etiquetas de productos de supermercado, y resolver eficientemente las necesidades de impresi\u00f3n de etiquetas de los usuarios. AiYin admite OEM y ODM, p\u00f3ngase en contacto con nosotros para obtener un presupuesto.<\/p>\n<h2>Caracter\u00edsticas de la impresora de notas Post-It de 2 pulgadas - B21<\/h2>\n<div>\n<p><strong>F\u00e1cil de transportar:<\/strong> La impresora de notas Post-It - B21 es compacta, f\u00e1cil de transportar y guardar, no ocupa espacio y es muy adecuada para uso dom\u00e9stico y en peque\u00f1as oficinas.<\/p>\n<p><strong>Impresi\u00f3n multifuncional de etiquetas:<\/strong> La impresora de notas Post-It - B21 no s\u00f3lo puede imprimir notas, sino tambi\u00e9n imprimir diversas etiquetas, como etiquetas de productos, etiquetas de precios, etiquetas de clasificaci\u00f3n de inventario, etc., para satisfacer las necesidades de supermercados, tiendas, cocinas y otros escenarios.<\/p>\n<p><strong>F\u00e1cil manejo:<\/strong> El funcionamiento es sencillo e intuitivo. Los usuarios solo tienen que conectar sus tel\u00e9fonos m\u00f3viles mediante Bluetooth y seleccionar o personalizar plantillas para imprimir r\u00e1pidamente.<\/p>\n<p><strong>Eficacia y precisi\u00f3n:<\/strong> Cada impresi\u00f3n puede garantizar una alta resoluci\u00f3n, fuentes claras y finas, y se puede imprimir texto y patrones precisos incluso en etiquetas de peque\u00f1o tama\u00f1o.<\/p>\n<p><strong>Ahorre tiempo y dinero:<\/strong> Imprima etiquetas r\u00e1pidamente, reduzca el tiempo y el coste del registro manual o de las etiquetas escritas a mano y mejore la eficacia y la precisi\u00f3n del trabajo.<\/p>\n<\/div>","protected":false},"featured_media":4718,"comment_status":"closed","ping_status":"closed","template":"","meta":{"_acf_changed":true},"product_brand":[],"product_cat":[21],"product_tag":[],"class_list":{"0":"post-1954","1":"product","2":"type-product","3":"status-publish","4":"has-post-thumbnail","6":"product_cat-home-office-printer","7":"pa_function-mini-printer","8":"pa_print-width-2-inches","10":"first","11":"instock","12":"shipping-taxable","13":"product-type-simple"},"acf":[],"_links":{"self":[{"href":"https:\/\/www.aiyin.com\/es\/wp-json\/wp\/v2\/product\/1954","targetHints":{"allow":["GET"]}}],"collection":[{"href":"https:\/\/www.aiyin.com\/es\/wp-json\/wp\/v2\/product"}],"about":[{"href":"https:\/\/www.aiyin.com\/es\/wp-json\/wp\/v2\/types\/product"}],"replies":[{"embeddable":true,"href":"https:\/\/www.aiyin.com\/es\/wp-json\/wp\/v2\/comments?post=1954"}],"wp:featuredmedia":[{"embeddable":true,"href":"https:\/\/www.aiyin.com\/es\/wp-json\/wp\/v2\/media\/4718"}],"wp:attachment":[{"href":"https:\/\/www.aiyin.com\/es\/wp-json\/wp\/v2\/media?parent=1954"}],"wp:term":[{"taxonomy":"product_brand","embeddable":true,"href":"https:\/\/www.aiyin.com\/es\/wp-json\/wp\/v2\/product_brand?post=1954"},{"taxonomy":"product_cat","embeddable":true,"href":"https:\/\/www.aiyin.com\/es\/wp-json\/wp\/v2\/product_cat?post=1954"},{"taxonomy":"product_tag","embeddable":true,"href":"https:\/\/www.aiyin.com\/es\/wp-json\/wp\/v2\/product_tag?post=1954"}],"curies":[{"name":"wp","href":"https:\/\/api.w.org\/{rel}","templated":true}]}}