{"id":1924,"date":"2025-02-20T09:40:35","date_gmt":"2025-02-20T09:40:35","guid":{"rendered":"https:\/\/www.jinghuaceramic.com\/?post_type=product&#038;p=1924"},"modified":"2025-06-16T01:07:27","modified_gmt":"2025-06-16T01:07:27","slug":"wholesale-thermal-tattoo-printer-a40s","status":"publish","type":"product","link":"https:\/\/www.aiyin.com\/es\/product\/wholesale-thermal-tattoo-printer-a40s\/","title":{"rendered":"Mayorista de Impresoras t\u00e9rmicas para tatuajes - A40s, Proporcione abundantes plantillas"},"content":{"rendered":"<h2 class=\"wp-block-heading\">Detalles de la impresora t\u00e9rmica de tatuajes - A40s<\/h2>\n\n\n\n<hr class=\"wp-block-separator has-alpha-channel-opacity\" \/>\n\n\n\n<figure class=\"wp-block-image size-large\"><img decoding=\"async\" width=\"905\" height=\"1280\" src=\"https:\/\/www.aiyin.com\/wp-content\/uploads\/2025\/02\/Thermal-Tattoo-Printer-A40s-Details-1-905x1280.webp\" alt=\"Impresora t\u00e9rmica de tatuajes A40s Detalles (1)\" class=\"wp-image-1938\" srcset=\"https:\/\/www.aiyin.com\/wp-content\/uploads\/2025\/02\/Thermal-Tattoo-Printer-A40s-Details-1-905x1280.webp 905w, https:\/\/www.aiyin.com\/wp-content\/uploads\/2025\/02\/Thermal-Tattoo-Printer-A40s-Details-1-768x1086.webp 768w, https:\/\/www.aiyin.com\/wp-content\/uploads\/2025\/02\/Thermal-Tattoo-Printer-A40s-Details-1-600x848.webp 600w, https:\/\/www.aiyin.com\/wp-content\/uploads\/2025\/02\/Thermal-Tattoo-Printer-A40s-Details-1.webp 1654w\" sizes=\"(max-width: 905px) 100vw, 905px\" \/><\/figure>\n\n\n\n<figure class=\"wp-block-image size-large\"><img decoding=\"async\" width=\"905\" height=\"1280\" src=\"https:\/\/www.aiyin.com\/wp-content\/uploads\/2025\/02\/Thermal-Tattoo-Printer-A40s-Details-2-905x1280.webp\" alt=\"Impresora t\u00e9rmica de tatuajes A40s Detalles (2)\" class=\"wp-image-1939\" srcset=\"https:\/\/www.aiyin.com\/wp-content\/uploads\/2025\/02\/Thermal-Tattoo-Printer-A40s-Details-2-905x1280.webp 905w, https:\/\/www.aiyin.com\/wp-content\/uploads\/2025\/02\/Thermal-Tattoo-Printer-A40s-Details-2-768x1086.webp 768w, https:\/\/www.aiyin.com\/wp-content\/uploads\/2025\/02\/Thermal-Tattoo-Printer-A40s-Details-2-600x848.webp 600w, https:\/\/www.aiyin.com\/wp-content\/uploads\/2025\/02\/Thermal-Tattoo-Printer-A40s-Details-2.webp 1654w\" sizes=\"(max-width: 905px) 100vw, 905px\" \/><\/figure>","protected":false},"excerpt":{"rendered":"<p>Mayorista impresora t\u00e9rmica de tatuajes A40s, dise\u00f1ado para el tatuaje r\u00e1pido. Esta impresora t\u00e9rmica del tatuaje no s\u00f3lo es compatible con la impresi\u00f3n de alta velocidad y alta resoluci\u00f3n, sino que tambi\u00e9n proporciona una rica biblioteca de plantillas de tatuaje, f\u00e1cil de operar, y puede seleccionar r\u00e1pidamente e imprimir patrones de dise\u00f1o en la App. Ofrecemos servicios profesionales al por mayor y opciones personalizadas, p\u00f3ngase en contacto con nosotros para obtener un presupuesto.<\/p>\n<h2>Caracter\u00edsticas de la impresora t\u00e9rmica de tatuajes - A40s<\/h2>\n<div>\n<p><strong>Impresi\u00f3n de alta velocidad:<\/strong> La impresora t\u00e9rmica de tatuajes A40s puede imprimir r\u00e1pidamente dise\u00f1os de tatuajes de alta definici\u00f3n, ayudando a los usuarios a ahorrar tiempo y crear r\u00e1pidamente los mejores resultados.<\/p>\n<p><strong>Amplia biblioteca de plantillas:<\/strong> A40s proporciona una rica plantilla de tatuaje, que es conveniente para los usuarios seleccionar e imprimir varios patrones para satisfacer las necesidades de diferentes clientes.<\/p>\n<p><strong>F\u00e1cil de usar:<\/strong> AiYin proporciona control App de impresoras t\u00e9rmicas de tatuajes, con una interfaz de operaci\u00f3n simple, los usuarios pueden configurar y controlar f\u00e1cilmente el proceso de impresi\u00f3n, reduciendo la complejidad de la operaci\u00f3n.<\/p>\n<p><strong>Efecto de impresi\u00f3n de alta definici\u00f3n:<\/strong> El efecto de impresi\u00f3n de alta resoluci\u00f3n garantiza que cada dise\u00f1o de tatuaje pueda presentarse con detalle y claridad, reduciendo la posibilidad de que aparezcan motivos borrosos.<\/p>\n<p><strong>Fiable y duradero:<\/strong> El producto ha superado m\u00faltiples certificaciones internacionales como CE, ISO, UKCA, etc., y ofrece un servicio posventa profesional.<\/p>\n<\/div>","protected":false},"featured_media":2911,"comment_status":"closed","ping_status":"closed","template":"","meta":{"_acf_changed":true},"product_brand":[],"product_cat":[21],"product_tag":[],"class_list":{"0":"post-1924","1":"product","2":"type-product","3":"status-publish","4":"has-post-thumbnail","6":"product_cat-home-office-printer","7":"pa_function-tattoo-stencil-printer","8":"pa_print-width-8-inches","10":"first","11":"instock","12":"shipping-taxable","13":"product-type-simple"},"acf":[],"_links":{"self":[{"href":"https:\/\/www.aiyin.com\/es\/wp-json\/wp\/v2\/product\/1924","targetHints":{"allow":["GET"]}}],"collection":[{"href":"https:\/\/www.aiyin.com\/es\/wp-json\/wp\/v2\/product"}],"about":[{"href":"https:\/\/www.aiyin.com\/es\/wp-json\/wp\/v2\/types\/product"}],"replies":[{"embeddable":true,"href":"https:\/\/www.aiyin.com\/es\/wp-json\/wp\/v2\/comments?post=1924"}],"wp:featuredmedia":[{"embeddable":true,"href":"https:\/\/www.aiyin.com\/es\/wp-json\/wp\/v2\/media\/2911"}],"wp:attachment":[{"href":"https:\/\/www.aiyin.com\/es\/wp-json\/wp\/v2\/media?parent=1924"}],"wp:term":[{"taxonomy":"product_brand","embeddable":true,"href":"https:\/\/www.aiyin.com\/es\/wp-json\/wp\/v2\/product_brand?post=1924"},{"taxonomy":"product_cat","embeddable":true,"href":"https:\/\/www.aiyin.com\/es\/wp-json\/wp\/v2\/product_cat?post=1924"},{"taxonomy":"product_tag","embeddable":true,"href":"https:\/\/www.aiyin.com\/es\/wp-json\/wp\/v2\/product_tag?post=1924"}],"curies":[{"name":"wp","href":"https:\/\/api.w.org\/{rel}","templated":true}]}}