{"id":1899,"date":"2025-02-21T15:10:02","date_gmt":"2025-02-21T15:10:02","guid":{"rendered":"https:\/\/www.jinghuaceramic.com\/?post_type=product&#038;p=1899"},"modified":"2025-06-16T01:03:53","modified_gmt":"2025-06-16T01:03:53","slug":"wholesale-a4-portable-thermal-printer-a4l-a4l-pro","status":"publish","type":"product","link":"https:\/\/www.aiyin.com\/es\/product\/wholesale-a4-portable-thermal-printer-a4l-a4l-pro\/","title":{"rendered":"Mayorista Impresora T\u00e9rmica Port\u00e1til A4 - A4L\/A4L Pro , Soporta USB, Bluetooth, Oferta Editar Software"},"content":{"rendered":"<h2 class=\"wp-block-heading\">Detalles de la impresora t\u00e9rmica port\u00e1til A4 - A4L\/A4L Pro<\/h2>\n\n\n\n<hr class=\"wp-block-separator has-alpha-channel-opacity\"\/>\n\n\n\n<figure class=\"wp-block-image size-large\"><img decoding=\"async\" width=\"905\" height=\"1280\" src=\"https:\/\/www.aiyin.com\/wp-content\/uploads\/2025\/02\/A4L-905x1280.webp\" alt=\"\" class=\"wp-image-4119\" srcset=\"https:\/\/www.aiyin.com\/wp-content\/uploads\/2025\/02\/A4L-905x1280.webp 905w, https:\/\/www.aiyin.com\/wp-content\/uploads\/2025\/02\/A4L-768x1086.webp 768w, https:\/\/www.aiyin.com\/wp-content\/uploads\/2025\/02\/A4L-600x849.webp 600w, https:\/\/www.aiyin.com\/wp-content\/uploads\/2025\/02\/A4L.webp 1722w\" sizes=\"(max-width: 905px) 100vw, 905px\" \/><\/figure>","protected":false},"excerpt":{"rendered":"<p>Impresora t\u00e9rmica port\u00e1til A4 al por mayor, adecuada para todo tipo de oficinas dom\u00e9sticas y peque\u00f1as empresas. Esta impresora t\u00e9rmica tiene una eficiente funci\u00f3n de impresi\u00f3n inal\u00e1mbrica, un c\u00f3modo ajuste del ancho del papel y una bater\u00eda de larga duraci\u00f3n, que puede satisfacer las necesidades de diferentes tareas. A4L\/A4L Pro puede proporcionar resultados de impresi\u00f3n claros y r\u00e1pidos. Y soporta la compatibilidad multidispositivo, que es la mejor opci\u00f3n para el uso diario en el hogar y la oficina. Soporta OEM y ODM, p\u00f3ngase en contacto con nosotros para un presupuesto.<\/p>\n<h2>Caracter\u00edsticas de la impresora t\u00e9rmica port\u00e1til A4 - A4L\/A4L Pro<\/h2>\n<div>\n<p><strong>Impresi\u00f3n sin tinta:<\/strong> Gracias a la tecnolog\u00eda de impresi\u00f3n t\u00e9rmica, no es necesario sustituir los cartuchos de tinta ni las cintas, lo que elimina los problemas de sustituci\u00f3n y mantenimiento de la tinta, por lo que resulta muy adecuada para el uso diario en la oficina dom\u00e9stica.<\/p>\n<p><strong>Compatibilidad con aplicaciones:<\/strong> Los usuarios pueden descargar las aplicaciones de AiYin desde plataformas como App Store y Google Play para gestionar f\u00e1cilmente las tareas de impresi\u00f3n.<\/p>\n<p><strong>Bater\u00eda de larga duraci\u00f3n:<\/strong> La impresora t\u00e9rmica port\u00e1til tiene una bater\u00eda de 2600 mAh de capacidad, lo que garantiza un uso prolongado y permite realizar f\u00e1cilmente diversas tareas dom\u00e9sticas y de oficina.<\/p>\n<p><strong>C\u00f3modo ajuste de la anchura del papel:<\/strong> Admite ajuste de anchura de papel de 56 mm a 216 mm para adaptarse a distintos tama\u00f1os de etiquetas y recibos.<\/p>\n<p><strong>Impresi\u00f3n de alta velocidad y alta definici\u00f3n:<\/strong> La velocidad de impresi\u00f3n puede alcanzar los 18 mm\/s (m\u00e1ximo) y la resoluci\u00f3n es de 203 ppp (A4L) o 300 ppp (A4L Pro), lo que garantiza una impresi\u00f3n clara y eficaz.<\/p>\n<\/div>","protected":false},"featured_media":4094,"comment_status":"closed","ping_status":"closed","template":"","meta":{"_acf_changed":true},"product_brand":[],"product_cat":[21],"product_tag":[],"class_list":{"0":"post-1899","1":"product","2":"type-product","3":"status-publish","4":"has-post-thumbnail","6":"product_cat-home-office-printer","7":"pa_function-letter-a4-thermal-printer","8":"pa_print-width-8-inches","10":"first","11":"instock","12":"shipping-taxable","13":"product-type-simple"},"acf":[],"_links":{"self":[{"href":"https:\/\/www.aiyin.com\/es\/wp-json\/wp\/v2\/product\/1899","targetHints":{"allow":["GET"]}}],"collection":[{"href":"https:\/\/www.aiyin.com\/es\/wp-json\/wp\/v2\/product"}],"about":[{"href":"https:\/\/www.aiyin.com\/es\/wp-json\/wp\/v2\/types\/product"}],"replies":[{"embeddable":true,"href":"https:\/\/www.aiyin.com\/es\/wp-json\/wp\/v2\/comments?post=1899"}],"wp:featuredmedia":[{"embeddable":true,"href":"https:\/\/www.aiyin.com\/es\/wp-json\/wp\/v2\/media\/4094"}],"wp:attachment":[{"href":"https:\/\/www.aiyin.com\/es\/wp-json\/wp\/v2\/media?parent=1899"}],"wp:term":[{"taxonomy":"product_brand","embeddable":true,"href":"https:\/\/www.aiyin.com\/es\/wp-json\/wp\/v2\/product_brand?post=1899"},{"taxonomy":"product_cat","embeddable":true,"href":"https:\/\/www.aiyin.com\/es\/wp-json\/wp\/v2\/product_cat?post=1899"},{"taxonomy":"product_tag","embeddable":true,"href":"https:\/\/www.aiyin.com\/es\/wp-json\/wp\/v2\/product_tag?post=1899"}],"curies":[{"name":"wp","href":"https:\/\/api.w.org\/{rel}","templated":true}]}}