{"id":1881,"date":"2025-02-12T09:48:40","date_gmt":"2025-02-12T09:48:40","guid":{"rendered":"https:\/\/www.jinghuaceramic.com\/?post_type=product&#038;p=1881"},"modified":"2025-06-14T02:19:50","modified_gmt":"2025-06-14T02:19:50","slug":"wholesale-4-inches-portable-wifi-label-printer","status":"publish","type":"product","link":"https:\/\/www.aiyin.com\/es\/product\/wholesale-4-inches-portable-wifi-label-printer\/","title":{"rendered":"Mayorista Impresora de etiquetas Wifi port\u00e1til de 4 pulgadas - MP241, Dise\u00f1o ligero, Adecuada para m\u00faltiples escenarios"},"content":{"rendered":"<h2 class=\"wp-block-heading\">Detalles de la Impresora de etiquetas Wifi port\u00e1til - MP241<\/h2>\n\n\n\n<hr class=\"wp-block-separator has-alpha-channel-opacity\" \/>\n\n\n\n<figure class=\"wp-block-image size-large\"><img decoding=\"async\" width=\"1256\" height=\"1280\" src=\"https:\/\/www.aiyin.com\/wp-content\/uploads\/2025\/02\/Portable-Wifi-Label-Printer-Details-1-1256x1280.webp\" alt=\"Impresora de etiquetas Wifi port\u00e1til Detalles (1)\" class=\"wp-image-1882\" srcset=\"https:\/\/www.aiyin.com\/wp-content\/uploads\/2025\/02\/Portable-Wifi-Label-Printer-Details-1-1256x1280.webp 1256w, https:\/\/www.aiyin.com\/wp-content\/uploads\/2025\/02\/Portable-Wifi-Label-Printer-Details-1-768x783.webp 768w, https:\/\/www.aiyin.com\/wp-content\/uploads\/2025\/02\/Portable-Wifi-Label-Printer-Details-1-600x611.webp 600w\" sizes=\"(max-width: 1256px) 100vw, 1256px\" \/><\/figure>","protected":false},"excerpt":{"rendered":"<p>Mayorista Impresora de etiquetas Wi-Fi port\u00e1til MP241 de 4 pulgadas, soporta conexi\u00f3n inal\u00e1mbrica Wi-Fi y Bluetooth, impresi\u00f3n eficiente y estable. Bajo costo y alta eficiencia, ampliamente utilizado en el comercio minorista, log\u00edstica, almacenamiento y otras industrias. Soporta servicio personalizado de impresora de etiquetas, bienvenido a contactarnos para cotizar.<\/p>\n<h2>Caracter\u00edsticas de la impresora de etiquetas WiFi port\u00e1til de 4 pulgadas - MP241<\/h2>\n<div>\n<p><strong>Dise\u00f1o ligero:<\/strong> La impresora de etiquetas WiFi port\u00e1til MP241 adopta un dise\u00f1o ligero, f\u00e1cil de transportar y adecuado para su uso en diferentes situaciones, ya sea una oficina, un almac\u00e9n o un entorno de trabajo m\u00f3vil.<\/p>\n<p><strong>Conexi\u00f3n inal\u00e1mbrica:<\/strong> La MP241 admite conexi\u00f3n Wi-Fi y Bluetooth. Los usuarios pueden imprimir f\u00e1cilmente de forma remota a trav\u00e9s de tel\u00e9fonos m\u00f3viles u ordenadores para mejorar la eficiencia en el trabajo.<\/p>\n<p><strong>Dise\u00f1o que ahorra energ\u00eda:<\/strong> La bater\u00eda integrada de alto rendimiento con funci\u00f3n de ahorro de energ\u00eda garantiza un uso prolongado sin necesidad de cargas frecuentes, lo que resulta muy adecuado para entornos de trabajo de alta intensidad.<\/p>\n<p><strong>Compatible con varias etiquetas:<\/strong> Admite m\u00faltiples especificaciones de etiquetas para satisfacer las necesidades de impresi\u00f3n de etiquetas de distintos tama\u00f1os y formas, flexibles y variables.<\/p>\n<p><strong>Servicios OEM y ODM:<\/strong> AIYIN ofrece servicios integrales de impresi\u00f3n de etiquetas personalizadas, incluidos el tama\u00f1o de la etiqueta, el aspecto de la marca, las funciones, el soporte de software y la personalizaci\u00f3n del embalaje.<\/p>\n<\/div>","protected":false},"featured_media":1884,"comment_status":"closed","ping_status":"closed","template":"","meta":{"_acf_changed":true},"product_brand":[],"product_cat":[22],"product_tag":[],"class_list":{"0":"post-1881","1":"product","2":"type-product","3":"status-publish","4":"has-post-thumbnail","6":"product_cat-business-label-printer","7":"pa_print-width-4-inches","9":"first","10":"instock","11":"shipping-taxable","12":"product-type-simple"},"acf":[],"_links":{"self":[{"href":"https:\/\/www.aiyin.com\/es\/wp-json\/wp\/v2\/product\/1881","targetHints":{"allow":["GET"]}}],"collection":[{"href":"https:\/\/www.aiyin.com\/es\/wp-json\/wp\/v2\/product"}],"about":[{"href":"https:\/\/www.aiyin.com\/es\/wp-json\/wp\/v2\/types\/product"}],"replies":[{"embeddable":true,"href":"https:\/\/www.aiyin.com\/es\/wp-json\/wp\/v2\/comments?post=1881"}],"wp:featuredmedia":[{"embeddable":true,"href":"https:\/\/www.aiyin.com\/es\/wp-json\/wp\/v2\/media\/1884"}],"wp:attachment":[{"href":"https:\/\/www.aiyin.com\/es\/wp-json\/wp\/v2\/media?parent=1881"}],"wp:term":[{"taxonomy":"product_brand","embeddable":true,"href":"https:\/\/www.aiyin.com\/es\/wp-json\/wp\/v2\/product_brand?post=1881"},{"taxonomy":"product_cat","embeddable":true,"href":"https:\/\/www.aiyin.com\/es\/wp-json\/wp\/v2\/product_cat?post=1881"},{"taxonomy":"product_tag","embeddable":true,"href":"https:\/\/www.aiyin.com\/es\/wp-json\/wp\/v2\/product_tag?post=1881"}],"curies":[{"name":"wp","href":"https:\/\/api.w.org\/{rel}","templated":true}]}}