{"id":1872,"date":"2025-02-13T09:02:14","date_gmt":"2025-02-13T09:02:14","guid":{"rendered":"https:\/\/www.jinghuaceramic.com\/?post_type=product&#038;p=1872"},"modified":"2025-03-28T06:11:31","modified_gmt":"2025-03-28T06:11:31","slug":"wholesale-3-inches-mobile-label-printer-mp233","status":"publish","type":"product","link":"https:\/\/www.aiyin.com\/es\/product\/wholesale-3-inches-mobile-label-printer-mp233\/","title":{"rendered":"Mayorista Impresora de etiquetas port\u00e1til de 3 pulgadas - MP233, Impresora de etiquetas personalizada OEM y ODM disponible"},"content":{"rendered":"<h2 class=\"wp-block-heading\">Detalles de la impresora m\u00f3vil de etiquetas - MP233<\/h2>\n\n\n\n<hr class=\"wp-block-separator has-alpha-channel-opacity\" \/>\n\n\n\n<figure class=\"wp-block-image size-large\"><img decoding=\"async\" width=\"1280\" height=\"1280\" src=\"https:\/\/www.aiyin.com\/wp-content\/uploads\/2025\/02\/MP233\u5f69\u9875-1280x1280.webp\" alt=\"\" class=\"wp-image-4102\" srcset=\"https:\/\/www.aiyin.com\/wp-content\/uploads\/2025\/02\/MP233\u5f69\u9875-1280x1280.webp 1280w, https:\/\/www.aiyin.com\/wp-content\/uploads\/2025\/02\/MP233\u5f69\u9875-150x150.webp 150w, https:\/\/www.aiyin.com\/wp-content\/uploads\/2025\/02\/MP233\u5f69\u9875-768x768.webp 768w, https:\/\/www.aiyin.com\/wp-content\/uploads\/2025\/02\/MP233\u5f69\u9875-300x300.webp 300w, https:\/\/www.aiyin.com\/wp-content\/uploads\/2025\/02\/MP233\u5f69\u9875-600x600.webp 600w, https:\/\/www.aiyin.com\/wp-content\/uploads\/2025\/02\/MP233\u5f69\u9875-100x100.webp 100w\" sizes=\"(max-width: 1280px) 100vw, 1280px\" \/><\/figure>","protected":false},"excerpt":{"rendered":"<p>Impresora m\u00f3vil de etiquetas MP233 de 3 pulgadas al por mayor, MP233 tiene un excelente rendimiento y capacidades de impresi\u00f3n eficientes, proporcionando soluciones de impresi\u00f3n de etiquetas r\u00e1pidas y claras para diversas industrias. Apoyo OEM y ODM, p\u00f3ngase en contacto con nosotros para una cotizaci\u00f3n.<\/p>\n<h2>Caracter\u00edsticas de la impresora m\u00f3vil de etiquetas de 3 pulgadas - MP233<\/h2>\n<div>\n<p><strong>Dise\u00f1o port\u00e1til:<\/strong> La impresora m\u00f3vil de etiquetas MP233 es compacta y ligera, est\u00e1 equipada con una bater\u00eda de alto rendimiento y es especialmente adecuada para lugares que requieren impresi\u00f3n m\u00f3vil, como la log\u00edstica, el comercio minorista y los almacenes.<\/p>\n<p><strong>Amplia gama de escenarios de aplicaci\u00f3n:<\/strong> La impresora m\u00f3vil de etiquetas MP233 es adecuada para tiendas, almacenes, log\u00edstica, fabricaci\u00f3n y otras industrias, ya que ayuda a los usuarios a completar la impresi\u00f3n de etiquetas de forma r\u00e1pida y eficaz.<\/p>\n<p><strong>Asistencia personalizada:<\/strong> El fabricante de impresoras de etiquetas AiYin ofrece servicios de personalizaci\u00f3n OEM y ODM, y puede personalizar la apariencia de la impresora, las funciones y los tipos de etiquetas seg\u00fan las necesidades del cliente.<\/p>\n<p><strong>Ajuste flexible del papel:<\/strong> La MP233 admite el ajuste de anchura de papel de 40 mm a 80 mm para satisfacer las necesidades de diferentes tama\u00f1os de etiquetas.<\/p>\n<p><strong>R\u00e1pida velocidad de impresi\u00f3n: <\/strong>La MP233 tiene una velocidad de impresi\u00f3n de 80 mm\/s, lo que permite completar la impresi\u00f3n de etiquetas de forma eficaz y r\u00e1pida para satisfacer las necesidades de los entornos m\u00e1s ajetreados.<\/p>\n<\/div>","protected":false},"featured_media":1875,"comment_status":"closed","ping_status":"closed","template":"","meta":{"_acf_changed":true},"product_brand":[],"product_cat":[22],"product_tag":[],"class_list":{"0":"post-1872","1":"product","2":"type-product","3":"status-publish","4":"has-post-thumbnail","6":"product_cat-business-label-printer","7":"pa_print-width-3-inches","9":"first","10":"instock","11":"shipping-taxable","12":"product-type-simple"},"acf":[],"_links":{"self":[{"href":"https:\/\/www.aiyin.com\/es\/wp-json\/wp\/v2\/product\/1872","targetHints":{"allow":["GET"]}}],"collection":[{"href":"https:\/\/www.aiyin.com\/es\/wp-json\/wp\/v2\/product"}],"about":[{"href":"https:\/\/www.aiyin.com\/es\/wp-json\/wp\/v2\/types\/product"}],"replies":[{"embeddable":true,"href":"https:\/\/www.aiyin.com\/es\/wp-json\/wp\/v2\/comments?post=1872"}],"wp:featuredmedia":[{"embeddable":true,"href":"https:\/\/www.aiyin.com\/es\/wp-json\/wp\/v2\/media\/1875"}],"wp:attachment":[{"href":"https:\/\/www.aiyin.com\/es\/wp-json\/wp\/v2\/media?parent=1872"}],"wp:term":[{"taxonomy":"product_brand","embeddable":true,"href":"https:\/\/www.aiyin.com\/es\/wp-json\/wp\/v2\/product_brand?post=1872"},{"taxonomy":"product_cat","embeddable":true,"href":"https:\/\/www.aiyin.com\/es\/wp-json\/wp\/v2\/product_cat?post=1872"},{"taxonomy":"product_tag","embeddable":true,"href":"https:\/\/www.aiyin.com\/es\/wp-json\/wp\/v2\/product_tag?post=1872"}],"curies":[{"name":"wp","href":"https:\/\/api.w.org\/{rel}","templated":true}]}}