{"id":1854,"date":"2025-02-13T07:38:14","date_gmt":"2025-02-13T07:38:14","guid":{"rendered":"https:\/\/www.jinghuaceramic.com\/?post_type=product&#038;p=1854"},"modified":"2025-03-27T10:04:12","modified_gmt":"2025-03-27T10:04:12","slug":"wholesale-3-inches-mobile-label-printer","status":"publish","type":"product","link":"https:\/\/www.aiyin.com\/es\/product\/wholesale-3-inches-mobile-label-printer\/","title":{"rendered":"Mayorista Impresora de etiquetas port\u00e1til de 3 pulgadas - MP231, Impresora de etiquetas inal\u00e1mbrica Rollo peque\u00f1a"},"content":{"rendered":"<h2 class=\"wp-block-heading\">Detalles de la impresora m\u00f3vil de etiquetas - MP231<\/h2>\n\n\n\n<hr class=\"wp-block-separator has-alpha-channel-opacity\" \/>\n\n\n\n<figure class=\"wp-block-image size-large\"><img decoding=\"async\" width=\"1252\" height=\"1280\" src=\"https:\/\/www.aiyin.com\/wp-content\/uploads\/2025\/02\/Mobile-Label-Printer-231-Details-1-1252x1280.webp\" alt=\"Impresora m\u00f3vil de etiquetas 231 detalles (1)\" class=\"wp-image-1855\" srcset=\"https:\/\/www.aiyin.com\/wp-content\/uploads\/2025\/02\/Mobile-Label-Printer-231-Details-1-1252x1280.webp 1252w, https:\/\/www.aiyin.com\/wp-content\/uploads\/2025\/02\/Mobile-Label-Printer-231-Details-1-768x785.webp 768w, https:\/\/www.aiyin.com\/wp-content\/uploads\/2025\/02\/Mobile-Label-Printer-231-Details-1-600x614.webp 600w\" sizes=\"(max-width: 1252px) 100vw, 1252px\" \/><\/figure>","protected":false},"excerpt":{"rendered":"<p>La impresora m\u00f3vil de etiquetas MP231, que utiliza tecnolog\u00eda de impresi\u00f3n t\u00e9rmica avanzada, no necesita tinta ni cinta, y se utiliza ampliamente en el comercio minorista, el comercio electr\u00f3nico, la log\u00edstica y otros sectores. Con una interfaz de operaci\u00f3n simple y la funci\u00f3n de emparejamiento bluetooth r\u00e1pida, los usuarios pueden empezar r\u00e1pidamente sin formaci\u00f3n compleja. Adem\u00e1s, aiyin tambi\u00e9n ofrece servicios flexibles de personalizaci\u00f3n OEM y ODM, p\u00f3ngase en contacto con nosotros para solicitar un presupuesto.<\/p>\n<h2>Caracter\u00edsticas de la impresora m\u00f3vil de etiquetas - MP231<\/h2>\n<div>\n<p><strong>Bater\u00eda de larga duraci\u00f3n:<\/strong> La impresora m\u00f3vil de etiquetas mp231 est\u00e1 equipada con una bater\u00eda de gran capacidad, que puede utilizarse de forma continua durante mucho tiempo despu\u00e9s de estar completamente cargada, adecuada para funcionar en cualquier condici\u00f3n meteorol\u00f3gica y satisfacer las necesidades de impresi\u00f3n de etiquetas de gran volumen.<\/p>\n<p><strong>Tecnolog\u00eda de impresi\u00f3n t\u00e9rmica:<\/strong> La mp231 utiliza tecnolog\u00eda de impresi\u00f3n t\u00e9rmica, sin tinta ni cinta, y proporciona una resoluci\u00f3n de alta definici\u00f3n de 203 ppp, con efectos de impresi\u00f3n n\u00edtidos y duraderos.<\/p>\n<p><strong>Aplicaciones vers\u00e1tiles:<\/strong> La impresora m\u00f3vil de etiquetas mp231 se puede utilizar para imprimir varios tipos de etiquetas, como etiquetas de productos, etiquetas de precios, etiquetas de env\u00edo, etc., especialmente para minoristas, comercio electr\u00f3nico y empresas de log\u00edstica.<\/p>\n<p><strong>F\u00e1cil manejo:<\/strong> La interfaz de funcionamiento intuitivo y el r\u00e1pido proceso de emparejamiento por bluetooth facilitan la puesta en marcha a los usuarios y ayudan a ahorrar costes de formaci\u00f3n.<\/p>\n<p><strong>Servicios OEM y ODM:<\/strong> AiYin ofrece servicios OEM y ODM flexibles y amplias opciones de personalizaci\u00f3n, como dise\u00f1o de aspecto, configuraci\u00f3n de funciones, personalizaci\u00f3n de embalajes, etc.<\/p>\n<\/div>","protected":false},"featured_media":1857,"comment_status":"closed","ping_status":"closed","template":"","meta":{"_acf_changed":true},"product_brand":[],"product_cat":[22],"product_tag":[],"class_list":{"0":"post-1854","1":"product","2":"type-product","3":"status-publish","4":"has-post-thumbnail","6":"product_cat-business-label-printer","7":"pa_print-width-3-inches","9":"first","10":"instock","11":"shipping-taxable","12":"product-type-simple"},"acf":[],"_links":{"self":[{"href":"https:\/\/www.aiyin.com\/es\/wp-json\/wp\/v2\/product\/1854","targetHints":{"allow":["GET"]}}],"collection":[{"href":"https:\/\/www.aiyin.com\/es\/wp-json\/wp\/v2\/product"}],"about":[{"href":"https:\/\/www.aiyin.com\/es\/wp-json\/wp\/v2\/types\/product"}],"replies":[{"embeddable":true,"href":"https:\/\/www.aiyin.com\/es\/wp-json\/wp\/v2\/comments?post=1854"}],"wp:featuredmedia":[{"embeddable":true,"href":"https:\/\/www.aiyin.com\/es\/wp-json\/wp\/v2\/media\/1857"}],"wp:attachment":[{"href":"https:\/\/www.aiyin.com\/es\/wp-json\/wp\/v2\/media?parent=1854"}],"wp:term":[{"taxonomy":"product_brand","embeddable":true,"href":"https:\/\/www.aiyin.com\/es\/wp-json\/wp\/v2\/product_brand?post=1854"},{"taxonomy":"product_cat","embeddable":true,"href":"https:\/\/www.aiyin.com\/es\/wp-json\/wp\/v2\/product_cat?post=1854"},{"taxonomy":"product_tag","embeddable":true,"href":"https:\/\/www.aiyin.com\/es\/wp-json\/wp\/v2\/product_tag?post=1854"}],"curies":[{"name":"wp","href":"https:\/\/api.w.org\/{rel}","templated":true}]}}