{"id":1845,"date":"2025-02-14T06:38:50","date_gmt":"2025-02-14T06:38:50","guid":{"rendered":"https:\/\/www.jinghuaceramic.com\/?post_type=product&#038;p=1845"},"modified":"2025-02-26T03:53:18","modified_gmt":"2025-02-26T03:53:18","slug":"wholesale-2-inches-portable-thermal-label-printer-mp220","status":"publish","type":"product","link":"https:\/\/www.aiyin.com\/es\/product\/wholesale-2-inches-portable-thermal-label-printer-mp220\/","title":{"rendered":"Mayorista Impresora Port\u00e1til de Etiquetas T\u00e9rmicas de 2 pulgadas - MP220, Suministro a Granel de Impresoras M\u00f3viles de Etiquetas Peque\u00f1as"},"content":{"rendered":"<h2 class=\"wp-block-heading\">Detalles de la impresora t\u00e9rmica port\u00e1til de etiquetas - MP220<\/h2>\n\n\n\n<hr class=\"wp-block-separator has-alpha-channel-opacity\" \/>\n\n\n\n<figure class=\"wp-block-image size-large\"><img decoding=\"async\" width=\"1259\" height=\"1280\" src=\"https:\/\/www.aiyin.com\/wp-content\/uploads\/2025\/02\/Portable-Thermal-Label-Printer-Details-1-1259x1280.webp\" alt=\"Impresora t\u00e9rmica de etiquetas port\u00e1til Detalles (1)\" class=\"wp-image-1846\" srcset=\"https:\/\/www.aiyin.com\/wp-content\/uploads\/2025\/02\/Portable-Thermal-Label-Printer-Details-1-1259x1280.webp 1259w, https:\/\/www.aiyin.com\/wp-content\/uploads\/2025\/02\/Portable-Thermal-Label-Printer-Details-1-768x781.webp 768w, https:\/\/www.aiyin.com\/wp-content\/uploads\/2025\/02\/Portable-Thermal-Label-Printer-Details-1-600x610.webp 600w\" sizes=\"(max-width: 1259px) 100vw, 1259px\" \/><\/figure>","protected":false},"excerpt":{"rendered":"<p>Impresora de etiquetas t\u00e9rmica port\u00e1til de 2 pulgadas al por mayor, puede imprimir eficientemente c\u00f3digos de barras, etiquetas de precios, hojas de ruta y otros contenidos. Construido en 2600mah bater\u00eda de litio, conveniente para el uso m\u00f3vil, proporciona un uso a largo plazo, reduce la molestia de carga frecuente, y asegura un trabajo estable y eficiente. Soporta OEM y ODM, cont\u00e1ctenos para una cotizaci\u00f3n.<\/p>\n<h2>Caracter\u00edsticas de la impresora t\u00e9rmica de etiquetas port\u00e1til - MP220<\/h2>\n<div>\n<p><strong>Port\u00e1til y ligero:<\/strong> La impresora t\u00e9rmica de etiquetas port\u00e1til mp220 es compacta y ligera, f\u00e1cil de transportar, y se puede integrar perfectamente con diferentes entornos de trabajo y equipos para mejorar la experiencia de trabajo del usuario.<\/p>\n<p><strong>Bater\u00eda de litio recargable incorporada:<\/strong> La impresora t\u00e9rmica port\u00e1til de etiquetas mp220 est\u00e1 equipada con una bater\u00eda de litio recargable de 2600mah, por lo que los usuarios no necesitan enchufar la fuente de alimentaci\u00f3n todo el tiempo para imprimir, proporcionando una gran flexibilidad y comodidad.<\/p>\n<p><strong>M\u00faltiples m\u00e9todos de conexi\u00f3n:<\/strong> Soporta interfaces tipo-c y bluetooth, lo que permite un r\u00e1pido emparejamiento y transmisi\u00f3n de datos con diferentes dispositivos (como ordenadores, smartphones, tabletas, etc.), facilitando las necesidades de diferentes grupos de usuarios.<\/p>\n<p><strong>Admite varios idiomas e impresi\u00f3n gr\u00e1fica:<\/strong> Adem\u00e1s del chino y el ingl\u00e9s habituales, tambi\u00e9n puede imprimir s\u00edmbolos, c\u00f3digos de barras, c\u00f3digos qr y otros contenidos, y es ampliamente compatible con diversos requisitos ling\u00fc\u00edsticos y gr\u00e1ficos.<\/p>\n<p><strong>Amplia gama de escenarios de aplicaci\u00f3n:<\/strong> Esta impresora t\u00e9rmica de etiquetas port\u00e1til se utiliza ampliamente en log\u00edstica, almacenamiento, venta al por menor y otras industrias. Imprime de forma eficiente etiquetas de productos, c\u00f3digos de barras, hojas de ruta y otras etiquetas.<\/p>\n<\/div>","protected":false},"featured_media":1848,"comment_status":"closed","ping_status":"closed","template":"","meta":{"_acf_changed":true},"product_brand":[],"product_cat":[22],"product_tag":[],"class_list":{"0":"post-1845","1":"product","2":"type-product","3":"status-publish","4":"has-post-thumbnail","6":"product_cat-business-label-printer","7":"pa_print-width-2-inches","9":"first","10":"instock","11":"shipping-taxable","12":"product-type-simple"},"acf":[],"_links":{"self":[{"href":"https:\/\/www.aiyin.com\/es\/wp-json\/wp\/v2\/product\/1845","targetHints":{"allow":["GET"]}}],"collection":[{"href":"https:\/\/www.aiyin.com\/es\/wp-json\/wp\/v2\/product"}],"about":[{"href":"https:\/\/www.aiyin.com\/es\/wp-json\/wp\/v2\/types\/product"}],"replies":[{"embeddable":true,"href":"https:\/\/www.aiyin.com\/es\/wp-json\/wp\/v2\/comments?post=1845"}],"wp:featuredmedia":[{"embeddable":true,"href":"https:\/\/www.aiyin.com\/es\/wp-json\/wp\/v2\/media\/1848"}],"wp:attachment":[{"href":"https:\/\/www.aiyin.com\/es\/wp-json\/wp\/v2\/media?parent=1845"}],"wp:term":[{"taxonomy":"product_brand","embeddable":true,"href":"https:\/\/www.aiyin.com\/es\/wp-json\/wp\/v2\/product_brand?post=1845"},{"taxonomy":"product_cat","embeddable":true,"href":"https:\/\/www.aiyin.com\/es\/wp-json\/wp\/v2\/product_cat?post=1845"},{"taxonomy":"product_tag","embeddable":true,"href":"https:\/\/www.aiyin.com\/es\/wp-json\/wp\/v2\/product_tag?post=1845"}],"curies":[{"name":"wp","href":"https:\/\/api.w.org\/{rel}","templated":true}]}}