{"id":1813,"date":"2025-02-12T03:27:55","date_gmt":"2025-02-12T03:27:55","guid":{"rendered":"https:\/\/www.jinghuaceramic.com\/?post_type=product&#038;p=1813"},"modified":"2025-06-14T02:17:58","modified_gmt":"2025-06-14T02:17:58","slug":"wholesale-4-inches-portable-label-printer-mc240","status":"publish","type":"product","link":"https:\/\/www.aiyin.com\/es\/product\/wholesale-4-inches-portable-label-printer-mc240\/","title":{"rendered":"Mayorista Impresora de Etiquetas Port\u00e1til de 4 pulgadas - MC240, Soporte OEM y ODM - AiYin Label Printer Manufacturer"},"content":{"rendered":"<h2 class=\"wp-block-heading\">Detalles de la impresora de etiquetas port\u00e1til de 4 pulgadas - MC240<\/h2>\n\n\n\n<hr class=\"wp-block-separator has-alpha-channel-opacity\"\/>\n\n\n\n<figure class=\"wp-block-image size-large\"><img decoding=\"async\" width=\"1261\" height=\"1280\" src=\"https:\/\/www.aiyin.com\/wp-content\/uploads\/2025\/02\/Portable-Label-Printer-Details-1-1-1261x1280.webp\" alt=\"Impresora de etiquetas port\u00e1til Detalles (1)\" class=\"wp-image-1844\" srcset=\"https:\/\/www.aiyin.com\/wp-content\/uploads\/2025\/02\/Portable-Label-Printer-Details-1-1-1261x1280.webp 1261w, https:\/\/www.aiyin.com\/wp-content\/uploads\/2025\/02\/Portable-Label-Printer-Details-1-1-768x779.webp 768w, https:\/\/www.aiyin.com\/wp-content\/uploads\/2025\/02\/Portable-Label-Printer-Details-1-1-600x609.webp 600w\" sizes=\"(max-width: 1261px) 100vw, 1261px\" \/><\/figure>","protected":false},"excerpt":{"rendered":"<p>Mayorista Impresora de etiquetas port\u00e1til de 4 pulgadas, f\u00e1cil de transportar, funci\u00f3n de rebobinado autom\u00e1tico de papel incorporada, reduce eficazmente el desperdicio de papel y mejora la eficiencia de impresi\u00f3n. Proporcionar interfaces USB y Bluetooth para garantizar la conexi\u00f3n con varios dispositivos. Estable y duradera, con una vida \u00fatil s\u00faper larga. El fabricante de impresoras de etiquetas AiYin ofrece servicio OEM, cont\u00e1ctenos para una cotizaci\u00f3n.<\/p>\n<h2>Caracter\u00edsticas de la impresora de etiquetas port\u00e1til de 4 pulgadas - MC240<\/h2>\n<div>\n<p><strong>Port\u00e1til y ligero:<\/strong> La impresora port\u00e1til de etiquetas MC240 tiene un aspecto sencillo y elegante, es f\u00e1cil de transportar y puede utilizarse en almacenes, oficinas o centros log\u00edsticos.<\/p>\n<p><strong>Anchura de impresi\u00f3n ajustable:<\/strong> El ancho de impresi\u00f3n de la impresora port\u00e1til de etiquetas MC240 puede alcanzar hasta 104 mm, y admite el uso de etiquetas en rollo de gran tama\u00f1o, lo que resulta especialmente adecuado para c\u00f3digos de barras, identificaci\u00f3n de cargas y otras aplicaciones industriales, y es flexible para adaptarse.<\/p>\n<p><strong>Soporte multiling\u00fce:<\/strong> La interfaz del software operativo admite varios idiomas, se adapta al mercado mundial y es especialmente adecuada para empresas multinacionales o entornos de aplicaciones para usuarios de distintos idiomas.<\/p>\n<p><strong>Gran durabilidad:<\/strong> La impresora port\u00e1til de etiquetas MC240 est\u00e1 dise\u00f1ada con una vida \u00fatil ultralarga de m\u00e1s de 100 millones de impresiones, y puede mantener un funcionamiento eficiente y estable incluso en entornos de uso intensivo.<\/p>\n<p><strong>Aplicable a una gran variedad de grosores de papel:<\/strong> El rango de grosor de papel soportado es de 65-150mm, y puede adaptarse a diferentes tipos de papel t\u00e9rmico.<\/p>\n<p><strong>OEM y ODM:<\/strong> El fabricante de impresoras de etiquetas AiYin proporciona soluciones integrales de impresoras de etiquetas personalizadas, personalizando impresoras de etiquetas de marcas profesionales para usted.<\/p>\n<\/div>","protected":false},"featured_media":2920,"comment_status":"closed","ping_status":"closed","template":"","meta":{"_acf_changed":true},"product_brand":[],"product_cat":[22],"product_tag":[],"class_list":{"0":"post-1813","1":"product","2":"type-product","3":"status-publish","4":"has-post-thumbnail","6":"product_cat-business-label-printer","7":"pa_print-width-4-inches","9":"first","10":"instock","11":"shipping-taxable","12":"product-type-simple"},"acf":[],"_links":{"self":[{"href":"https:\/\/www.aiyin.com\/es\/wp-json\/wp\/v2\/product\/1813","targetHints":{"allow":["GET"]}}],"collection":[{"href":"https:\/\/www.aiyin.com\/es\/wp-json\/wp\/v2\/product"}],"about":[{"href":"https:\/\/www.aiyin.com\/es\/wp-json\/wp\/v2\/types\/product"}],"replies":[{"embeddable":true,"href":"https:\/\/www.aiyin.com\/es\/wp-json\/wp\/v2\/comments?post=1813"}],"wp:featuredmedia":[{"embeddable":true,"href":"https:\/\/www.aiyin.com\/es\/wp-json\/wp\/v2\/media\/2920"}],"wp:attachment":[{"href":"https:\/\/www.aiyin.com\/es\/wp-json\/wp\/v2\/media?parent=1813"}],"wp:term":[{"taxonomy":"product_brand","embeddable":true,"href":"https:\/\/www.aiyin.com\/es\/wp-json\/wp\/v2\/product_brand?post=1813"},{"taxonomy":"product_cat","embeddable":true,"href":"https:\/\/www.aiyin.com\/es\/wp-json\/wp\/v2\/product_cat?post=1813"},{"taxonomy":"product_tag","embeddable":true,"href":"https:\/\/www.aiyin.com\/es\/wp-json\/wp\/v2\/product_tag?post=1813"}],"curies":[{"name":"wp","href":"https:\/\/api.w.org\/{rel}","templated":true}]}}