{"id":1802,"date":"2025-02-07T02:41:53","date_gmt":"2025-02-07T02:41:53","guid":{"rendered":"https:\/\/www.jinghuaceramic.com\/?post_type=product&#038;p=1802"},"modified":"2025-02-28T14:35:33","modified_gmt":"2025-02-28T14:35:33","slug":"wholesale-industrial-thermal-label-printer-id230-240","status":"publish","type":"product","link":"https:\/\/www.aiyin.com\/es\/product\/wholesale-industrial-thermal-label-printer-id230-240\/","title":{"rendered":"Mayorista Impresora Industrial T\u00e9rmica de Etiquetas -ID230\/240, Soporte OEM y ODM - AiYin Fabricante de Impresoras de Etiquetas,"},"content":{"rendered":"<h2 class=\"wp-block-heading\">Detalles de la impresora t\u00e9rmica industrial de etiquetas - ID230\/240<\/h2>\n\n\n\n<hr class=\"wp-block-separator has-alpha-channel-opacity\" \/>\n\n\n\n<figure class=\"wp-block-image size-large\"><img decoding=\"async\" width=\"1265\" height=\"1280\" src=\"https:\/\/www.aiyin.com\/wp-content\/uploads\/2025\/02\/Industrial-Thermal-Label-Printer-Details-1-1265x1280.webp\" alt=\"Impresora t\u00e9rmica industrial de etiquetas Detalles (1)\" class=\"wp-image-1803\" srcset=\"https:\/\/www.aiyin.com\/wp-content\/uploads\/2025\/02\/Industrial-Thermal-Label-Printer-Details-1-1265x1280.webp 1265w, https:\/\/www.aiyin.com\/wp-content\/uploads\/2025\/02\/Industrial-Thermal-Label-Printer-Details-1-768x777.webp 768w, https:\/\/www.aiyin.com\/wp-content\/uploads\/2025\/02\/Industrial-Thermal-Label-Printer-Details-1-600x607.webp 600w, https:\/\/www.aiyin.com\/wp-content\/uploads\/2025\/02\/Industrial-Thermal-Label-Printer-Details-1-100x100.webp 100w\" sizes=\"(max-width: 1265px) 100vw, 1265px\" \/><\/figure>","protected":false},"excerpt":{"rendered":"<p>Impresora de etiquetas t\u00e9rmica industrial al por mayor - ID230\/240, con capacidad de impresi\u00f3n de alta velocidad de 300 mm por segundo y resoluci\u00f3n de impresi\u00f3n de 203 ppp, equipada con cabezal de impresi\u00f3n de grado industrial duradero y s\u00f3lida estructura de chapa met\u00e1lica de 1,5 mm, proporciona estabilidad a largo plazo y larga vida \u00fatil, adecuada para el procesamiento eficiente de etiquetas de pedidos de gran volumen, especialmente adecuada para las industrias de log\u00edstica y comercio electr\u00f3nico. Soporta oem y odm, cont\u00e1ctenos para una cotizaci\u00f3n.<\/p>\n<h2>Caracter\u00edsticas de la impresora t\u00e9rmica industrial de etiquetas - ID230\/240<\/h2>\n<div>\n<p><strong>Impresi\u00f3n de alta velocidad:<\/strong> Con una velocidad de impresi\u00f3n de 300 mm\/s, la impresora t\u00e9rmica industrial de etiquetas - ID230\/240 puede procesar hasta 8.300 pedidos por hora, lo que garantiza un etiquetado r\u00e1pido y eficaz de grandes pedidos.<\/p>\n<p><strong>Cabezal de impresi\u00f3n industrial duradero:<\/strong> La ID230\/240 est\u00e1 equipada con un cabezal de impresi\u00f3n de calidad industrial, de alta velocidad y resistente al desgaste para garantizar una impresi\u00f3n estable y de alta calidad a lo largo del tiempo.<\/p>\n<p><strong>Compatibilidad con m\u00faltiples tama\u00f1os de etiquetas:<\/strong> Admite diversos tama\u00f1os de etiquetas, con una anchura de impresi\u00f3n efectiva de hasta 80 mm para la ID230 y de hasta 108 mm para la ID240, para adaptarse a diversas necesidades de etiquetado.<\/p>\n<p><strong>Admite c\u00f3digos de barras 1D y 2D:<\/strong> La impresora t\u00e9rmica industrial de etiquetas - ID230\/240 admite c\u00f3digos de barras 1D y 2D, lo que proporciona flexibilidad para satisfacer diferentes requisitos de etiquetado, especialmente para log\u00edstica y comercio electr\u00f3nico.<\/p>\n<p><strong>Rendimiento fiable y larga vida \u00fatil de impresi\u00f3n:<\/strong> Las impresoras tienen una vida \u00fatil de 30 km (garant\u00eda) y 50 km (vida \u00fatil), lo que garantiza su fiabilidad a largo plazo y reduce los tiempos de inactividad.<\/p>\n<\/div>","protected":false},"featured_media":1805,"comment_status":"closed","ping_status":"closed","template":"","meta":{"_acf_changed":true},"product_brand":[],"product_cat":[38],"product_tag":[],"class_list":{"0":"post-1802","1":"product","2":"type-product","3":"status-publish","4":"has-post-thumbnail","6":"product_cat-shipping-label-printer","7":"pa_industrial-grade-yes","8":"pa_paper-bin-with-paper-bin","10":"first","11":"instock","12":"shipping-taxable","13":"product-type-simple"},"acf":[],"_links":{"self":[{"href":"https:\/\/www.aiyin.com\/es\/wp-json\/wp\/v2\/product\/1802","targetHints":{"allow":["GET"]}}],"collection":[{"href":"https:\/\/www.aiyin.com\/es\/wp-json\/wp\/v2\/product"}],"about":[{"href":"https:\/\/www.aiyin.com\/es\/wp-json\/wp\/v2\/types\/product"}],"replies":[{"embeddable":true,"href":"https:\/\/www.aiyin.com\/es\/wp-json\/wp\/v2\/comments?post=1802"}],"wp:featuredmedia":[{"embeddable":true,"href":"https:\/\/www.aiyin.com\/es\/wp-json\/wp\/v2\/media\/1805"}],"wp:attachment":[{"href":"https:\/\/www.aiyin.com\/es\/wp-json\/wp\/v2\/media?parent=1802"}],"wp:term":[{"taxonomy":"product_brand","embeddable":true,"href":"https:\/\/www.aiyin.com\/es\/wp-json\/wp\/v2\/product_brand?post=1802"},{"taxonomy":"product_cat","embeddable":true,"href":"https:\/\/www.aiyin.com\/es\/wp-json\/wp\/v2\/product_cat?post=1802"},{"taxonomy":"product_tag","embeddable":true,"href":"https:\/\/www.aiyin.com\/es\/wp-json\/wp\/v2\/product_tag?post=1802"}],"curies":[{"name":"wp","href":"https:\/\/api.w.org\/{rel}","templated":true}]}}