{"id":1794,"date":"2025-02-21T09:30:00","date_gmt":"2025-02-21T09:30:00","guid":{"rendered":"https:\/\/www.jinghuaceramic.com\/?post_type=product&#038;p=1794"},"modified":"2025-03-28T05:21:48","modified_gmt":"2025-03-28T05:21:48","slug":"wholesale-4-inches-professional-roll-label-printer-e40","status":"publish","type":"product","link":"https:\/\/www.aiyin.com\/es\/product\/wholesale-4-inches-professional-roll-label-printer-e40\/","title":{"rendered":"Mayorista Impresora Profesional de Etiquetas en Rollo de 4 pulgadas - E40, Excelente Impresora de Etiquetas Ups, Impresora de Etiquetas Fedex"},"content":{"rendered":"<h2 class=\"wp-block-heading\">Detalles de la impresora profesional de etiquetas en rollo - E40<\/h2>\n\n\n\n<hr class=\"wp-block-separator has-alpha-channel-opacity\" \/>\n\n\n\n<figure class=\"wp-block-image size-large\"><img decoding=\"async\" width=\"1261\" height=\"1280\" src=\"https:\/\/www.aiyin.com\/wp-content\/uploads\/2025\/02\/E40-2-1261x1280.webp\" alt=\"\" class=\"wp-image-4096\" srcset=\"https:\/\/www.aiyin.com\/wp-content\/uploads\/2025\/02\/E40-2-1261x1280.webp 1261w, https:\/\/www.aiyin.com\/wp-content\/uploads\/2025\/02\/E40-2-768x780.webp 768w, https:\/\/www.aiyin.com\/wp-content\/uploads\/2025\/02\/E40-2-600x609.webp 600w\" sizes=\"(max-width: 1261px) 100vw, 1261px\" \/><\/figure>","protected":false},"excerpt":{"rendered":"<p>Impresora profesional de etiquetas en rollo de 4 pulgadas al por mayor, la E40 ofrece m\u00e1s ventajas para la impresi\u00f3n de etiquetas de alta demanda. Cuenta con una alineaci\u00f3n inteligente y una tecnolog\u00eda de sensores precisa para garantizar un funcionamiento fluido y eficiente. Compatible con una amplia gama de materiales y sistemas operativos, dise\u00f1ada para ser fiable y f\u00e1cil de usar, es la soluci\u00f3n perfecta para la impresi\u00f3n de etiquetas a granel (incluyendo etiquetas de UPS y FedEx). El fabricante de etiquetas AiYin ofrece servicios profesionales de OEM y ODM, p\u00f3ngase en contacto con nosotros para solicitar un presupuesto.<\/p>\n<h2>Caracter\u00edsticas de la impresora profesional de etiquetas en rollo de 4 pulgadas - E40<\/h2>\n<div>\n<p><strong>Rendimiento de impresi\u00f3n eficiente:<\/strong> La impresora profesional de etiquetas en rollo E40 admite una velocidad de impresi\u00f3n de hasta 100 mm\/s, lo que garantiza un procesamiento r\u00e1pido de los requisitos de etiquetas de gran volumen, especialmente adecuado para la impresi\u00f3n de etiquetas expr\u00e9s como UPS y FedEx.<\/p>\n<p><strong>Amplia compatibilidad:<\/strong> Compatible con una variedad de tama\u00f1os de etiquetas, especialmente adecuado para etiquetas de 4 pulgadas de ancho, ampliamente compatible con el comercio electr\u00f3nico transfronterizo y plataformas log\u00edsticas como Amazon, AliExpress, etc.<\/p>\n<p><strong>Funcionamiento c\u00f3modo:<\/strong> La impresora profesional de etiquetas en rollo E40 admite conexi\u00f3n USB y conexi\u00f3n Bluetooth, y puede manejarse de forma flexible a trav\u00e9s de un ordenador o un tel\u00e9fono m\u00f3vil, lo que permite editar e imprimir etiquetas de forma c\u00f3moda y r\u00e1pida.<\/p>\n<p><strong>F\u00e1cil mantenimiento:<\/strong> El dise\u00f1o se centra en la facilidad de uso, limpieza y mantenimiento, reduciendo las aver\u00edas y los costes de mantenimiento.<\/p>\n<p><strong>Servicio personalizado OEM y ODM:<\/strong> Ofrecemos la personalizaci\u00f3n de la apariencia, el logotipo, el embalaje y las funciones de las impresoras de etiquetas de acuerdo con los requisitos de marca, los requisitos funcionales y los conceptos de dise\u00f1o de los clientes para satisfacer la aplicaci\u00f3n de etiquetas de comercio electr\u00f3nico, facturas de entrega urgente u otras industrias.<\/p>\n<\/div>","protected":false},"featured_media":1797,"comment_status":"closed","ping_status":"closed","template":"","meta":{"_acf_changed":false},"product_brand":[],"product_cat":[38],"product_tag":[],"class_list":{"0":"post-1794","1":"product","2":"type-product","3":"status-publish","4":"has-post-thumbnail","6":"product_cat-shipping-label-printer","7":"pa_industrial-grade-no","8":"pa_paper-bin-without-paper-bin","9":"pa_print-width-4-inches","11":"first","12":"instock","13":"shipping-taxable","14":"product-type-simple"},"acf":[],"_links":{"self":[{"href":"https:\/\/www.aiyin.com\/es\/wp-json\/wp\/v2\/product\/1794","targetHints":{"allow":["GET"]}}],"collection":[{"href":"https:\/\/www.aiyin.com\/es\/wp-json\/wp\/v2\/product"}],"about":[{"href":"https:\/\/www.aiyin.com\/es\/wp-json\/wp\/v2\/types\/product"}],"replies":[{"embeddable":true,"href":"https:\/\/www.aiyin.com\/es\/wp-json\/wp\/v2\/comments?post=1794"}],"wp:featuredmedia":[{"embeddable":true,"href":"https:\/\/www.aiyin.com\/es\/wp-json\/wp\/v2\/media\/1797"}],"wp:attachment":[{"href":"https:\/\/www.aiyin.com\/es\/wp-json\/wp\/v2\/media?parent=1794"}],"wp:term":[{"taxonomy":"product_brand","embeddable":true,"href":"https:\/\/www.aiyin.com\/es\/wp-json\/wp\/v2\/product_brand?post=1794"},{"taxonomy":"product_cat","embeddable":true,"href":"https:\/\/www.aiyin.com\/es\/wp-json\/wp\/v2\/product_cat?post=1794"},{"taxonomy":"product_tag","embeddable":true,"href":"https:\/\/www.aiyin.com\/es\/wp-json\/wp\/v2\/product_tag?post=1794"}],"curies":[{"name":"wp","href":"https:\/\/api.w.org\/{rel}","templated":true}]}}