{"id":1761,"date":"2025-02-12T14:57:55","date_gmt":"2025-02-12T14:57:55","guid":{"rendered":"https:\/\/www.jinghuaceramic.com\/?post_type=product&#038;p=1761"},"modified":"2025-06-14T02:22:03","modified_gmt":"2025-06-14T02:22:03","slug":"wholesale-4-inch-thermal-label-printer-ae241","status":"publish","type":"product","link":"https:\/\/www.aiyin.com\/es\/product\/wholesale-4-inch-thermal-label-printer-ae241\/","title":{"rendered":"Impresora t\u00e9rmica de etiquetas personalizada, OEM y ODM disponible, Impresora de etiquetas de 4 pulgadas - AE241"},"content":{"rendered":"<h2 class=\"wp-block-heading\">Detalles de la impresora t\u00e9rmica de etiquetas - AE241<\/h2>\n\n\n\n<hr class=\"wp-block-separator has-alpha-channel-opacity\"\/>\n\n\n\n<figure class=\"wp-block-image size-large\"><img decoding=\"async\" width=\"1272\" height=\"1280\" src=\"https:\/\/www.aiyin.com\/wp-content\/uploads\/2025\/02\/Custom-label-printer-AE240-details-1-1272x1280.webp\" alt=\"Detalles de la impresora de etiquetas personalizadas AE240 (1)\" class=\"wp-image-1762\" srcset=\"https:\/\/www.aiyin.com\/wp-content\/uploads\/2025\/02\/Custom-label-printer-AE240-details-1-1272x1280.webp 1272w, https:\/\/www.aiyin.com\/wp-content\/uploads\/2025\/02\/Custom-label-printer-AE240-details-1-150x150.webp 150w, https:\/\/www.aiyin.com\/wp-content\/uploads\/2025\/02\/Custom-label-printer-AE240-details-1-768x773.webp 768w, https:\/\/www.aiyin.com\/wp-content\/uploads\/2025\/02\/Custom-label-printer-AE240-details-1-600x604.webp 600w, https:\/\/www.aiyin.com\/wp-content\/uploads\/2025\/02\/Custom-label-printer-AE240-details-1-100x100.webp 100w\" sizes=\"(max-width: 1272px) 100vw, 1272px\" \/><\/figure>","protected":false},"excerpt":{"rendered":"<p>Mayorista AE241 Impresora t\u00e9rmica de etiquetas de 4 pulgadas, proporcionando soluciones profesionales OEM y ODM personalizadas para impresoras de etiquetas. AE241 adopta la tecnolog\u00eda t\u00e9rmica, no requiere tinta, alta eficiencia de impresi\u00f3n, fuerte estabilidad, y compatible con m\u00faltiples sistemas operativos. Es una opci\u00f3n ideal para la impresi\u00f3n de etiquetas en el almacenamiento, log\u00edstica, venta al por menor y otras industrias. P\u00f3ngase en contacto con nosotros para solicitar un presupuesto.<\/p>\n<h2>Caracter\u00edsticas de la impresora t\u00e9rmica de etiquetas - AE241<\/h2>\n<div>\n<p><strong>Personalizaci\u00f3n OEM y ODM:<\/strong> Los fabricantes de impresoras de etiquetas AiYin ofrecen servicios OEM y ODM, que pueden personalizarse seg\u00fan las necesidades del cliente y satisfacer el suministro a gran escala.<\/p>\n<p><strong>Impresi\u00f3n eficiente:<\/strong> La impresora t\u00e9rmica de etiquetas AE241 utiliza tecnolog\u00eda t\u00e9rmica, no necesita tinta ni cinta, tiene una gran velocidad de impresi\u00f3n, admite la impresi\u00f3n de etiquetas y cartas de porte electr\u00f3nicas y satisface diferentes necesidades empresariales.<\/p>\n<p><strong>Anchura de impresi\u00f3n de 4 pulgadas:<\/strong> admite la impresi\u00f3n de etiquetas con una anchura de 4 pulgadas, adecuada para una gran variedad de necesidades de etiquetas, especialmente etiquetas de gran tama\u00f1o o etiquetas de c\u00f3digos de barras.<\/p>\n<p><strong>Gran estabilidad:<\/strong> El equipo de impresi\u00f3n de etiquetas AE241 ha sido sometido a rigurosas pruebas, y la vida \u00fatil de impresi\u00f3n supera los 30 kil\u00f3metros, lo que garantiza una gran estabilidad en trabajos de alta carga a largo plazo.<\/p>\n<p><strong>Papelera visual:<\/strong> La impresora de etiquetas AE241 tiene una bandeja de papel incorporada y est\u00e1 equipada con una ventana de inspecci\u00f3n de la bandeja de papel, que es conveniente para observar la alimentaci\u00f3n de papel y el uso de papel de impresi\u00f3n, por lo que es m\u00e1s conveniente de usar.<\/p>\n<\/div>","protected":false},"featured_media":1764,"comment_status":"closed","ping_status":"closed","template":"","meta":{"_acf_changed":true},"product_brand":[],"product_cat":[38],"product_tag":[],"class_list":{"0":"post-1761","1":"product","2":"type-product","3":"status-publish","4":"has-post-thumbnail","6":"product_cat-shipping-label-printer","7":"pa_industrial-grade-no","8":"pa_paper-bin-with-paper-bin","9":"pa_print-width-4-inches","11":"first","12":"instock","13":"shipping-taxable","14":"product-type-simple"},"acf":[],"_links":{"self":[{"href":"https:\/\/www.aiyin.com\/es\/wp-json\/wp\/v2\/product\/1761","targetHints":{"allow":["GET"]}}],"collection":[{"href":"https:\/\/www.aiyin.com\/es\/wp-json\/wp\/v2\/product"}],"about":[{"href":"https:\/\/www.aiyin.com\/es\/wp-json\/wp\/v2\/types\/product"}],"replies":[{"embeddable":true,"href":"https:\/\/www.aiyin.com\/es\/wp-json\/wp\/v2\/comments?post=1761"}],"wp:featuredmedia":[{"embeddable":true,"href":"https:\/\/www.aiyin.com\/es\/wp-json\/wp\/v2\/media\/1764"}],"wp:attachment":[{"href":"https:\/\/www.aiyin.com\/es\/wp-json\/wp\/v2\/media?parent=1761"}],"wp:term":[{"taxonomy":"product_brand","embeddable":true,"href":"https:\/\/www.aiyin.com\/es\/wp-json\/wp\/v2\/product_brand?post=1761"},{"taxonomy":"product_cat","embeddable":true,"href":"https:\/\/www.aiyin.com\/es\/wp-json\/wp\/v2\/product_cat?post=1761"},{"taxonomy":"product_tag","embeddable":true,"href":"https:\/\/www.aiyin.com\/es\/wp-json\/wp\/v2\/product_tag?post=1761"}],"curies":[{"name":"wp","href":"https:\/\/api.w.org\/{rel}","templated":true}]}}