{"id":1747,"date":"2025-02-12T15:25:48","date_gmt":"2025-02-12T15:25:48","guid":{"rendered":"https:\/\/www.jinghuaceramic.com\/?post_type=product&#038;p=1747"},"modified":"2025-06-14T02:23:25","modified_gmt":"2025-06-14T02:23:25","slug":"wholesale-4-inch-desktop-thermal-label-printer-ae240","status":"publish","type":"product","link":"https:\/\/www.aiyin.com\/es\/product\/wholesale-4-inch-desktop-thermal-label-printer-ae240\/","title":{"rendered":"Mayorista Impresora t\u00e9rmica de etiquetas de sobremesa de 4 pulgadas - AE240, Impresora de etiquetas profesional de Office Depot"},"content":{"rendered":"<h2 class=\"wp-block-heading\">Detalles de la impresora t\u00e9rmica de etiquetas - AE240<\/h2>\n\n\n\n<hr class=\"wp-block-separator has-alpha-channel-opacity\" \/>\n\n\n\n<figure class=\"wp-block-image size-large\"><img decoding=\"async\" width=\"1255\" height=\"1280\" src=\"https:\/\/www.aiyin.com\/wp-content\/uploads\/2025\/02\/Thermal-Office-Depot-Label-Printer-Details-1-1255x1280.webp\" alt=\"Impresora t\u00e9rmica de etiquetas Office Depot Detalles (1)\" class=\"wp-image-1748\" srcset=\"https:\/\/www.aiyin.com\/wp-content\/uploads\/2025\/02\/Thermal-Office-Depot-Label-Printer-Details-1-1255x1280.webp 1255w, https:\/\/www.aiyin.com\/wp-content\/uploads\/2025\/02\/Thermal-Office-Depot-Label-Printer-Details-1-768x783.webp 768w, https:\/\/www.aiyin.com\/wp-content\/uploads\/2025\/02\/Thermal-Office-Depot-Label-Printer-Details-1-600x612.webp 600w\" sizes=\"(max-width: 1255px) 100vw, 1255px\" \/><\/figure>\n\n\n\n<p><\/p>","protected":false},"excerpt":{"rendered":"<p>Mayorista Impresora t\u00e9rmica de etiquetas de sobremesa de 4 pulgadas AE240, soporta una impresi\u00f3n r\u00e1pida de 150mm por segundo, proporciona un claro efecto de impresi\u00f3n de hasta 203dpi, lo que la convierte en una excelente Impresora de etiquetas Office Depot, soporta USB, Bluetooth y otros m\u00e9todos de conexi\u00f3n. Adem\u00e1s, el fabricante de impresoras de etiquetas AiYin proporciona soporte de software profesional. Bienvenido a contactarnos para una cotizaci\u00f3n.<\/p>\n<h2>Caracter\u00edsticas de la impresora t\u00e9rmica de etiquetas de sobremesa de 4 pulgadas - AE240<\/h2>\n<div>\n<p><strong>Mejorar la eficiencia de la oficina:<\/strong> Consiga una impresi\u00f3n de alta velocidad y soporte para m\u00faltiples tipos de etiquetas. La impresora de etiquetas AE240 de Office Depot es especialmente adecuada para la impresi\u00f3n de etiquetas por lotes, ayudando a mejorar la eficiencia operativa de empresas de almacenamiento, log\u00edstica y comercio electr\u00f3nico.<\/p>\n<p><strong>Conexi\u00f3n multiinterfaz:<\/strong> La impresora t\u00e9rmica de etiquetas AE240 incorpora una interfaz USB y admite varios m\u00e9todos de conexi\u00f3n, como Bluetooth, para garantizar una conexi\u00f3n perfecta con distintos dispositivos y adaptarse a diversos entornos de oficina y almac\u00e9n.<\/p>\n<p><strong>Larga vida \u00fatil:<\/strong> La vida \u00fatil de impresi\u00f3n puede alcanzar los 30 kil\u00f3metros. La impresora t\u00e9rmica de etiquetas AE240 tiene una buena durabilidad y fiabilidad y es adecuada para escenarios de uso de alta frecuencia.<\/p>\n<p><strong>Dise\u00f1o visual del cart\u00f3n:<\/strong> La impresora t\u00e9rmica de etiquetas AE240 est\u00e1 equipada con una ventana de observaci\u00f3n, que resulta muy pr\u00e1ctica para que los usuarios supervisen el suministro de papel y lo sustituyan a tiempo.<\/p>\n<p><strong>Compatibilidad con papel flexible:<\/strong> La anchura efectiva de impresi\u00f3n es de 48-108 mm y admite varios tipos de papel t\u00e9rmico para etiquetas.<\/p>\n<p><strong>Servicio OEM y ODM:<\/strong> El fabricante de impresoras de etiquetas AiYIn ofrece soluciones integrales de impresoras de etiquetas personalizadas. Los clientes pueden personalizar la marca y el dise\u00f1o de la apariencia de la impresora, y vamos a proporcionar el dise\u00f1o completo y soporte de desarrollo.<\/p>\n<\/div>","protected":false},"featured_media":2916,"comment_status":"closed","ping_status":"closed","template":"","meta":{"_acf_changed":true},"product_brand":[],"product_cat":[38],"product_tag":[],"class_list":{"0":"post-1747","1":"product","2":"type-product","3":"status-publish","4":"has-post-thumbnail","6":"product_cat-shipping-label-printer","7":"pa_industrial-grade-no","8":"pa_paper-bin-with-paper-bin","9":"pa_print-width-4-inches","11":"first","12":"instock","13":"shipping-taxable","14":"product-type-simple"},"acf":[],"_links":{"self":[{"href":"https:\/\/www.aiyin.com\/es\/wp-json\/wp\/v2\/product\/1747","targetHints":{"allow":["GET"]}}],"collection":[{"href":"https:\/\/www.aiyin.com\/es\/wp-json\/wp\/v2\/product"}],"about":[{"href":"https:\/\/www.aiyin.com\/es\/wp-json\/wp\/v2\/types\/product"}],"replies":[{"embeddable":true,"href":"https:\/\/www.aiyin.com\/es\/wp-json\/wp\/v2\/comments?post=1747"}],"wp:featuredmedia":[{"embeddable":true,"href":"https:\/\/www.aiyin.com\/es\/wp-json\/wp\/v2\/media\/2916"}],"wp:attachment":[{"href":"https:\/\/www.aiyin.com\/es\/wp-json\/wp\/v2\/media?parent=1747"}],"wp:term":[{"taxonomy":"product_brand","embeddable":true,"href":"https:\/\/www.aiyin.com\/es\/wp-json\/wp\/v2\/product_brand?post=1747"},{"taxonomy":"product_cat","embeddable":true,"href":"https:\/\/www.aiyin.com\/es\/wp-json\/wp\/v2\/product_cat?post=1747"},{"taxonomy":"product_tag","embeddable":true,"href":"https:\/\/www.aiyin.com\/es\/wp-json\/wp\/v2\/product_tag?post=1747"}],"curies":[{"name":"wp","href":"https:\/\/api.w.org\/{rel}","templated":true}]}}