{"id":1743,"date":"2025-02-13T03:00:21","date_gmt":"2025-02-13T03:00:21","guid":{"rendered":"https:\/\/www.jinghuaceramic.com\/?post_type=product&#038;p=1743"},"modified":"2025-06-14T02:25:38","modified_gmt":"2025-06-14T02:25:38","slug":"wholesale-4-inch-desktop-thermal-label-printer-ad240","status":"publish","type":"product","link":"https:\/\/www.aiyin.com\/es\/product\/wholesale-4-inch-desktop-thermal-label-printer-ad240\/","title":{"rendered":"Mayorista Impresora t\u00e9rmica de etiquetas de sobremesa de 4 pulgadas - AD240, Impresora profesional de etiquetas de c\u00f3digos de barras, compatible con OEM y ODM"},"content":{"rendered":"<h2 class=\"wp-block-heading\">Detalles de la impresora t\u00e9rmica de etiquetas de sobremesa de 4 pulgadas<\/h2>\n\n\n\n<hr class=\"wp-block-separator has-alpha-channel-opacity\"\/>\n\n\n\n<figure class=\"wp-block-image size-large\"><img decoding=\"async\" width=\"1269\" height=\"1280\" src=\"https:\/\/www.aiyin.com\/wp-content\/uploads\/2025\/02\/Barcode-Label-Printer-Details-1-1269x1280.webp\" alt=\"Detalles de la impresora de etiquetas de c\u00f3digos de barras (1)\" class=\"wp-image-1744\" srcset=\"https:\/\/www.aiyin.com\/wp-content\/uploads\/2025\/02\/Barcode-Label-Printer-Details-1-1269x1280.webp 1269w, https:\/\/www.aiyin.com\/wp-content\/uploads\/2025\/02\/Barcode-Label-Printer-Details-1-150x150.webp 150w, https:\/\/www.aiyin.com\/wp-content\/uploads\/2025\/02\/Barcode-Label-Printer-Details-1-768x774.webp 768w, https:\/\/www.aiyin.com\/wp-content\/uploads\/2025\/02\/Barcode-Label-Printer-Details-1-600x605.webp 600w, https:\/\/www.aiyin.com\/wp-content\/uploads\/2025\/02\/Barcode-Label-Printer-Details-1-100x100.webp 100w\" sizes=\"(max-width: 1269px) 100vw, 1269px\" \/><\/figure>","protected":false},"excerpt":{"rendered":"<p>Mayorista Impresora t\u00e9rmica de etiquetas de sobremesa de 4 pulgadas AD240, como impresora de etiquetas de c\u00f3digo de barras de calidad profesional, AD240 es compatible con una variedad de formatos de c\u00f3digo de barras y papeles de etiquetas, adecuada para log\u00edstica, comercio electr\u00f3nico, venta al por menor y otras industrias. Adopta tecnolog\u00eda de impresi\u00f3n de alta velocidad, la velocidad de impresi\u00f3n puede alcanzar los 150mm\/s, mejorando la eficiencia en el procesamiento de pedidos. Funcionamiento sencillo, dispositivo compacto, adecuado para uso de sobremesa. P\u00f3ngase en contacto con nosotros para solicitar un presupuesto.<\/p>\n<h2>Caracter\u00edsticas de la impresora t\u00e9rmica de etiquetas AD240 de 4 pulgadas<\/h2>\n<div>\n<p><strong>Certificaci\u00f3n internacional:<\/strong> La impresora t\u00e9rmica de etiquetas AD240 ha superado las certificaciones CE, UKCA y FCCID, cumple las normas de seguridad mundiales y tiene una calidad fiable.<\/p>\n<p><strong>Compatibilidad con varios tipos de c\u00f3digos de barras:<\/strong> Como impresora profesional de etiquetas de c\u00f3digos de barras, la AD240 cubre c\u00f3digos 1D (C\u00f3digo 128, EAN-13, etc.) y 2D (c\u00f3digo QR, Data Matrix, etc.), adapt\u00e1ndose a las necesidades de m\u00faltiples industrias como el comercio minorista, el almacenamiento y la atenci\u00f3n m\u00e9dica.<\/p>\n<p><strong>Impresi\u00f3n de alta velocidad:<\/strong> Con una capacidad de impresi\u00f3n extremadamente r\u00e1pida de 150 mm\/s, puede procesar unos 4.200 pedidos por hora, lo que mejora enormemente la eficiencia del procesamiento de pedidos, y es adecuada para escenarios de alto rendimiento como la log\u00edstica y el comercio electr\u00f3nico.<\/p>\n<p><strong>Diversos escenarios aplicables:<\/strong> La impresora de etiquetas de c\u00f3digos de barras AD240 es adecuada para situaciones de demanda de alta frecuencia y precisi\u00f3n, como la impresi\u00f3n de cartas de porte log\u00edsticas, la producci\u00f3n de etiquetas de precio para minoristas, la gesti\u00f3n de inventarios de almacenes y las etiquetas para muestras m\u00e9dicas.<\/p>\n<p><strong>Servicio de asistencia OEM y ODM:<\/strong> El fabricante de impresoras de etiquetas AiYin proporciona servicios completos de personalizaci\u00f3n de marca, incluyendo dise\u00f1o de apariencia, selecci\u00f3n de color, personalizaci\u00f3n de funciones, etc., para asegurar que su impresora t\u00e9rmica tenga un reconocimiento de marca \u00fanico en el mercado.<\/p>\n<\/div>","protected":false},"featured_media":1746,"comment_status":"closed","ping_status":"closed","template":"","meta":{"_acf_changed":true},"product_brand":[],"product_cat":[38],"product_tag":[],"class_list":{"0":"post-1743","1":"product","2":"type-product","3":"status-publish","4":"has-post-thumbnail","6":"product_cat-shipping-label-printer","7":"pa_industrial-grade-no","8":"pa_paper-bin-with-paper-bin","9":"pa_print-width-4-inches","11":"first","12":"instock","13":"shipping-taxable","14":"product-type-simple"},"acf":[],"_links":{"self":[{"href":"https:\/\/www.aiyin.com\/es\/wp-json\/wp\/v2\/product\/1743","targetHints":{"allow":["GET"]}}],"collection":[{"href":"https:\/\/www.aiyin.com\/es\/wp-json\/wp\/v2\/product"}],"about":[{"href":"https:\/\/www.aiyin.com\/es\/wp-json\/wp\/v2\/types\/product"}],"replies":[{"embeddable":true,"href":"https:\/\/www.aiyin.com\/es\/wp-json\/wp\/v2\/comments?post=1743"}],"wp:featuredmedia":[{"embeddable":true,"href":"https:\/\/www.aiyin.com\/es\/wp-json\/wp\/v2\/media\/1746"}],"wp:attachment":[{"href":"https:\/\/www.aiyin.com\/es\/wp-json\/wp\/v2\/media?parent=1743"}],"wp:term":[{"taxonomy":"product_brand","embeddable":true,"href":"https:\/\/www.aiyin.com\/es\/wp-json\/wp\/v2\/product_brand?post=1743"},{"taxonomy":"product_cat","embeddable":true,"href":"https:\/\/www.aiyin.com\/es\/wp-json\/wp\/v2\/product_cat?post=1743"},{"taxonomy":"product_tag","embeddable":true,"href":"https:\/\/www.aiyin.com\/es\/wp-json\/wp\/v2\/product_tag?post=1743"}],"curies":[{"name":"wp","href":"https:\/\/api.w.org\/{rel}","templated":true}]}}