{"id":1732,"date":"2025-02-18T01:36:31","date_gmt":"2025-02-18T01:36:31","guid":{"rendered":"https:\/\/www.jinghuaceramic.com\/?post_type=product&#038;p=1732"},"modified":"2025-03-28T07:01:30","modified_gmt":"2025-03-28T07:01:30","slug":"wholesale-3-inch-thermal-label-printer-ad230-ad231","status":"publish","type":"product","link":"https:\/\/www.aiyin.com\/es\/product\/wholesale-3-inch-thermal-label-printer-ad230-ad231\/","title":{"rendered":"Mayorista Impresora t\u00e9rmica de etiquetas de 3 pulgadas AD230\/AD231, Impresora profesional de etiquetas adhesivas, Soporta OEM y ODM"},"content":{"rendered":"<h2 class=\"wp-block-heading\">Detalles de la impresora t\u00e9rmica de etiquetas AD230\/AD231<\/h2>\n\n\n\n<hr class=\"wp-block-separator has-alpha-channel-opacity\" \/>\n\n\n\n<figure class=\"wp-block-image size-large\"><img decoding=\"async\" width=\"1261\" height=\"1280\" src=\"https:\/\/www.aiyin.com\/wp-content\/uploads\/2025\/02\/Sticker-Label-Printer-Details-1-1261x1280.webp\" alt=\"Detalles de la impresora de etiquetas adhesivas (1)\" class=\"wp-image-1733\" srcset=\"https:\/\/www.aiyin.com\/wp-content\/uploads\/2025\/02\/Sticker-Label-Printer-Details-1-1261x1280.webp 1261w, https:\/\/www.aiyin.com\/wp-content\/uploads\/2025\/02\/Sticker-Label-Printer-Details-1-768x780.webp 768w, https:\/\/www.aiyin.com\/wp-content\/uploads\/2025\/02\/Sticker-Label-Printer-Details-1-600x609.webp 600w\" sizes=\"(max-width: 1261px) 100vw, 1261px\" \/><\/figure>","protected":false},"excerpt":{"rendered":"<p>Mayorista de impresoras t\u00e9rmicas de etiquetas AD230\/AD231, AD230 admite varios tipos de papel t\u00e9rmico, como papel de etiquetas, papel de recibos y papel autoadhesivo. El cabezal de impresi\u00f3n resistente al desgaste y la larga vida \u00fatil garantizan una calidad de impresi\u00f3n continua y estable, que puede satisfacer eficazmente las necesidades de diversas aplicaciones, como el comercio minorista, la log\u00edstica, los almacenes, la medicina, la producci\u00f3n y la restauraci\u00f3n. Admite servicios OEM y ODM, p\u00f3ngase en contacto con nosotros para solicitar un presupuesto.<\/p>\n<h2>Caracter\u00edsticas de la impresora t\u00e9rmica de etiquetas de 3 pulgadas AD230\/AD231<\/h2>\n<div>\n<p><strong>Dise\u00f1o de cart\u00f3n m\u00e1s grande:<\/strong> La impresora t\u00e9rmica de etiquetas est\u00e1 equipada con un cart\u00f3n grande de 104 mm, que es conveniente para que los usuarios carguen el papel, y el cart\u00f3n externo se puede instalar para satisfacer necesidades m\u00e1s grandes.<\/p>\n<p><strong>Compatibilidad con m\u00faltiples c\u00f3digos de barras:<\/strong> La impresora t\u00e9rmica de etiquetas AD230 admite una gran variedad de c\u00f3digos de barras 1D y 2D, como CODE39, CODE128, c\u00f3digo QR, etc.<\/p>\n<p><strong>M\u00faltiples tipos de papel aplicables:<\/strong> La impresora t\u00e9rmica de etiquetas AD230\/AD231 es compatible con varios tipos de papel t\u00e9rmico, papel t\u00e9rmico autoadhesivo, papel t\u00e9rmico para etiquetas, papel t\u00e9rmico para recibos.<\/p>\n<p><strong>M\u00faltiples escenarios aplicables:<\/strong><\/p>\n<ul>\n<li><strong>Log\u00edstica y distribuci\u00f3n:<\/strong> Adecuado para imprimir etiquetas expr\u00e9s y documentos de transporte para garantizar una transmisi\u00f3n precisa de la informaci\u00f3n durante el proceso log\u00edstico.<\/li>\n<li><strong>Gesti\u00f3n de almacenes:<\/strong> Puede imprimir etiquetas de inventario y c\u00f3digos de barras de productos para facilitar la gesti\u00f3n y el seguimiento de la carga.<\/li>\n<li><strong>Industria m\u00e9dica:<\/strong> Se utiliza para imprimir etiquetas de medicamentos, etiquetas de informaci\u00f3n al paciente, etc. para mejorar la precisi\u00f3n de la gesti\u00f3n de la informaci\u00f3n m\u00e9dica.<\/li>\n<li><strong>Fabricaci\u00f3n:<\/strong> Puede utilizarse para imprimir etiquetas de fecha de producci\u00f3n, c\u00f3digos de trazabilidad de productos, etc. para garantizar la calidad y el cumplimiento de los productos.<\/li>\n<\/ul>\n<\/div>","protected":false},"featured_media":1735,"comment_status":"closed","ping_status":"closed","template":"","meta":{"_acf_changed":true},"product_brand":[],"product_cat":[38],"product_tag":[],"class_list":{"0":"post-1732","1":"product","2":"type-product","3":"status-publish","4":"has-post-thumbnail","6":"product_cat-shipping-label-printer","7":"pa_industrial-grade-no","8":"pa_paper-bin-with-paper-bin","9":"pa_print-width-3-inches","11":"first","12":"instock","13":"shipping-taxable","14":"product-type-simple"},"acf":[],"_links":{"self":[{"href":"https:\/\/www.aiyin.com\/es\/wp-json\/wp\/v2\/product\/1732","targetHints":{"allow":["GET"]}}],"collection":[{"href":"https:\/\/www.aiyin.com\/es\/wp-json\/wp\/v2\/product"}],"about":[{"href":"https:\/\/www.aiyin.com\/es\/wp-json\/wp\/v2\/types\/product"}],"replies":[{"embeddable":true,"href":"https:\/\/www.aiyin.com\/es\/wp-json\/wp\/v2\/comments?post=1732"}],"wp:featuredmedia":[{"embeddable":true,"href":"https:\/\/www.aiyin.com\/es\/wp-json\/wp\/v2\/media\/1735"}],"wp:attachment":[{"href":"https:\/\/www.aiyin.com\/es\/wp-json\/wp\/v2\/media?parent=1732"}],"wp:term":[{"taxonomy":"product_brand","embeddable":true,"href":"https:\/\/www.aiyin.com\/es\/wp-json\/wp\/v2\/product_brand?post=1732"},{"taxonomy":"product_cat","embeddable":true,"href":"https:\/\/www.aiyin.com\/es\/wp-json\/wp\/v2\/product_cat?post=1732"},{"taxonomy":"product_tag","embeddable":true,"href":"https:\/\/www.aiyin.com\/es\/wp-json\/wp\/v2\/product_tag?post=1732"}],"curies":[{"name":"wp","href":"https:\/\/api.w.org\/{rel}","templated":true}]}}