{"id":1728,"date":"2025-02-21T01:11:57","date_gmt":"2025-02-21T01:11:57","guid":{"rendered":"https:\/\/www.jinghuaceramic.com\/?post_type=product&#038;p=1728"},"modified":"2025-03-28T05:22:39","modified_gmt":"2025-03-28T05:22:39","slug":"professional-thermel-label-printer-ac240","status":"publish","type":"product","link":"https:\/\/www.aiyin.com\/es\/product\/professional-thermel-label-printer-ac240\/","title":{"rendered":"Impresora de etiquetas personalizada, Impresora t\u00e9rmica de etiquetas profesional de 4 pulgadas - AC240, Disponible OEM y ODM"},"content":{"rendered":"<h2 class=\"wp-block-heading\">Detalles de la impresora de etiquetas Thermel - AC240<\/h2>\n\n\n\n<hr class=\"wp-block-separator has-alpha-channel-opacity\" \/>\n\n\n\n<figure class=\"wp-block-image size-large\"><img decoding=\"async\" width=\"1265\" height=\"1280\" src=\"https:\/\/www.aiyin.com\/wp-content\/uploads\/2025\/02\/Custom-Label-Printer-AC240-Details-1-1265x1280.webp\" alt=\"Impresora de etiquetas personalizada AC240 Detalles (1)\" class=\"wp-image-1729\" srcset=\"https:\/\/www.aiyin.com\/wp-content\/uploads\/2025\/02\/Custom-Label-Printer-AC240-Details-1-1265x1280.webp 1265w, https:\/\/www.aiyin.com\/wp-content\/uploads\/2025\/02\/Custom-Label-Printer-AC240-Details-1-768x777.webp 768w, https:\/\/www.aiyin.com\/wp-content\/uploads\/2025\/02\/Custom-Label-Printer-AC240-Details-1-600x607.webp 600w, https:\/\/www.aiyin.com\/wp-content\/uploads\/2025\/02\/Custom-Label-Printer-AC240-Details-1-100x100.webp 100w\" sizes=\"(max-width: 1265px) 100vw, 1265px\" \/><\/figure>","protected":false},"excerpt":{"rendered":"<p>F\u00e1brica de impresoras de etiquetas personalizadas a granel de venta directa, proporcionando servicios de impresoras de etiquetas a medida. Proporcionar soluciones de personalizaci\u00f3n profesionales, tales como tama\u00f1o de etiqueta personalizado, velocidad de impresi\u00f3n, funciones del dispositivo, etc. La impresora t\u00e9rmica de etiquetas AC240 es adecuada para diversas necesidades de etiquetado, incluyendo etiquetas de precios, etiquetas de log\u00edstica, etc. Con una interfaz de operaci\u00f3n intuitiva, es f\u00e1cil de configurar y utilizar r\u00e1pidamente. Bienvenido a contactarnos para una cotizaci\u00f3n.<\/p>\n<h2>Caracter\u00edsticas de la impresora t\u00e9rmica de etiquetas de 4 pulgadas - AC240<\/h2>\n<div>\n<p><strong>Servicio personalizado de impresi\u00f3n de etiquetas:<\/strong> AiYin ofrece un servicio de impresora de etiquetas personalizado, que incluye el tama\u00f1o de la etiqueta, la velocidad de impresi\u00f3n, el m\u00e9todo de conexi\u00f3n, el aspecto del dise\u00f1o y la funci\u00f3n.<\/p>\n<p><strong>Gran compatibilidad:<\/strong> La impresora de etiquetas Thermel AC240 admite una gran variedad de formatos de etiquetas, incluido el papel t\u00e9rmico est\u00e1ndar para etiquetas y el papel t\u00e9rmico, y es compatible con varios sistemas operativos, como Windows, Linux, Mac, etc., para garantizar su adaptaci\u00f3n a las distintas necesidades de trabajo.<\/p>\n<p><strong>M\u00faltiples escenarios de aplicaci\u00f3n:<\/strong> La impresora de etiquetas Thermel AC240 se utiliza ampliamente en comercio electr\u00f3nico, log\u00edstica, venta al por menor, almacenamiento y otras industrias, y puede satisfacer diferentes necesidades de impresi\u00f3n de etiquetas, como etiquetas de productos, documentos de env\u00edo, etiquetas de direcciones, etc.<\/p>\n<p><strong>Dise\u00f1o que ahorra espacio:<\/strong> Su tama\u00f1o compacto y su aspecto moderno son adecuados para colocarlos sobre escritorios o bancos de trabajo, no ocupan demasiado espacio y son f\u00e1ciles de mover y guardar.<\/p>\n<\/div>","protected":false},"featured_media":1731,"comment_status":"closed","ping_status":"closed","template":"","meta":{"_acf_changed":false},"product_brand":[],"product_cat":[38],"product_tag":[],"class_list":{"0":"post-1728","1":"product","2":"type-product","3":"status-publish","4":"has-post-thumbnail","6":"product_cat-shipping-label-printer","7":"pa_industrial-grade-no","8":"pa_paper-bin-with-paper-bin","9":"pa_print-width-4-inches","11":"first","12":"instock","13":"shipping-taxable","14":"product-type-simple"},"acf":[],"_links":{"self":[{"href":"https:\/\/www.aiyin.com\/es\/wp-json\/wp\/v2\/product\/1728","targetHints":{"allow":["GET"]}}],"collection":[{"href":"https:\/\/www.aiyin.com\/es\/wp-json\/wp\/v2\/product"}],"about":[{"href":"https:\/\/www.aiyin.com\/es\/wp-json\/wp\/v2\/types\/product"}],"replies":[{"embeddable":true,"href":"https:\/\/www.aiyin.com\/es\/wp-json\/wp\/v2\/comments?post=1728"}],"wp:featuredmedia":[{"embeddable":true,"href":"https:\/\/www.aiyin.com\/es\/wp-json\/wp\/v2\/media\/1731"}],"wp:attachment":[{"href":"https:\/\/www.aiyin.com\/es\/wp-json\/wp\/v2\/media?parent=1728"}],"wp:term":[{"taxonomy":"product_brand","embeddable":true,"href":"https:\/\/www.aiyin.com\/es\/wp-json\/wp\/v2\/product_brand?post=1728"},{"taxonomy":"product_cat","embeddable":true,"href":"https:\/\/www.aiyin.com\/es\/wp-json\/wp\/v2\/product_cat?post=1728"},{"taxonomy":"product_tag","embeddable":true,"href":"https:\/\/www.aiyin.com\/es\/wp-json\/wp\/v2\/product_tag?post=1728"}],"curies":[{"name":"wp","href":"https:\/\/api.w.org\/{rel}","templated":true}]}}