{"id":1713,"date":"2025-02-21T09:32:01","date_gmt":"2025-02-21T09:32:01","guid":{"rendered":"https:\/\/www.jinghuaceramic.com\/?post_type=product&#038;p=1713"},"modified":"2025-03-28T07:03:05","modified_gmt":"2025-03-28T07:03:05","slug":"wholesale-bluetooth-label-printer-a82","status":"publish","type":"product","link":"https:\/\/www.aiyin.com\/es\/product\/wholesale-bluetooth-label-printer-a82\/","title":{"rendered":"Mayorista Impresora de Etiquetas Bluetooth de 4 pulgadas - A82, Proporcionando Servicio de Impresora de Etiquetas Personalizadas, Soporta M\u00faltiples Escenarios"},"content":{"rendered":"<h2 class=\"wp-block-heading\">Detalles de la impresora de etiquetas Bluetooth - A82<\/h2>\n\n\n\n<hr class=\"wp-block-separator has-alpha-channel-opacity\" \/>\n\n\n\n<figure class=\"wp-block-image size-large\"><img decoding=\"async\" width=\"1268\" height=\"1280\" src=\"https:\/\/www.aiyin.com\/wp-content\/uploads\/2025\/02\/bluetooth-label-printer-details-1-1268x1280.webp\" alt=\"detalles de la impresora de etiquetas bluetooth (1)\" class=\"wp-image-1714\" srcset=\"https:\/\/www.aiyin.com\/wp-content\/uploads\/2025\/02\/bluetooth-label-printer-details-1-1268x1280.webp 1268w, https:\/\/www.aiyin.com\/wp-content\/uploads\/2025\/02\/bluetooth-label-printer-details-1-150x150.webp 150w, https:\/\/www.aiyin.com\/wp-content\/uploads\/2025\/02\/bluetooth-label-printer-details-1-768x775.webp 768w, https:\/\/www.aiyin.com\/wp-content\/uploads\/2025\/02\/bluetooth-label-printer-details-1-600x606.webp 600w, https:\/\/www.aiyin.com\/wp-content\/uploads\/2025\/02\/bluetooth-label-printer-details-1-100x100.webp 100w\" sizes=\"(max-width: 1268px) 100vw, 1268px\" \/><\/figure>","protected":false},"excerpt":{"rendered":"<p>Impresora de etiquetas Bluetooth al por mayor, que proporciona conexi\u00f3n inal\u00e1mbrica y soluciones de impresi\u00f3n r\u00e1pidas, compatible con la impresi\u00f3n de c\u00f3digos de barras 1D y 2D, adecuada para el etiquetado de productos b\u00e1sicos, gesti\u00f3n de inventario, impresi\u00f3n de entrega urgente y otros escenarios. Especialmente adecuada para tiendas minoristas, gesti\u00f3n de almacenes e industrias log\u00edsticas. La r\u00e1pida velocidad de impresi\u00f3n garantiza un funcionamiento eficaz, perfectamente adaptado a las necesidades de las empresas modernas. Admite OEM y ODM, p\u00f3ngase en contacto con nosotros para obtener un presupuesto.<\/p>\n<h2>Caracter\u00edsticas de la impresora de etiquetas Bluetooth - A82<\/h2>\n<div>\n<p><strong>Conexi\u00f3n inal\u00e1mbrica:<\/strong> La impresora de etiquetas Bluetooth A82 es compatible con la tecnolog\u00eda Bluetooth, que permite la conexi\u00f3n inal\u00e1mbrica con diversos dispositivos m\u00f3viles, simplificando el proceso de conexi\u00f3n entre dispositivos.<\/p>\n<p><strong>Dise\u00f1o que ahorra espacio:<\/strong> Se ha adoptado el dise\u00f1o sin papel, y la abertura lateral es conveniente para colocar el papel, proporcionando una experiencia de operaci\u00f3n suave y una impresi\u00f3n r\u00e1pida.<\/p>\n<p><strong>Cabezal de impresi\u00f3n resistente al desgaste:<\/strong> La impresora de etiquetas Bluetooth A82 cuenta con un cabezal de impresi\u00f3n profesional resistente al desgaste que garantiza una calidad de impresi\u00f3n n\u00edtida y duradera.<\/p>\n<p><strong>Adecuado para varios tama\u00f1os de papel:<\/strong> La impresora de etiquetas Bluetooth A82 admite papel t\u00e9rmico para etiquetas, con anchura de papel ajustable, apta para papel de 40-112 mm.<\/p>\n<p><strong>Versatilidad:<\/strong><\/p>\n<ul>\n<li><strong>Industria minorista:<\/strong> Impresi\u00f3n de etiquetas de productos, utilizadas para imprimir etiquetas de precios, c\u00f3digos de barras e instrucciones en los productos.<\/li>\n<li><strong>Etiquetas de env\u00edo:<\/strong> Garantizar la entrega precisa de la informaci\u00f3n log\u00edstica mediante la impresi\u00f3n de \u00f3rdenes de env\u00edo y etiquetas de carga.<\/li>\n<li><strong>Etiquetas de documentos:<\/strong> Imprima r\u00e1pidamente etiquetas de carpetas y archivos para mejorar la eficacia de la oficina y la estandarizaci\u00f3n de la gesti\u00f3n de documentos.<\/li>\n<\/ul>\n<\/div>","protected":false},"featured_media":1716,"comment_status":"closed","ping_status":"closed","template":"","meta":{"_acf_changed":true},"product_brand":[],"product_cat":[38],"product_tag":[],"class_list":{"0":"post-1713","1":"product","2":"type-product","3":"status-publish","4":"has-post-thumbnail","6":"product_cat-shipping-label-printer","7":"pa_industrial-grade-no","8":"pa_paper-bin-without-paper-bin","9":"pa_print-width-4-inches","11":"first","12":"instock","13":"shipping-taxable","14":"product-type-simple"},"acf":[],"_links":{"self":[{"href":"https:\/\/www.aiyin.com\/es\/wp-json\/wp\/v2\/product\/1713","targetHints":{"allow":["GET"]}}],"collection":[{"href":"https:\/\/www.aiyin.com\/es\/wp-json\/wp\/v2\/product"}],"about":[{"href":"https:\/\/www.aiyin.com\/es\/wp-json\/wp\/v2\/types\/product"}],"replies":[{"embeddable":true,"href":"https:\/\/www.aiyin.com\/es\/wp-json\/wp\/v2\/comments?post=1713"}],"wp:featuredmedia":[{"embeddable":true,"href":"https:\/\/www.aiyin.com\/es\/wp-json\/wp\/v2\/media\/1716"}],"wp:attachment":[{"href":"https:\/\/www.aiyin.com\/es\/wp-json\/wp\/v2\/media?parent=1713"}],"wp:term":[{"taxonomy":"product_brand","embeddable":true,"href":"https:\/\/www.aiyin.com\/es\/wp-json\/wp\/v2\/product_brand?post=1713"},{"taxonomy":"product_cat","embeddable":true,"href":"https:\/\/www.aiyin.com\/es\/wp-json\/wp\/v2\/product_cat?post=1713"},{"taxonomy":"product_tag","embeddable":true,"href":"https:\/\/www.aiyin.com\/es\/wp-json\/wp\/v2\/product_tag?post=1713"}],"curies":[{"name":"wp","href":"https:\/\/api.w.org\/{rel}","templated":true}]}}