{"id":1705,"date":"2025-02-21T10:56:31","date_gmt":"2025-02-21T10:56:31","guid":{"rendered":"https:\/\/www.jinghuaceramic.com\/?post_type=product&#038;p=1705"},"modified":"2025-03-28T07:04:22","modified_gmt":"2025-03-28T07:04:22","slug":"wholesale-4-inch-business-label-printer-a81","status":"publish","type":"product","link":"https:\/\/www.aiyin.com\/es\/product\/wholesale-4-inch-business-label-printer-a81\/","title":{"rendered":"Mayorista 4 pulgadas Business Label Printer - A81, Soporte OEM y ODM - AiYin Fabricante de Impresoras de Etiquetas"},"content":{"rendered":"<h2 class=\"wp-block-heading\">Detalles de la impresora de etiquetas profesionales de 4 pulgadas - A81<\/h2>\n\n\n\n<hr class=\"wp-block-separator has-alpha-channel-opacity\" \/>\n\n\n\n<figure class=\"wp-block-image size-large\"><img decoding=\"async\" width=\"1268\" height=\"1280\" src=\"https:\/\/www.aiyin.com\/wp-content\/uploads\/2025\/02\/4-inch-Business-Label-Printer-Details-1-1268x1280.webp\" alt=\"Detalles de la impresora de etiquetas comerciales de 4 pulgadas (1)\" class=\"wp-image-1706\" srcset=\"https:\/\/www.aiyin.com\/wp-content\/uploads\/2025\/02\/4-inch-Business-Label-Printer-Details-1-1268x1280.webp 1268w, https:\/\/www.aiyin.com\/wp-content\/uploads\/2025\/02\/4-inch-Business-Label-Printer-Details-1-150x150.webp 150w, https:\/\/www.aiyin.com\/wp-content\/uploads\/2025\/02\/4-inch-Business-Label-Printer-Details-1-768x775.webp 768w, https:\/\/www.aiyin.com\/wp-content\/uploads\/2025\/02\/4-inch-Business-Label-Printer-Details-1-600x606.webp 600w, https:\/\/www.aiyin.com\/wp-content\/uploads\/2025\/02\/4-inch-Business-Label-Printer-Details-1-100x100.webp 100w\" sizes=\"(max-width: 1268px) 100vw, 1268px\" \/><\/figure>","protected":false},"excerpt":{"rendered":"<p>Impresora de etiquetas de 4 pulgadas al por mayor, con caracter\u00edsticas tales como impresi\u00f3n r\u00e1pida, alimentaci\u00f3n autom\u00e1tica de papel y alta resoluci\u00f3n, adecuada para las necesidades de impresi\u00f3n de etiquetas eficientes en diversas industrias. Ampliamente utilizada en supermercados, log\u00edstica, catering y otras industrias, soporta la impresi\u00f3n de c\u00f3digos de barras 1D y 2D. Con capacidad para procesar 4200 pedidos por hora, es una opci\u00f3n ideal para mejorar la eficiencia en el trabajo. Adecuada para env\u00edos a granel, gesti\u00f3n de almacenes y minoristas. <strong>Admite OEM y ODM, p\u00f3ngase en contacto con nosotros para obtener un presupuesto.<\/strong><\/p>\n<h2>Caracter\u00edsticas de la impresora de etiquetas profesional de 4 pulgadas - A81<\/h2>\n<div>\n<p><strong>Dise\u00f1o que ahorra espacio:<\/strong> La impresora de etiquetas profesional a81 adopta un dise\u00f1o exclusivo sin bandeja de papel y tapa de apertura lateral, que hace que la colocaci\u00f3n del papel y las operaciones de impresi\u00f3n sean m\u00e1s c\u00f3modas y ahorren espacio.<\/p>\n<p><strong>Impresi\u00f3n r\u00e1pida:<\/strong> La impresora de etiquetas para empresas A81 tiene una velocidad de impresi\u00f3n de 150 mm\/s y puede procesar unos 4.200 pedidos por hora, lo que satisface las necesidades de impresi\u00f3n eficiente de etiquetas.<\/p>\n<p><strong>Alta resoluci\u00f3n de impresi\u00f3n:<\/strong> Con una resoluci\u00f3n de impresi\u00f3n de 203 ppp, es adecuada para c\u00f3digos de barras 1d (como codabar, code128, etc.) y c\u00f3digos de barras 2d (como pdf417, c\u00f3digo qr, etc.).<\/p>\n<p><strong>Interfaz de alta calidad:<\/strong> La impresora de etiquetas profesional a81 dispone de una interfaz USB y conexi\u00f3n bluetooth opcional para imprimir c\u00f3modamente sin cables.<\/p>\n<p><strong>Peso moderado:<\/strong> El aparato pesa 904 g, lo que facilita su colocaci\u00f3n y uso.<\/p>\n<\/div>","protected":false},"featured_media":1708,"comment_status":"closed","ping_status":"closed","template":"","meta":{"_acf_changed":false},"product_brand":[],"product_cat":[38],"product_tag":[],"class_list":{"0":"post-1705","1":"product","2":"type-product","3":"status-publish","4":"has-post-thumbnail","6":"product_cat-shipping-label-printer","7":"pa_industrial-grade-no","8":"pa_paper-bin-without-paper-bin","9":"pa_print-width-4-inches","11":"first","12":"instock","13":"shipping-taxable","14":"product-type-simple"},"acf":[],"_links":{"self":[{"href":"https:\/\/www.aiyin.com\/es\/wp-json\/wp\/v2\/product\/1705","targetHints":{"allow":["GET"]}}],"collection":[{"href":"https:\/\/www.aiyin.com\/es\/wp-json\/wp\/v2\/product"}],"about":[{"href":"https:\/\/www.aiyin.com\/es\/wp-json\/wp\/v2\/types\/product"}],"replies":[{"embeddable":true,"href":"https:\/\/www.aiyin.com\/es\/wp-json\/wp\/v2\/comments?post=1705"}],"wp:featuredmedia":[{"embeddable":true,"href":"https:\/\/www.aiyin.com\/es\/wp-json\/wp\/v2\/media\/1708"}],"wp:attachment":[{"href":"https:\/\/www.aiyin.com\/es\/wp-json\/wp\/v2\/media?parent=1705"}],"wp:term":[{"taxonomy":"product_brand","embeddable":true,"href":"https:\/\/www.aiyin.com\/es\/wp-json\/wp\/v2\/product_brand?post=1705"},{"taxonomy":"product_cat","embeddable":true,"href":"https:\/\/www.aiyin.com\/es\/wp-json\/wp\/v2\/product_cat?post=1705"},{"taxonomy":"product_tag","embeddable":true,"href":"https:\/\/www.aiyin.com\/es\/wp-json\/wp\/v2\/product_tag?post=1705"}],"curies":[{"name":"wp","href":"https:\/\/api.w.org\/{rel}","templated":true}]}}