{"id":1687,"date":"2025-02-21T12:55:52","date_gmt":"2025-02-21T12:55:52","guid":{"rendered":"https:\/\/www.jinghuaceramic.com\/?post_type=product&#038;p=1687"},"modified":"2025-03-28T05:21:18","modified_gmt":"2025-03-28T05:21:18","slug":"wholesale-3-inch-wireless-shipping-thermal-label-printer","status":"publish","type":"product","link":"https:\/\/www.aiyin.com\/es\/product\/wholesale-3-inch-wireless-shipping-thermal-label-printer\/","title":{"rendered":"Mayorista Impresora T\u00e9rmica de Etiquetas de Env\u00edo Inal\u00e1mbrica de 3 pulgadas - A71, Soporta OEM y ODM"},"content":{"rendered":"<h2 class=\"wp-block-heading\">Detalles de la impresora inal\u00e1mbrica de etiquetas de env\u00edo - A71<\/h2>\n\n\n\n<hr class=\"wp-block-separator has-alpha-channel-opacity\" \/>\n\n\n\n<figure class=\"wp-block-image size-large\"><img decoding=\"async\" width=\"1263\" height=\"1280\" src=\"https:\/\/www.aiyin.com\/wp-content\/uploads\/2025\/02\/Wireless-Shipping-Thermal-Label-Printer-Details-1-1263x1280.webp\" alt=\"Detalles de la impresora t\u00e9rmica de etiquetas de env\u00edo inal\u00e1mbrica (1)\" class=\"wp-image-1698\" srcset=\"https:\/\/www.aiyin.com\/wp-content\/uploads\/2025\/02\/Wireless-Shipping-Thermal-Label-Printer-Details-1-1263x1280.webp 1263w, https:\/\/www.aiyin.com\/wp-content\/uploads\/2025\/02\/Wireless-Shipping-Thermal-Label-Printer-Details-1-768x778.webp 768w, https:\/\/www.aiyin.com\/wp-content\/uploads\/2025\/02\/Wireless-Shipping-Thermal-Label-Printer-Details-1-600x608.webp 600w, https:\/\/www.aiyin.com\/wp-content\/uploads\/2025\/02\/Wireless-Shipping-Thermal-Label-Printer-Details-1-100x100.webp 100w\" sizes=\"(max-width: 1263px) 100vw, 1263px\" \/><\/figure>","protected":false},"excerpt":{"rendered":"<p>Impresoras t\u00e9rmicas de etiquetas para env\u00edos inal\u00e1mbricos al por mayor, que proporcionan soluciones de impresi\u00f3n de etiquetas r\u00e1pidas y eficientes. Soporta papel de etiquetas t\u00e9rmicas de 48mm a 80mm de ancho, puede procesar alrededor de 5000 pedidos por hora, adecuado para diversas necesidades de la industria. Soporta OEM y ODM, bienvenido a contactarnos para una cotizaci\u00f3n.<\/p>\n<h2>Caracter\u00edsticas de la impresora inal\u00e1mbrica de etiquetas de env\u00edo - A71<\/h2>\n<div>\n<p><strong>Compacto y pr\u00e1ctico:<\/strong> La impresora t\u00e9rmica de etiquetas de env\u00edo inal\u00e1mbrica 35% es m\u00e1s peque\u00f1a que las impresoras normales, ahorra espacio y es f\u00e1cil de transportar.<\/p>\n<p><strong>R\u00e1pida velocidad de impresi\u00f3n:<\/strong> La impresora t\u00e9rmica de etiquetas de env\u00edo inal\u00e1mbrica tiene una velocidad de impresi\u00f3n de 220 mm\/s y puede procesar unos 5.000 pedidos por hora.<\/p>\n<p><strong>Funci\u00f3n de alimentaci\u00f3n autom\u00e1tica de papel:<\/strong> La impresora t\u00e9rmica de etiquetas de env\u00edo inal\u00e1mbrica no necesita abrir la cubierta, alimentaci\u00f3n autom\u00e1tica de papel y ajuste autom\u00e1tico de la posici\u00f3n del papel para evitar atascos o saltos de papel.<\/p>\n<p><strong>Amplia compatibilidad:<\/strong> La impresi\u00f3n inteligente se consigue mediante un software compatible con los sistemas windows, mac, android e ios.<\/p>\n<p style=\"text-align: left\"><strong>Tama\u00f1o de papel flexible:<\/strong> La impresora t\u00e9rmica de etiquetas de env\u00edo inal\u00e1mbrica admite anchos de papel de 48 mm a 80 mm, satisfaciendo las necesidades de diversos tipos de escenarios, adecuados para log\u00edstica, medicina, comercio minorista y otras industrias.<\/p>\n<\/div>","protected":false},"featured_media":1693,"comment_status":"closed","ping_status":"closed","template":"","meta":{"_acf_changed":true},"product_brand":[],"product_cat":[38],"product_tag":[],"class_list":{"0":"post-1687","1":"product","2":"type-product","3":"status-publish","4":"has-post-thumbnail","6":"product_cat-shipping-label-printer","7":"pa_industrial-grade-no","8":"pa_paper-bin-without-paper-bin","9":"pa_print-width-3-inches","11":"first","12":"instock","13":"shipping-taxable","14":"product-type-simple"},"acf":[],"_links":{"self":[{"href":"https:\/\/www.aiyin.com\/es\/wp-json\/wp\/v2\/product\/1687","targetHints":{"allow":["GET"]}}],"collection":[{"href":"https:\/\/www.aiyin.com\/es\/wp-json\/wp\/v2\/product"}],"about":[{"href":"https:\/\/www.aiyin.com\/es\/wp-json\/wp\/v2\/types\/product"}],"replies":[{"embeddable":true,"href":"https:\/\/www.aiyin.com\/es\/wp-json\/wp\/v2\/comments?post=1687"}],"wp:featuredmedia":[{"embeddable":true,"href":"https:\/\/www.aiyin.com\/es\/wp-json\/wp\/v2\/media\/1693"}],"wp:attachment":[{"href":"https:\/\/www.aiyin.com\/es\/wp-json\/wp\/v2\/media?parent=1687"}],"wp:term":[{"taxonomy":"product_brand","embeddable":true,"href":"https:\/\/www.aiyin.com\/es\/wp-json\/wp\/v2\/product_brand?post=1687"},{"taxonomy":"product_cat","embeddable":true,"href":"https:\/\/www.aiyin.com\/es\/wp-json\/wp\/v2\/product_cat?post=1687"},{"taxonomy":"product_tag","embeddable":true,"href":"https:\/\/www.aiyin.com\/es\/wp-json\/wp\/v2\/product_tag?post=1687"}],"curies":[{"name":"wp","href":"https:\/\/api.w.org\/{rel}","templated":true}]}}