{"id":617,"date":"2025-02-20T13:40:36","date_gmt":"2025-02-20T13:40:36","guid":{"rendered":"https:\/\/www.jinghuaceramic.com\/?post_type=product&#038;p=617"},"modified":"2025-03-28T06:47:33","modified_gmt":"2025-03-28T06:47:33","slug":"wholesale-thermal-label-printer-as220","status":"publish","type":"product","link":"https:\/\/www.aiyin.com\/de\/product\/wholesale-thermal-label-printer-as220\/","title":{"rendered":"Gro\u00dfhandel 2,5 Zoll Thermo-Etikettendrucker - AS220, AiYin Etikettendrucker Hersteller"},"content":{"rendered":"<h2 class=\"wp-block-heading\">Details zum Thermo-Etikettendrucker - AS220<\/h2>\n\n\n\n<hr class=\"wp-block-separator has-alpha-channel-opacity\" \/>\n\n\n<style>.kb-image617_38ff43-96 .kb-image-has-overlay:after{opacity:0.3;}<\/style>\n<figure class=\"wp-block-kadence-image kb-image617_38ff43-96 size-large\"><img decoding=\"async\" width=\"903\" height=\"1280\" src=\"https:\/\/www.aiyin.com\/wp-content\/uploads\/2025\/02\/11-1-903x1280.jpg\" alt=\"\" class=\"kb-img wp-image-2934\" srcset=\"https:\/\/www.aiyin.com\/wp-content\/uploads\/2025\/02\/11-1-903x1280.jpg 903w, https:\/\/www.aiyin.com\/wp-content\/uploads\/2025\/02\/11-1-768x1089.jpg 768w, https:\/\/www.aiyin.com\/wp-content\/uploads\/2025\/02\/11-1-600x851.jpg 600w, https:\/\/www.aiyin.com\/wp-content\/uploads\/2025\/02\/11-1.jpg 1920w\" sizes=\"(max-width: 903px) 100vw, 903px\" \/><\/figure>\n\n\n<style>.kb-image617_7388f3-4b .kb-image-has-overlay:after{opacity:0.3;}<\/style>\n<figure class=\"wp-block-kadence-image kb-image617_7388f3-4b size-large\"><img decoding=\"async\" width=\"1072\" height=\"1280\" src=\"https:\/\/www.aiyin.com\/wp-content\/uploads\/2025\/02\/AS220-Product-introduction-V1.0_00-1072x1280.webp\" alt=\"\" class=\"kb-img wp-image-4113\" srcset=\"https:\/\/www.aiyin.com\/wp-content\/uploads\/2025\/02\/AS220-Product-introduction-V1.0_00-1072x1280.webp 1072w, https:\/\/www.aiyin.com\/wp-content\/uploads\/2025\/02\/AS220-Product-introduction-V1.0_00-768x917.webp 768w, https:\/\/www.aiyin.com\/wp-content\/uploads\/2025\/02\/AS220-Product-introduction-V1.0_00-600x716.webp 600w\" sizes=\"(max-width: 1072px) 100vw, 1072px\" \/><\/figure>\n\n\n\n<figure class=\"wp-block-image size-large\"><img decoding=\"async\" width=\"655\" height=\"1280\" src=\"https:\/\/www.aiyin.com\/wp-content\/uploads\/2025\/01\/thermal-label-printer-AS220-details-3-655x1280.webp\" alt=\"Thermo-Etikettendrucker AS220 Details (3)\" class=\"wp-image-1769\" srcset=\"https:\/\/www.aiyin.com\/wp-content\/uploads\/2025\/01\/thermal-label-printer-AS220-details-3-655x1280.webp 655w, https:\/\/www.aiyin.com\/wp-content\/uploads\/2025\/01\/thermal-label-printer-AS220-details-3-768x1501.webp 768w, https:\/\/www.aiyin.com\/wp-content\/uploads\/2025\/01\/thermal-label-printer-AS220-details-3-600x1173.webp 600w, https:\/\/www.aiyin.com\/wp-content\/uploads\/2025\/01\/thermal-label-printer-AS220-details-3.webp 2000w\" sizes=\"(max-width: 655px) 100vw, 655px\" \/><\/figure>\n\n\n\n<figure class=\"wp-block-image size-large\"><img decoding=\"async\" width=\"647\" height=\"1280\" src=\"https:\/\/www.aiyin.com\/wp-content\/uploads\/2025\/02\/AS220-Product-introduction-V1.0_02-647x1280.webp\" alt=\"\" class=\"wp-image-4115\" srcset=\"https:\/\/www.aiyin.com\/wp-content\/uploads\/2025\/02\/AS220-Product-introduction-V1.0_02-647x1280.webp 647w, https:\/\/www.aiyin.com\/wp-content\/uploads\/2025\/02\/AS220-Product-introduction-V1.0_02-768x1519.webp 768w, https:\/\/www.aiyin.com\/wp-content\/uploads\/2025\/02\/AS220-Product-introduction-V1.0_02-600x1187.webp 600w\" sizes=\"(max-width: 647px) 100vw, 647px\" \/><\/figure>\n\n\n\n<figure class=\"wp-block-image size-large\"><img decoding=\"async\" width=\"886\" height=\"1280\" src=\"https:\/\/www.aiyin.com\/wp-content\/uploads\/2025\/02\/AS220-Product-introduction-V1.0_03-886x1280.webp\" alt=\"\" class=\"wp-image-4116\" srcset=\"https:\/\/www.aiyin.com\/wp-content\/uploads\/2025\/02\/AS220-Product-introduction-V1.0_03-886x1280.webp 886w, https:\/\/www.aiyin.com\/wp-content\/uploads\/2025\/02\/AS220-Product-introduction-V1.0_03-768x1110.webp 768w, https:\/\/www.aiyin.com\/wp-content\/uploads\/2025\/02\/AS220-Product-introduction-V1.0_03-600x867.webp 600w\" sizes=\"(max-width: 886px) 100vw, 886px\" \/><\/figure>\n\n\n\n<figure class=\"wp-block-image size-large\"><img decoding=\"async\" width=\"1280\" height=\"995\" src=\"https:\/\/www.aiyin.com\/wp-content\/uploads\/2025\/02\/AS220-Product-introduction-V1.0_04-1280x995.webp\" alt=\"\" class=\"wp-image-4117\" srcset=\"https:\/\/www.aiyin.com\/wp-content\/uploads\/2025\/02\/AS220-Product-introduction-V1.0_04-1280x995.webp 1280w, https:\/\/www.aiyin.com\/wp-content\/uploads\/2025\/02\/AS220-Product-introduction-V1.0_04-768x597.webp 768w, https:\/\/www.aiyin.com\/wp-content\/uploads\/2025\/02\/AS220-Product-introduction-V1.0_04-600x466.webp 600w\" sizes=\"(max-width: 1280px) 100vw, 1280px\" \/><\/figure>\n\n\n\n<figure class=\"wp-block-image size-large\"><img decoding=\"async\" width=\"1280\" height=\"1077\" src=\"https:\/\/www.aiyin.com\/wp-content\/uploads\/2025\/02\/AS220-Product-introduction-V1.0_05-1280x1077.webp\" alt=\"\" class=\"wp-image-4118\" srcset=\"https:\/\/www.aiyin.com\/wp-content\/uploads\/2025\/02\/AS220-Product-introduction-V1.0_05-1280x1077.webp 1280w, https:\/\/www.aiyin.com\/wp-content\/uploads\/2025\/02\/AS220-Product-introduction-V1.0_05-768x646.webp 768w, https:\/\/www.aiyin.com\/wp-content\/uploads\/2025\/02\/AS220-Product-introduction-V1.0_05-600x505.webp 600w\" sizes=\"(max-width: 1280px) 100vw, 1280px\" \/><\/figure>\n\n\n\n<figure class=\"wp-block-image size-large\"><img decoding=\"async\" width=\"1280\" height=\"876\" src=\"https:\/\/www.aiyin.com\/wp-content\/uploads\/2025\/01\/thermal-label-printer-AS220-details-1-1280x876.webp\" alt=\"Thermo-Etikettendrucker AS220 Details (1)\" class=\"wp-image-1767\" srcset=\"https:\/\/www.aiyin.com\/wp-content\/uploads\/2025\/01\/thermal-label-printer-AS220-details-1-1280x876.webp 1280w, https:\/\/www.aiyin.com\/wp-content\/uploads\/2025\/01\/thermal-label-printer-AS220-details-1-768x526.webp 768w, https:\/\/www.aiyin.com\/wp-content\/uploads\/2025\/01\/thermal-label-printer-AS220-details-1-600x411.webp 600w, https:\/\/www.aiyin.com\/wp-content\/uploads\/2025\/01\/thermal-label-printer-AS220-details-1.webp 2000w\" sizes=\"(max-width: 1280px) 100vw, 1280px\" \/><\/figure>","protected":false},"excerpt":{"rendered":"<p>Der Gro\u00dfhandels-Thermo-Rollo-Etikettendrucker AS220 ist einer der besten Versandetikettendrucker, ausgestattet mit einem 127-mm-Papierbeh\u00e4lter mit gro\u00dfer Kapazit\u00e4t, geeignet f\u00fcr E-Commerce, Lagerlogistik und Einzelhandel und andere Szenarien. Vollst\u00e4ndig kompatibel mit Mainstream-E-Commerce-Plattformen und internationalen Expresslieferungen. Aiyin Etikettendrucker Hersteller bietet oem und odm kundenspezifische Dienstleistungen, kontaktieren Sie uns f\u00fcr ein Angebot.<\/p>\n<h2>Merkmale des 2,5-Zoll-Thermo-Rollo-Etikettendruckers <span class=\"notranslate fyzs-translate-target fyzs-translate-target-wrapper\" style=\"vertical-align: inherit\"><span class=\"notranslate fyzs-translate-target fyzs-translate-target-box\" style=\"vertical-align: inherit\"><span class=\"notranslate fyzs-translate-target fyzs-translate-target-text\" style=\"vertical-align: inherit\" title=\"Merkmale des 2,5 Zoll Thermo-Etikettendruckers - AS220\">-AS220<\/span><\/span><\/span><\/h2>\n<div>\n<p><strong>Papierbeh\u00e4lter mit gro\u00dfem Fassungsverm\u00f6gen:<\/strong> Der Etikettendrucker AS220 ist mit einem 127-mm-Papierbeh\u00e4lter mit gro\u00dfem Durchmesser ausgestattet, wodurch sich der Aufwand f\u00fcr den h\u00e4ufigen Papierwechsel verringert.<\/p>\n<p><strong>Unterst\u00fctzung f\u00fcr Etiketten in verschiedenen Gr\u00f6\u00dfen:<\/strong> Der Etikettendrucker AS220 unterst\u00fctzt Papierbreiten von 15-65 mm, was den Anforderungen unterschiedlicher Szenarien gerecht wird.<\/p>\n<p><strong>Anschluss und Bearbeitung von mehreren Terminals:<\/strong> Unterst\u00fctzt die Bluetooth- und USB-Verbindung von Mobiltelefonen und Computern, die Synchronisierung von Vorlageninformationen in der Cloud sowie einfache und bequeme Bearbeitungsfunktionen.<\/p>\n<p><strong>Leistungsstarkes Energiesystem:<\/strong> Ausgestattet mit dem gleichen Motor mit gro\u00dfem Durchmesser wie der 4-Zoll-Drucker, kann er problemlos Etikettenpapier aus verschiedenen Materialien und in verschiedenen St\u00e4rken verarbeiten.<\/p>\n<p><strong>Unabh\u00e4ngige Funktionstasten:<\/strong> Ausgestattet mit unabh\u00e4ngigen Tasten wie Einschalten, Nachdrucken, \u00d6ffnen des Deckels, Pause usw., ist die Bedienung bequemer und sicherer.<\/p>\n<p><strong>Kundenspezifischer Etikettendrucker-Service: <\/strong>AiYin bietet professionelle OEM- und ODM-Dienstleistungen f\u00fcr kundenspezifische Etikettendrucker. Unsere kundenspezifischen Dienstleistungen umfassen kundenspezifisches Aussehen, Funktionen, Etikettentypen, und bieten effiziente Software-Tools.<\/p>\n<\/div>","protected":false},"featured_media":1773,"comment_status":"closed","ping_status":"closed","template":"","meta":{"_acf_changed":true},"product_brand":[],"product_cat":[38],"product_tag":[],"class_list":{"0":"post-617","1":"product","2":"type-product","3":"status-publish","4":"has-post-thumbnail","6":"product_cat-shipping-label-printer","7":"pa_industrial-grade-no","8":"pa_paper-bin-with-paper-bin","9":"pa_print-width-2-5-inches","11":"first","12":"instock","13":"shipping-taxable","14":"product-type-simple"},"acf":[],"_links":{"self":[{"href":"https:\/\/www.aiyin.com\/de\/wp-json\/wp\/v2\/product\/617","targetHints":{"allow":["GET"]}}],"collection":[{"href":"https:\/\/www.aiyin.com\/de\/wp-json\/wp\/v2\/product"}],"about":[{"href":"https:\/\/www.aiyin.com\/de\/wp-json\/wp\/v2\/types\/product"}],"replies":[{"embeddable":true,"href":"https:\/\/www.aiyin.com\/de\/wp-json\/wp\/v2\/comments?post=617"}],"wp:featuredmedia":[{"embeddable":true,"href":"https:\/\/www.aiyin.com\/de\/wp-json\/wp\/v2\/media\/1773"}],"wp:attachment":[{"href":"https:\/\/www.aiyin.com\/de\/wp-json\/wp\/v2\/media?parent=617"}],"wp:term":[{"taxonomy":"product_brand","embeddable":true,"href":"https:\/\/www.aiyin.com\/de\/wp-json\/wp\/v2\/product_brand?post=617"},{"taxonomy":"product_cat","embeddable":true,"href":"https:\/\/www.aiyin.com\/de\/wp-json\/wp\/v2\/product_cat?post=617"},{"taxonomy":"product_tag","embeddable":true,"href":"https:\/\/www.aiyin.com\/de\/wp-json\/wp\/v2\/product_tag?post=617"}],"curies":[{"name":"wp","href":"https:\/\/api.w.org\/{rel}","templated":true}]}}