{"id":5569,"date":"2025-10-14T02:03:37","date_gmt":"2025-10-14T02:03:37","guid":{"rendered":"https:\/\/www.aiyin.com\/?post_type=product&#038;p=5569"},"modified":"2025-10-28T06:52:04","modified_gmt":"2025-10-28T06:52:04","slug":"wholesale-mini-handheld-photo-printer-p21-take-photos-immediately-and-print-them-out-you-can-also-record-videos","status":"publish","type":"product","link":"https:\/\/www.aiyin.com\/de\/product\/wholesale-mini-handheld-photo-printer-p21-take-photos-immediately-and-print-them-out-you-can-also-record-videos\/","title":{"rendered":"Wholesale Mini Handheld Photo Printer - P21, nehmen Sie Fotos sofort und drucken Sie sie aus. Sie k\u00f6nnen auch Videos aufnehmen"},"content":{"rendered":"<h2 class=\"wp-block-heading\">Details zum Mini-Fotodrucker - P21<\/h2>\n\n\n\n<hr class=\"wp-block-separator has-alpha-channel-opacity\"\/>\n\n\n\n<figure class=\"wp-block-image size-full\"><img decoding=\"async\" width=\"2582\" height=\"3654\" src=\"https:\/\/www.aiyin.com\/wp-content\/uploads\/2025\/10\/P21-Handheld-Photo-Printer.webp\" alt=\"\" class=\"wp-image-5570\" srcset=\"https:\/\/www.aiyin.com\/wp-content\/uploads\/2025\/10\/P21-Handheld-Photo-Printer.webp 2582w, https:\/\/www.aiyin.com\/wp-content\/uploads\/2025\/10\/P21-Handheld-Photo-Printer-904x1280.webp 904w, https:\/\/www.aiyin.com\/wp-content\/uploads\/2025\/10\/P21-Handheld-Photo-Printer-768x1087.webp 768w, https:\/\/www.aiyin.com\/wp-content\/uploads\/2025\/10\/P21-Handheld-Photo-Printer-8x12.webp 8w, https:\/\/www.aiyin.com\/wp-content\/uploads\/2025\/10\/P21-Handheld-Photo-Printer-600x849.webp 600w\" sizes=\"(max-width: 2582px) 100vw, 2582px\" \/><\/figure>\n\n\n\n<p><\/p>","protected":false},"excerpt":{"rendered":"<p>Gro\u00dfhandel Mini-Fotodrucker sind sehr geeignet f\u00fcr die Kunst Aufkl\u00e4rung der Kinder. Diese Serie ist mit einer Kamera und einem Bildschirm ausgestattet. Es kann schnell nach Ein-Klick-Aufnahme, die \u00e4hnlich wie die Wirkung von Polaroid ist zu drucken. Es ist geeignet f\u00fcr die Kultivierung der Kinder hands-on Schie\u00dfen F\u00e4higkeit und Eltern-Kind-Interaktion.<\/p>\n<h2>Merkmale des Mini-Fotodruckers - P21<\/h2>\n<div>\n<p><strong>Fotografieren und Drucken in einem:<\/strong> Der Mini-Fotodrucker verf\u00fcgt \u00fcber zwei Kameras auf der Vorder- und R\u00fcckseite, mit denen Sie problemlos Fotos von sich selbst oder anderen aufnehmen k\u00f6nnen, und verf\u00fcgt \u00fcber Serienbild- und Timing-Funktionen, die f\u00fcr ein gro\u00dfartiges Benutzererlebnis sorgen.<\/p>\n<p><strong>Freie Gestaltung, F\u00f6rderung der Kreativit\u00e4t der Kinder:<\/strong> 22 niedliche und interessante Fotorahmen + 5 Filter, frei zu w\u00e4hlen Kombinationen, nehmen Sie interessante Fotos. Sie k\u00f6nnen auch DIY kreative Graffiti, um die Fotos lebendig zu machen.<\/p>\n<p><strong>HD-Videoaufnahme:<\/strong> Der Mini-Fotodrucker verf\u00fcgt \u00fcber einen 2,4 Zoll gro\u00dfen Farbbildschirm zur \u00fcbersichtlichen Darstellung von Videoaufnahmen und zur Aufzeichnung lebendiger Kinder.<\/p>\n<p><strong>Spiele und Musik:<\/strong> Ausgestattet mit mehreren Mini-Spielen und unterst\u00fctzt die Musikwiedergabe.<\/p>\n<p><strong>Unterst\u00fctzung von OEM- und ODM-Anpassungen:<\/strong> Der AiYin-Etikettendruckerhersteller unterst\u00fctzt OEM- und ODM-Anpassungen. Kunden k\u00f6nnen exklusive Etikettendruckl\u00f6sungen entsprechend ihrem eigenen Markenimage und spezifischen Bed\u00fcrfnissen anpassen.<\/p>\n<\/div>","protected":false},"featured_media":5572,"comment_status":"closed","ping_status":"closed","template":"","meta":{"_acf_changed":false},"product_brand":[],"product_cat":[21],"product_tag":[],"class_list":{"0":"post-5569","1":"product","2":"type-product","3":"status-publish","4":"has-post-thumbnail","6":"product_cat-home-office-printer","7":"pa_function-photo-printer","8":"pa_print-width-2-inches","10":"first","11":"instock","12":"shipping-taxable","13":"product-type-simple"},"acf":[],"_links":{"self":[{"href":"https:\/\/www.aiyin.com\/de\/wp-json\/wp\/v2\/product\/5569","targetHints":{"allow":["GET"]}}],"collection":[{"href":"https:\/\/www.aiyin.com\/de\/wp-json\/wp\/v2\/product"}],"about":[{"href":"https:\/\/www.aiyin.com\/de\/wp-json\/wp\/v2\/types\/product"}],"replies":[{"embeddable":true,"href":"https:\/\/www.aiyin.com\/de\/wp-json\/wp\/v2\/comments?post=5569"}],"wp:featuredmedia":[{"embeddable":true,"href":"https:\/\/www.aiyin.com\/de\/wp-json\/wp\/v2\/media\/5572"}],"wp:attachment":[{"href":"https:\/\/www.aiyin.com\/de\/wp-json\/wp\/v2\/media?parent=5569"}],"wp:term":[{"taxonomy":"product_brand","embeddable":true,"href":"https:\/\/www.aiyin.com\/de\/wp-json\/wp\/v2\/product_brand?post=5569"},{"taxonomy":"product_cat","embeddable":true,"href":"https:\/\/www.aiyin.com\/de\/wp-json\/wp\/v2\/product_cat?post=5569"},{"taxonomy":"product_tag","embeddable":true,"href":"https:\/\/www.aiyin.com\/de\/wp-json\/wp\/v2\/product_tag?post=5569"}],"curies":[{"name":"wp","href":"https:\/\/api.w.org\/{rel}","templated":true}]}}