{"id":4972,"date":"2025-07-18T23:36:46","date_gmt":"2025-07-18T23:36:46","guid":{"rendered":"https:\/\/www.aiyin.com\/?post_type=product&#038;p=4972"},"modified":"2025-07-18T23:36:51","modified_gmt":"2025-07-18T23:36:51","slug":"wholesale-thermal-printer-folding-paper-100-x-150mm","status":"publish","type":"product","link":"https:\/\/www.aiyin.com\/de\/product\/wholesale-thermal-printer-folding-paper-100-x-150mm\/","title":{"rendered":"Gro\u00dfhandel Thermodrucker Falten Papier 100 \u00d7 150mm- Geeignet f\u00fcr Versand Etikettendrucker"},"content":{"rendered":"<h2 class=\"wp-block-heading\">Details zum Thermodrucker-Faltpapier<\/h2>\n\n\n\n<hr class=\"wp-block-separator has-alpha-channel-opacity\"\/>\n\n\n\n<div class=\"wp-block-columns is-layout-flex wp-container-core-columns-is-layout-9d6595d7 wp-block-columns-is-layout-flex\">\n<div class=\"wp-block-column is-layout-flow wp-block-column-is-layout-flow\">\n<figure class=\"wp-block-image size-full\"><img decoding=\"async\" width=\"720\" height=\"720\" src=\"https:\/\/www.aiyin.com\/wp-content\/uploads\/2025\/07\/100x150-4x6-3-proof-Direct-Thermal-Printing-Paper2.webp\" alt=\"\" class=\"wp-image-4973\" srcset=\"https:\/\/www.aiyin.com\/wp-content\/uploads\/2025\/07\/100x150-4x6-3-proof-Direct-Thermal-Printing-Paper2.webp 720w, https:\/\/www.aiyin.com\/wp-content\/uploads\/2025\/07\/100x150-4x6-3-proof-Direct-Thermal-Printing-Paper2-150x150.webp 150w, https:\/\/www.aiyin.com\/wp-content\/uploads\/2025\/07\/100x150-4x6-3-proof-Direct-Thermal-Printing-Paper2-12x12.webp 12w, https:\/\/www.aiyin.com\/wp-content\/uploads\/2025\/07\/100x150-4x6-3-proof-Direct-Thermal-Printing-Paper2-300x300.webp 300w, https:\/\/www.aiyin.com\/wp-content\/uploads\/2025\/07\/100x150-4x6-3-proof-Direct-Thermal-Printing-Paper2-600x600.webp 600w, https:\/\/www.aiyin.com\/wp-content\/uploads\/2025\/07\/100x150-4x6-3-proof-Direct-Thermal-Printing-Paper2-100x100.webp 100w\" sizes=\"(max-width: 720px) 100vw, 720px\" \/><\/figure>\n\n\n\n<figure class=\"wp-block-image size-full\"><img decoding=\"async\" width=\"1000\" height=\"1000\" src=\"https:\/\/www.aiyin.com\/wp-content\/uploads\/2025\/07\/100x150-4x6-3-proof-Direct-Thermal-Printing-Paper4.webp\" alt=\"\" class=\"wp-image-4975\" srcset=\"https:\/\/www.aiyin.com\/wp-content\/uploads\/2025\/07\/100x150-4x6-3-proof-Direct-Thermal-Printing-Paper4.webp 1000w, https:\/\/www.aiyin.com\/wp-content\/uploads\/2025\/07\/100x150-4x6-3-proof-Direct-Thermal-Printing-Paper4-150x150.webp 150w, https:\/\/www.aiyin.com\/wp-content\/uploads\/2025\/07\/100x150-4x6-3-proof-Direct-Thermal-Printing-Paper4-768x768.webp 768w, https:\/\/www.aiyin.com\/wp-content\/uploads\/2025\/07\/100x150-4x6-3-proof-Direct-Thermal-Printing-Paper4-12x12.webp 12w, https:\/\/www.aiyin.com\/wp-content\/uploads\/2025\/07\/100x150-4x6-3-proof-Direct-Thermal-Printing-Paper4-300x300.webp 300w, https:\/\/www.aiyin.com\/wp-content\/uploads\/2025\/07\/100x150-4x6-3-proof-Direct-Thermal-Printing-Paper4-600x600.webp 600w, https:\/\/www.aiyin.com\/wp-content\/uploads\/2025\/07\/100x150-4x6-3-proof-Direct-Thermal-Printing-Paper4-100x100.webp 100w\" sizes=\"(max-width: 1000px) 100vw, 1000px\" \/><\/figure>\n<\/div>\n\n\n\n<div class=\"wp-block-column is-layout-flow wp-block-column-is-layout-flow\">\n<figure class=\"wp-block-image size-full\"><img decoding=\"async\" width=\"720\" height=\"720\" src=\"https:\/\/www.aiyin.com\/wp-content\/uploads\/2025\/07\/100x150-4x6-3-proof-Direct-Thermal-Printing-Paper1.webp\" alt=\"\" class=\"wp-image-4974\" srcset=\"https:\/\/www.aiyin.com\/wp-content\/uploads\/2025\/07\/100x150-4x6-3-proof-Direct-Thermal-Printing-Paper1.webp 720w, https:\/\/www.aiyin.com\/wp-content\/uploads\/2025\/07\/100x150-4x6-3-proof-Direct-Thermal-Printing-Paper1-150x150.webp 150w, https:\/\/www.aiyin.com\/wp-content\/uploads\/2025\/07\/100x150-4x6-3-proof-Direct-Thermal-Printing-Paper1-12x12.webp 12w, https:\/\/www.aiyin.com\/wp-content\/uploads\/2025\/07\/100x150-4x6-3-proof-Direct-Thermal-Printing-Paper1-300x300.webp 300w, https:\/\/www.aiyin.com\/wp-content\/uploads\/2025\/07\/100x150-4x6-3-proof-Direct-Thermal-Printing-Paper1-600x600.webp 600w, https:\/\/www.aiyin.com\/wp-content\/uploads\/2025\/07\/100x150-4x6-3-proof-Direct-Thermal-Printing-Paper1-100x100.webp 100w\" sizes=\"(max-width: 720px) 100vw, 720px\" \/><\/figure>\n\n\n\n<figure class=\"wp-block-image size-full\"><img decoding=\"async\" width=\"1000\" height=\"1000\" src=\"https:\/\/www.aiyin.com\/wp-content\/uploads\/2025\/07\/100x150-4x6-3-proof-Direct-Thermal-Printing-Paper5.webp\" alt=\"\" class=\"wp-image-4976\" srcset=\"https:\/\/www.aiyin.com\/wp-content\/uploads\/2025\/07\/100x150-4x6-3-proof-Direct-Thermal-Printing-Paper5.webp 1000w, https:\/\/www.aiyin.com\/wp-content\/uploads\/2025\/07\/100x150-4x6-3-proof-Direct-Thermal-Printing-Paper5-150x150.webp 150w, https:\/\/www.aiyin.com\/wp-content\/uploads\/2025\/07\/100x150-4x6-3-proof-Direct-Thermal-Printing-Paper5-768x768.webp 768w, https:\/\/www.aiyin.com\/wp-content\/uploads\/2025\/07\/100x150-4x6-3-proof-Direct-Thermal-Printing-Paper5-12x12.webp 12w, https:\/\/www.aiyin.com\/wp-content\/uploads\/2025\/07\/100x150-4x6-3-proof-Direct-Thermal-Printing-Paper5-300x300.webp 300w, https:\/\/www.aiyin.com\/wp-content\/uploads\/2025\/07\/100x150-4x6-3-proof-Direct-Thermal-Printing-Paper5-600x600.webp 600w, https:\/\/www.aiyin.com\/wp-content\/uploads\/2025\/07\/100x150-4x6-3-proof-Direct-Thermal-Printing-Paper5-100x100.webp 100w\" sizes=\"(max-width: 1000px) 100vw, 1000px\" \/><\/figure>\n<\/div>\n<\/div>","protected":false},"excerpt":{"rendered":"<p>Gefaltete Thermopapiere f\u00fcr den Gro\u00dfhandel, kompatibel mit den g\u00e4ngigsten Thermodruckern f\u00fcr den Versand, zuverl\u00e4ssige Leistung, starker Klebstoff, um sicherzustellen, dass die Etiketten fest auf dem Karton haften, ideal f\u00fcr E-Commerce, Lagerverwaltung und Logistikanwendungen.<\/p>\n<h2>Merkmale des Thermodrucker-Faltpapiers<\/h2>\n<div>\n<p><strong>Klarer Druck:<\/strong> Durch die Verwendung hochwertiger Thermomaterialien k\u00f6nnen QR-Codes, Barcodes, Adressinformationen usw. deutlich gedruckt werden, was ein reibungsloses Scannen im Expressverfahren gew\u00e4hrleistet.<\/p>\n<p><strong>Starke Viskosit\u00e4t:<\/strong> Mit seiner starken Viskosit\u00e4t kann es fest auf der Oberfl\u00e4che verschiedener Materialien wie Kartons, Kunststoffverpackungen und Expresss\u00e4cken angebracht werden, um ein Herunterfallen oder eine Besch\u00e4digung w\u00e4hrend des Transports zu verhindern.<\/p>\n<p><strong>Wasserdicht und verschlei\u00dffest:<\/strong> Es hat ausgezeichnete wasserdichte, \u00f6lbest\u00e4ndige und kratzfeste Eigenschaften. Selbst an nassen, regnerischen Tagen oder bei Langstreckentransporten k\u00f6nnen die logistischen Informationen vollst\u00e4ndig und klar bleiben.<\/p>\n<p><strong>Anwendbar auf eine Vielzahl von Szenarien:<\/strong> geeignet f\u00fcr die Auslieferung von E-Commerce-Bestellungen, Express-Logistikauftr\u00e4ge, Lagerbestandsverwaltung, internationale Frachtetiketten usw.<\/p>\n<\/div>","protected":false},"featured_media":4977,"comment_status":"closed","ping_status":"closed","template":"","meta":{"_acf_changed":true},"product_brand":[],"product_cat":[120],"product_tag":[],"class_list":{"0":"post-4972","1":"product","2":"type-product","3":"status-publish","4":"has-post-thumbnail","6":"product_cat-wholesale-thermal-paper-rolls","7":"pa_paper-for-shipping-label-printer","9":"first","10":"instock","11":"shipping-taxable","12":"product-type-simple"},"acf":[],"_links":{"self":[{"href":"https:\/\/www.aiyin.com\/de\/wp-json\/wp\/v2\/product\/4972","targetHints":{"allow":["GET"]}}],"collection":[{"href":"https:\/\/www.aiyin.com\/de\/wp-json\/wp\/v2\/product"}],"about":[{"href":"https:\/\/www.aiyin.com\/de\/wp-json\/wp\/v2\/types\/product"}],"replies":[{"embeddable":true,"href":"https:\/\/www.aiyin.com\/de\/wp-json\/wp\/v2\/comments?post=4972"}],"wp:featuredmedia":[{"embeddable":true,"href":"https:\/\/www.aiyin.com\/de\/wp-json\/wp\/v2\/media\/4977"}],"wp:attachment":[{"href":"https:\/\/www.aiyin.com\/de\/wp-json\/wp\/v2\/media?parent=4972"}],"wp:term":[{"taxonomy":"product_brand","embeddable":true,"href":"https:\/\/www.aiyin.com\/de\/wp-json\/wp\/v2\/product_brand?post=4972"},{"taxonomy":"product_cat","embeddable":true,"href":"https:\/\/www.aiyin.com\/de\/wp-json\/wp\/v2\/product_cat?post=4972"},{"taxonomy":"product_tag","embeddable":true,"href":"https:\/\/www.aiyin.com\/de\/wp-json\/wp\/v2\/product_tag?post=4972"}],"curies":[{"name":"wp","href":"https:\/\/api.w.org\/{rel}","templated":true}]}}