{"id":4755,"date":"2025-06-13T09:48:14","date_gmt":"2025-06-13T09:48:14","guid":{"rendered":"https:\/\/www.aiyin.com\/?post_type=product&#038;p=4755"},"modified":"2025-06-16T02:56:30","modified_gmt":"2025-06-16T02:56:30","slug":"wholesale-mini-photo-printer-p20","status":"publish","type":"product","link":"https:\/\/www.aiyin.com\/de\/product\/wholesale-mini-photo-printer-p20\/","title":{"rendered":"Gro\u00dfhandel Kinder Retro Mini Fotodrucker - P20, nehmen Sie Fotos sofort und drucken Sie sie aus. Sie k\u00f6nnen auch Videos aufnehmen"},"content":{"rendered":"<h2 class=\"wp-block-heading\">Details zum Mini-Fotodrucker - P20<\/h2>\n\n\n\n<hr class=\"wp-block-separator has-alpha-channel-opacity\"\/>\n\n\n\n<figure class=\"wp-block-image size-full\"><img decoding=\"async\" width=\"1620\" height=\"1648\" src=\"https:\/\/www.aiyin.com\/wp-content\/uploads\/2025\/06\/P20-Mini-Photo-Printer-Details-1.webp\" alt=\"P20 Mini-Fotodrucker Details (1)\" class=\"wp-image-4804\" srcset=\"https:\/\/www.aiyin.com\/wp-content\/uploads\/2025\/06\/P20-Mini-Photo-Printer-Details-1.webp 1620w, https:\/\/www.aiyin.com\/wp-content\/uploads\/2025\/06\/P20-Mini-Photo-Printer-Details-1-1258x1280.webp 1258w, https:\/\/www.aiyin.com\/wp-content\/uploads\/2025\/06\/P20-Mini-Photo-Printer-Details-1-768x781.webp 768w, https:\/\/www.aiyin.com\/wp-content\/uploads\/2025\/06\/P20-Mini-Photo-Printer-Details-1-12x12.webp 12w, https:\/\/www.aiyin.com\/wp-content\/uploads\/2025\/06\/P20-Mini-Photo-Printer-Details-1-600x610.webp 600w\" sizes=\"(max-width: 1620px) 100vw, 1620px\" \/><\/figure>\n\n\n\n<figure class=\"wp-block-image size-full\"><img decoding=\"async\" width=\"905\" height=\"1280\" src=\"https:\/\/www.aiyin.com\/wp-content\/uploads\/2025\/06\/P20-Mini-Photo-Printer-Details-2.webp\" alt=\"P20 Mini-Fotodrucker Details (2)\" class=\"wp-image-4805\" srcset=\"https:\/\/www.aiyin.com\/wp-content\/uploads\/2025\/06\/P20-Mini-Photo-Printer-Details-2.webp 905w, https:\/\/www.aiyin.com\/wp-content\/uploads\/2025\/06\/P20-Mini-Photo-Printer-Details-2-768x1086.webp 768w, https:\/\/www.aiyin.com\/wp-content\/uploads\/2025\/06\/P20-Mini-Photo-Printer-Details-2-8x12.webp 8w, https:\/\/www.aiyin.com\/wp-content\/uploads\/2025\/06\/P20-Mini-Photo-Printer-Details-2-600x849.webp 600w\" sizes=\"(max-width: 905px) 100vw, 905px\" \/><\/figure>","protected":false},"excerpt":{"rendered":"<p>Gro\u00dfhandel Mini-Fotodrucker sind sehr geeignet f\u00fcr die Kunst Aufkl\u00e4rung der Kinder. Diese Serie ist mit einer Kamera und einem Bildschirm ausgestattet. Es kann schnell nach Ein-Klick-Aufnahme, die \u00e4hnlich wie die Wirkung von Polaroid ist zu drucken. Es ist geeignet f\u00fcr die Kultivierung der Kinder hands-on Schie\u00dfen F\u00e4higkeit und Eltern-Kind-Interaktion.<\/p>\n<h2>Merkmale des Mini-Fotodruckers - P20<\/h2>\n<div>\n<p><strong>Fotografieren und Drucken in einem:<\/strong> Der Mini-Fotodrucker verf\u00fcgt \u00fcber zwei Kameras auf der Vorder- und R\u00fcckseite, mit denen Sie problemlos Fotos von sich selbst oder anderen aufnehmen k\u00f6nnen, und verf\u00fcgt \u00fcber Serienbild- und Timing-Funktionen, die f\u00fcr ein gro\u00dfartiges Benutzererlebnis sorgen.<\/p>\n<p><strong>Zweifarbiger Druck:<\/strong> Der Mini-Fotodrucker unterst\u00fctzt den Zweifarbdruck, wodurch die gedruckten Details von Personen und Objekten noch lebendiger wirken.<\/p>\n<p><strong>Freie Gestaltung, F\u00f6rderung der Kreativit\u00e4t der Kinder:<\/strong> 22 niedliche und interessante Fotorahmen + 5 Filter, frei zu w\u00e4hlen Kombinationen, nehmen Sie interessante Fotos. Sie k\u00f6nnen auch DIY kreative Graffiti, um die Fotos lebendig zu machen.<\/p>\n<p><strong>HD-Videoaufnahme:<\/strong> Der Mini-Fotodrucker verf\u00fcgt \u00fcber einen 2,4 Zoll gro\u00dfen Farbbildschirm zur \u00fcbersichtlichen Darstellung von Videoaufnahmen und zur Aufzeichnung lebendiger Kinder.<\/p>\n<p><strong>Spiele und Musik:<\/strong> Ausgestattet mit mehreren Mini-Spielen und unterst\u00fctzt die Musikwiedergabe.<\/p>\n<p><strong>Unterst\u00fctzung von OEM- und ODM-Anpassungen:<\/strong> Der AiYin-Etikettendruckerhersteller unterst\u00fctzt OEM- und ODM-Anpassungen. Kunden k\u00f6nnen exklusive Etikettendruckl\u00f6sungen entsprechend ihrem eigenen Markenimage und spezifischen Bed\u00fcrfnissen anpassen.<\/p>\n<\/div>","protected":false},"featured_media":4808,"comment_status":"closed","ping_status":"closed","template":"","meta":{"_acf_changed":false},"product_brand":[],"product_cat":[21],"product_tag":[],"class_list":{"0":"post-4755","1":"product","2":"type-product","3":"status-publish","4":"has-post-thumbnail","6":"product_cat-home-office-printer","7":"pa_function-photo-printer","8":"pa_print-width-2-inches","10":"first","11":"instock","12":"shipping-taxable","13":"product-type-simple"},"acf":[],"_links":{"self":[{"href":"https:\/\/www.aiyin.com\/de\/wp-json\/wp\/v2\/product\/4755","targetHints":{"allow":["GET"]}}],"collection":[{"href":"https:\/\/www.aiyin.com\/de\/wp-json\/wp\/v2\/product"}],"about":[{"href":"https:\/\/www.aiyin.com\/de\/wp-json\/wp\/v2\/types\/product"}],"replies":[{"embeddable":true,"href":"https:\/\/www.aiyin.com\/de\/wp-json\/wp\/v2\/comments?post=4755"}],"wp:featuredmedia":[{"embeddable":true,"href":"https:\/\/www.aiyin.com\/de\/wp-json\/wp\/v2\/media\/4808"}],"wp:attachment":[{"href":"https:\/\/www.aiyin.com\/de\/wp-json\/wp\/v2\/media?parent=4755"}],"wp:term":[{"taxonomy":"product_brand","embeddable":true,"href":"https:\/\/www.aiyin.com\/de\/wp-json\/wp\/v2\/product_brand?post=4755"},{"taxonomy":"product_cat","embeddable":true,"href":"https:\/\/www.aiyin.com\/de\/wp-json\/wp\/v2\/product_cat?post=4755"},{"taxonomy":"product_tag","embeddable":true,"href":"https:\/\/www.aiyin.com\/de\/wp-json\/wp\/v2\/product_tag?post=4755"}],"curies":[{"name":"wp","href":"https:\/\/api.w.org\/{rel}","templated":true}]}}