{"id":4746,"date":"2025-02-20T10:00:48","date_gmt":"2025-02-20T10:00:48","guid":{"rendered":"https:\/\/www.aiyin.com\/?post_type=product&#038;p=4746"},"modified":"2025-06-16T02:19:43","modified_gmt":"2025-06-16T02:19:43","slug":"wholesale-a4-portable-thermal-printer-a42","status":"publish","type":"product","link":"https:\/\/www.aiyin.com\/de\/product\/wholesale-a4-portable-thermal-printer-a42\/","title":{"rendered":"Gro\u00dfhandel A4 Tragbarer Thermodrucker - A42, Druck ohne Tinte, niedrige Betriebskosten, Angebote Software bearbeiten"},"content":{"rendered":"<h2 class=\"wp-block-heading\">Details zum tragbaren A4-Thermodrucker - A42<\/h2>\n\n\n\n<hr class=\"wp-block-separator has-alpha-channel-opacity\"\/>\n\n\n\n<figure class=\"wp-block-image size-full\"><img decoding=\"async\" width=\"905\" height=\"1280\" src=\"https:\/\/www.aiyin.com\/wp-content\/uploads\/2025\/02\/Details-of-A4-Portable-Thermal-Printer-\u2013-A421.webp\" alt=\"Details zu Tragbarer Thermodrucker A4 - A42(1)\" class=\"wp-image-4798\" srcset=\"https:\/\/www.aiyin.com\/wp-content\/uploads\/2025\/02\/Details-of-A4-Portable-Thermal-Printer-\u2013-A421.webp 905w, https:\/\/www.aiyin.com\/wp-content\/uploads\/2025\/02\/Details-of-A4-Portable-Thermal-Printer-\u2013-A421-768x1086.webp 768w, https:\/\/www.aiyin.com\/wp-content\/uploads\/2025\/02\/Details-of-A4-Portable-Thermal-Printer-\u2013-A421-8x12.webp 8w, https:\/\/www.aiyin.com\/wp-content\/uploads\/2025\/02\/Details-of-A4-Portable-Thermal-Printer-\u2013-A421-600x849.webp 600w\" sizes=\"(max-width: 905px) 100vw, 905px\" \/><\/figure>","protected":false},"excerpt":{"rendered":"<p>Der tragbare A4-Thermodrucker f\u00fcr den Gro\u00dfhandel A42 wurde f\u00fcr Gesch\u00e4ftsleute und Studenten entwickelt, die einen zuverl\u00e4ssigen und kosteng\u00fcnstigen Drucker f\u00fcr die Wartung suchen. Dieser Drucker ist klein und leicht, ausgestattet mit einem leistungsstarken 1800-mAh-Akku und Typ-C-Schnellladeanschluss, perfekt f\u00fcr das mobile B\u00fcro. Dieses Produkt unterst\u00fctzt OEM und ODM, kontaktieren Sie uns f\u00fcr ein Angebot.<\/p>\n<h2>Merkmale des tragbaren Thermodruckers A4 - A42<\/h2>\n<div>\n<p><strong>Geringe Wartungskosten:<\/strong> Der tragbare A4-Thermodrucker kann ohne Tinte drucken, so dass die D\u00fcsen nicht gereinigt werden m\u00fcssen und die Tinte nicht verstopft. Er eignet sich besonders f\u00fcr Lern- oder B\u00fcrosituationen, in denen h\u00e4ufig gedruckt wird.<\/p>\n<p><strong>Tragbar und einfach zu bedienen:<\/strong> Der tragbare A4-Thermodrucker A42 ist kompakt und wiegt nur 680 g (ca. zwei Dosen Cola), so dass er problemlos in einen Rucksack gesteckt und auf Gesch\u00e4ftsreisen und in den Unterricht mitgenommen werden kann.<\/p>\n<p><strong>Eingebaute Batterie:<\/strong> Eingebauter 1800mAh-Akku mit gro\u00dfer Kapazit\u00e4t, ausgestattet mit Typ-C-Schnellladung, um eine lange Akkulaufzeit zu erreichen.<\/p>\n<p><strong>Vielf\u00e4ltige Einsatzszenarien:<\/strong> Unterst\u00fctzt den Druck von Dokumenten, Mustern, Fotos, Illustrationen und sogar DIY-Tattoo-Aufklebern.<\/p>\n<\/div>","protected":false},"featured_media":4800,"comment_status":"closed","ping_status":"closed","template":"","meta":{"_acf_changed":true},"product_brand":[],"product_cat":[21],"product_tag":[],"class_list":{"0":"post-4746","1":"product","2":"type-product","3":"status-publish","4":"has-post-thumbnail","6":"product_cat-home-office-printer","7":"pa_function-letter-a4-thermal-printer","8":"pa_print-width-8-inches","10":"first","11":"instock","12":"shipping-taxable","13":"product-type-simple"},"acf":[],"_links":{"self":[{"href":"https:\/\/www.aiyin.com\/de\/wp-json\/wp\/v2\/product\/4746","targetHints":{"allow":["GET"]}}],"collection":[{"href":"https:\/\/www.aiyin.com\/de\/wp-json\/wp\/v2\/product"}],"about":[{"href":"https:\/\/www.aiyin.com\/de\/wp-json\/wp\/v2\/types\/product"}],"replies":[{"embeddable":true,"href":"https:\/\/www.aiyin.com\/de\/wp-json\/wp\/v2\/comments?post=4746"}],"wp:featuredmedia":[{"embeddable":true,"href":"https:\/\/www.aiyin.com\/de\/wp-json\/wp\/v2\/media\/4800"}],"wp:attachment":[{"href":"https:\/\/www.aiyin.com\/de\/wp-json\/wp\/v2\/media?parent=4746"}],"wp:term":[{"taxonomy":"product_brand","embeddable":true,"href":"https:\/\/www.aiyin.com\/de\/wp-json\/wp\/v2\/product_brand?post=4746"},{"taxonomy":"product_cat","embeddable":true,"href":"https:\/\/www.aiyin.com\/de\/wp-json\/wp\/v2\/product_cat?post=4746"},{"taxonomy":"product_tag","embeddable":true,"href":"https:\/\/www.aiyin.com\/de\/wp-json\/wp\/v2\/product_tag?post=4746"}],"curies":[{"name":"wp","href":"https:\/\/api.w.org\/{rel}","templated":true}]}}