{"id":4409,"date":"2025-04-19T02:41:34","date_gmt":"2025-04-19T02:41:34","guid":{"rendered":"https:\/\/www.aiyin.com\/?post_type=product&#038;p=4409"},"modified":"2025-06-09T08:48:59","modified_gmt":"2025-06-09T08:48:59","slug":"wholesale-0-5-inches-mini-handheld-label-printer-d110","status":"publish","type":"product","link":"https:\/\/www.aiyin.com\/de\/product\/wholesale-0-5-inches-mini-handheld-label-printer-d110\/","title":{"rendered":"Gro\u00dfhandel 0,5 Zoll Mini-Handheld-Etikettendrucker - D110, Bluetooth-Verbindung, unterst\u00fctzt Aufkleber, Barcodes, QR-Codes und mehr"},"content":{"rendered":"<h2 class=\"wp-block-heading\">Details zum Mini-Handheld-Etikettendrucker - D110<\/h2>\n\n\n\n<hr class=\"wp-block-separator has-alpha-channel-opacity\"\/>\n\n\n\n<figure class=\"wp-block-image size-full\"><img decoding=\"async\" width=\"1722\" height=\"2436\" src=\"https:\/\/www.aiyin.com\/wp-content\/uploads\/2025\/04\/details_mini-label-printer-D110-1.webp\" alt=\"Mini-Etikettendrucker D110 Details\" class=\"wp-image-4705\" srcset=\"https:\/\/www.aiyin.com\/wp-content\/uploads\/2025\/04\/details_mini-label-printer-D110-1.webp 1722w, https:\/\/www.aiyin.com\/wp-content\/uploads\/2025\/04\/details_mini-label-printer-D110-1-905x1280.webp 905w, https:\/\/www.aiyin.com\/wp-content\/uploads\/2025\/04\/details_mini-label-printer-D110-1-768x1086.webp 768w, https:\/\/www.aiyin.com\/wp-content\/uploads\/2025\/04\/details_mini-label-printer-D110-1-8x12.webp 8w, https:\/\/www.aiyin.com\/wp-content\/uploads\/2025\/04\/details_mini-label-printer-D110-1-600x849.webp 600w\" sizes=\"(max-width: 1722px) 100vw, 1722px\" \/><\/figure>","protected":false},"excerpt":{"rendered":"<p>Gro\u00dfhandel Mini-Handheld-Etikettendrucker, geeignet f\u00fcr die Organisation von B\u00fcrobedarf und Inventar, auch sehr geeignet f\u00fcr verschiedene Anwendungen wie die Kennzeichnung von Produkten, pers\u00f6nliche Gegenst\u00e4nde, Hinzuf\u00fcgen von Produkt-Barcodes, etc. Es ist eine ideale Wahl f\u00fcr Haus, B\u00fcro, Organisation und andere Orte. Wir unterst\u00fctzen OEM und ODM, kontaktieren Sie uns f\u00fcr ein Angebot.<\/p>\n<h2>Merkmale des Mini-Handheld-Etikettendruckers - D110<\/h2>\n<div>\n<p><strong>Kompaktes und tragbares Design:<\/strong> Der leichte und tragbare D110 ist einfach zu transportieren und aufzubewahren und l\u00e4sst sich leicht in der Hand, in der Tasche oder im Rucksack verstauen, um jederzeit und \u00fcberall Etiketten zu drucken.<\/p>\n<p><strong>Mehrere Beschriftungsoptionen:<\/strong> Der Mini-Handheld-Etikettendrucker eignet sich f\u00fcr den Druck vieler Arten von Etiketten, wie z. B. Produktetiketten, Barcode-Druck, Adressetiketten und vieles mehr.<\/p>\n<p><strong>Geeignet f\u00fcr kleine Beschriftungsaufgaben:<\/strong> Mit einer Etikettenbreite von 0,5 Zoll eignet sich der Mini-Handheld-Etikettendrucker D110 f\u00fcr die Kennzeichnung von kleinen Gegenst\u00e4nden wie Gl\u00e4sern, Gew\u00fcrzdosen, Notizb\u00fcchern oder Ordnern.<\/p>\n<p><strong>Anpassbare Verpackungsoptionen:<\/strong> Die Verf\u00fcgbarkeit verschiedener Verpackungsarten (konventionelle und Supermarkt-Verpackungen) bietet Flexibilit\u00e4t f\u00fcr Einzelh\u00e4ndler oder den pers\u00f6nlichen Gebrauch.<\/p>\n<p><strong>Unterst\u00fctzung von OEM- und ODM-Anpassungen:<\/strong> Der Hersteller von AiYIn-Etikettendruckern unterst\u00fctzt OEM- und ODM-Anpassungen. Kunden k\u00f6nnen einzigartige Etikettendruckl\u00f6sungen entsprechend ihrem eigenen Markenimage und spezifischen Anforderungen anpassen.<\/p>\n<\/div>","protected":false},"featured_media":4708,"comment_status":"closed","ping_status":"closed","template":"","meta":{"_acf_changed":true},"product_brand":[],"product_cat":[21],"product_tag":[],"class_list":{"0":"post-4409","1":"product","2":"type-product","3":"status-publish","4":"has-post-thumbnail","6":"product_cat-home-office-printer","7":"pa_function-home-label-maker","8":"pa_function-mini-printer","9":"pa_print-width-0-5-inches","11":"first","12":"instock","13":"shipping-taxable","14":"product-type-simple"},"acf":[],"_links":{"self":[{"href":"https:\/\/www.aiyin.com\/de\/wp-json\/wp\/v2\/product\/4409","targetHints":{"allow":["GET"]}}],"collection":[{"href":"https:\/\/www.aiyin.com\/de\/wp-json\/wp\/v2\/product"}],"about":[{"href":"https:\/\/www.aiyin.com\/de\/wp-json\/wp\/v2\/types\/product"}],"replies":[{"embeddable":true,"href":"https:\/\/www.aiyin.com\/de\/wp-json\/wp\/v2\/comments?post=4409"}],"wp:featuredmedia":[{"embeddable":true,"href":"https:\/\/www.aiyin.com\/de\/wp-json\/wp\/v2\/media\/4708"}],"wp:attachment":[{"href":"https:\/\/www.aiyin.com\/de\/wp-json\/wp\/v2\/media?parent=4409"}],"wp:term":[{"taxonomy":"product_brand","embeddable":true,"href":"https:\/\/www.aiyin.com\/de\/wp-json\/wp\/v2\/product_brand?post=4409"},{"taxonomy":"product_cat","embeddable":true,"href":"https:\/\/www.aiyin.com\/de\/wp-json\/wp\/v2\/product_cat?post=4409"},{"taxonomy":"product_tag","embeddable":true,"href":"https:\/\/www.aiyin.com\/de\/wp-json\/wp\/v2\/product_tag?post=4409"}],"curies":[{"name":"wp","href":"https:\/\/api.w.org\/{rel}","templated":true}]}}