{"id":4382,"date":"2025-02-24T01:34:06","date_gmt":"2025-02-24T01:34:06","guid":{"rendered":"https:\/\/www.aiyin.com\/?post_type=product&#038;p=4382"},"modified":"2025-06-09T09:55:28","modified_gmt":"2025-06-09T09:55:28","slug":"wholesale-2-inches-inkless-instant-photo-and-label-printer-b22s","status":"publish","type":"product","link":"https:\/\/www.aiyin.com\/de\/product\/wholesale-2-inches-inkless-instant-photo-and-label-printer-b22s\/","title":{"rendered":"Gro\u00dfhandel 2 Zoll Inklusiv Sofortbild und Etikettendrucker - B22s, Unterst\u00fctzung OEM und ODM"},"content":{"rendered":"<h2 class=\"wp-block-heading\">Details zum Sofortbild- und Etikettendrucker ohne Tinte - B22s<\/h2>\n\n\n\n<hr class=\"wp-block-separator has-alpha-channel-opacity\"\/>\n\n\n\n<figure class=\"wp-block-image size-large\"><img decoding=\"async\" width=\"905\" height=\"1280\" src=\"https:\/\/www.aiyin.com\/wp-content\/uploads\/2025\/04\/B22s-11-905x1280.webp\" alt=\"\" class=\"wp-image-4383\" srcset=\"https:\/\/www.aiyin.com\/wp-content\/uploads\/2025\/04\/B22s-11-905x1280.webp 905w, https:\/\/www.aiyin.com\/wp-content\/uploads\/2025\/04\/B22s-11-768x1086.webp 768w, https:\/\/www.aiyin.com\/wp-content\/uploads\/2025\/04\/B22s-11-8x12.webp 8w, https:\/\/www.aiyin.com\/wp-content\/uploads\/2025\/04\/B22s-11-600x849.webp 600w, https:\/\/www.aiyin.com\/wp-content\/uploads\/2025\/04\/B22s-11.webp 1722w\" sizes=\"(max-width: 905px) 100vw, 905px\" \/><\/figure>","protected":false},"excerpt":{"rendered":"<p>2-Zoll-Sofortdrucker f\u00fcr Fotos und Etiketten im Gro\u00dfhandel - B22s. Effektiv erf\u00fcllen alle Ihre mobilen Druckanforderungen, mit Bluetooth drahtlose Konnektivit\u00e4t, k\u00f6nnen Benutzer leicht direkt von ihren Smartphones oder Tablets zu drucken. Der Etikettendrucker b22s ist in modischen Farben wie reinem Wei\u00df, leuchtendem Gr\u00fcn und Pfirsichrosa erh\u00e4ltlich. Wir unterst\u00fctzen OEM und ODM, bitte kontaktieren Sie uns f\u00fcr ein Angebot.<\/p>\n<h2>Merkmale des Sofortbild- und Etikettendruckers ohne Tinte - B22s<\/h2>\n<div>\n<p><strong>Vielseitig:<\/strong> Dieser Sofortbild- und Etikettendrucker ohne Tinte kann Etiketten, Muster, Fotos usw. drucken, und ein Ger\u00e4t kann mehrere Aufgaben erf\u00fcllen.<\/p>\n<p><strong>Drahtlose Bluetooth-Verbindung:<\/strong> Unser Sofortbild- und Etikettendrucker unterst\u00fctzt die Bluetooth-Verbindung und erm\u00f6glicht das kabellose Drucken von Smartphones oder Tablets aus, was mehr Flexibilit\u00e4t und Freiheit bedeutet.<\/p>\n<p><strong>Mehrere Vorlagen:<\/strong> AiYin ist eine intelligente App, die eine Vielzahl von Vorlagen unterst\u00fctzt und so die kreativen M\u00f6glichkeiten der Benutzer bei der Erstellung von Protokollen, der Organisation und der Produktion bereichert.<\/p>\n<p><strong>Ausreichende Akkulaufzeit:<\/strong> Der Etikettendrucker ist mit einer Akkukapazit\u00e4t von 1200 mAh ausgestattet, die ausreichend Energie f\u00fcr den Langzeitbetrieb liefert, so dass der Benutzer mehrere Projekte drucken kann, bevor er wieder aufgeladen werden muss.<\/p>\n<p><strong>Stilvolle Farboptionen:<\/strong> Der Etikettendrucker ist in einer Vielzahl von Farben wie reinem Wei\u00df, leuchtendem Gr\u00fcn und Pfirsich erh\u00e4ltlich, um dem pers\u00f6nlichen Stil und den Vorlieben gerecht zu werden.<\/p>\n<\/div>","protected":false},"featured_media":4717,"comment_status":"closed","ping_status":"closed","template":"","meta":{"_acf_changed":true},"product_brand":[],"product_cat":[21],"product_tag":[],"class_list":{"0":"post-4382","1":"product","2":"type-product","3":"status-publish","4":"has-post-thumbnail","6":"product_cat-home-office-printer","7":"pa_function-mini-printer","8":"pa_print-width-2-inches","10":"first","11":"instock","12":"shipping-taxable","13":"product-type-simple"},"acf":[],"_links":{"self":[{"href":"https:\/\/www.aiyin.com\/de\/wp-json\/wp\/v2\/product\/4382","targetHints":{"allow":["GET"]}}],"collection":[{"href":"https:\/\/www.aiyin.com\/de\/wp-json\/wp\/v2\/product"}],"about":[{"href":"https:\/\/www.aiyin.com\/de\/wp-json\/wp\/v2\/types\/product"}],"replies":[{"embeddable":true,"href":"https:\/\/www.aiyin.com\/de\/wp-json\/wp\/v2\/comments?post=4382"}],"wp:featuredmedia":[{"embeddable":true,"href":"https:\/\/www.aiyin.com\/de\/wp-json\/wp\/v2\/media\/4717"}],"wp:attachment":[{"href":"https:\/\/www.aiyin.com\/de\/wp-json\/wp\/v2\/media?parent=4382"}],"wp:term":[{"taxonomy":"product_brand","embeddable":true,"href":"https:\/\/www.aiyin.com\/de\/wp-json\/wp\/v2\/product_brand?post=4382"},{"taxonomy":"product_cat","embeddable":true,"href":"https:\/\/www.aiyin.com\/de\/wp-json\/wp\/v2\/product_cat?post=4382"},{"taxonomy":"product_tag","embeddable":true,"href":"https:\/\/www.aiyin.com\/de\/wp-json\/wp\/v2\/product_tag?post=4382"}],"curies":[{"name":"wp","href":"https:\/\/api.w.org\/{rel}","templated":true}]}}