{"id":4368,"date":"2025-02-20T10:22:58","date_gmt":"2025-02-20T10:22:58","guid":{"rendered":"https:\/\/www.aiyin.com\/?post_type=product&#038;p=4368"},"modified":"2025-06-16T02:16:14","modified_gmt":"2025-06-16T02:16:14","slug":"wholesale-a4-portable-thermal-printer-a41","status":"publish","type":"product","link":"https:\/\/www.aiyin.com\/de\/product\/wholesale-a4-portable-thermal-printer-a41\/","title":{"rendered":"Gro\u00dfhandel A4 Portable Thermodrucker - A41, klare Druck, unterst\u00fctzt mehrere Verbindungsmethoden, bietet Edit Software"},"content":{"rendered":"<h2 class=\"wp-block-heading\">Details zum tragbaren A4-Thermodrucker - A41<\/h2>\n\n\n\n<hr class=\"wp-block-separator has-alpha-channel-opacity\"\/>\n\n\n\n<figure class=\"wp-block-image size-large\"><img decoding=\"async\" width=\"905\" height=\"1280\" src=\"https:\/\/www.aiyin.com\/wp-content\/uploads\/2025\/04\/A41-11-905x1280.webp\" alt=\"\" class=\"wp-image-4369\" srcset=\"https:\/\/www.aiyin.com\/wp-content\/uploads\/2025\/04\/A41-11-905x1280.webp 905w, https:\/\/www.aiyin.com\/wp-content\/uploads\/2025\/04\/A41-11-768x1086.webp 768w, https:\/\/www.aiyin.com\/wp-content\/uploads\/2025\/04\/A41-11-8x12.webp 8w, https:\/\/www.aiyin.com\/wp-content\/uploads\/2025\/04\/A41-11-600x849.webp 600w, https:\/\/www.aiyin.com\/wp-content\/uploads\/2025\/04\/A41-11.webp 1722w\" sizes=\"(max-width: 905px) 100vw, 905px\" \/><\/figure>","protected":false},"excerpt":{"rendered":"<p>Gro\u00dfhandel A4 Thermodrucker, A4 Thermodrucker ist eine ideale Wahl f\u00fcr Unternehmen, um Druckprozesse zu vereinfachen. Er ben\u00f6tigt weder Tinte noch Toner. Er ist wirtschaftlich und leicht zu warten. Er kann Rechnungen, Etiketten, Dokumente und andere Inhalte drucken. Wir bieten flexible Gro\u00dfhandelsoptionen, um sicherzustellen, dass Sie Gro\u00dfauftr\u00e4ge zum besten Preis erhalten. Bitte kontaktieren Sie uns.<\/p>\n<h2>Merkmale des tragbaren Thermodruckers A4 - A41<\/h2>\n<div>\n<p><strong>Einfach zu bedienen:<\/strong> Die A4-Thermodrucker von AiYin sind einfach zu bedienen. Unternehmen k\u00f6nnen sie schnell und ohne technisches Fachwissen in bestehende Systeme integrieren.<\/p>\n<p><strong>Kompatibilit\u00e4t der Anwendungen:<\/strong> Nutzer k\u00f6nnen die Anwendungen von AiYin von Plattformen wie App Store und Google Play herunterladen, um Druckaufgaben einfach zu verwalten.<\/p>\n<p><strong>Geringe Wartungskosten:<\/strong> Bei der Entwicklung von Thermodruckern stand die Einfachheit im Vordergrund. Thermodrucker haben weniger bewegliche Teile, was die Wahrscheinlichkeit eines mechanischen Ausfalls verringert und kostspielige Reparaturen reduziert.<\/p>\n<p><strong>Leiser Betrieb:<\/strong> A4-Thermodrucker sind leise und damit ideal f\u00fcr Unternehmen, die Wert auf eine ruhige, professionelle Umgebung legen.<\/p>\n<\/div>","protected":false},"featured_media":4371,"comment_status":"closed","ping_status":"closed","template":"","meta":{"_acf_changed":true},"product_brand":[],"product_cat":[21],"product_tag":[],"class_list":{"0":"post-4368","1":"product","2":"type-product","3":"status-publish","4":"has-post-thumbnail","6":"product_cat-home-office-printer","7":"pa_function-letter-a4-thermal-printer","8":"pa_print-width-8-inches","10":"first","11":"instock","12":"shipping-taxable","13":"product-type-simple"},"acf":[],"_links":{"self":[{"href":"https:\/\/www.aiyin.com\/de\/wp-json\/wp\/v2\/product\/4368","targetHints":{"allow":["GET"]}}],"collection":[{"href":"https:\/\/www.aiyin.com\/de\/wp-json\/wp\/v2\/product"}],"about":[{"href":"https:\/\/www.aiyin.com\/de\/wp-json\/wp\/v2\/types\/product"}],"replies":[{"embeddable":true,"href":"https:\/\/www.aiyin.com\/de\/wp-json\/wp\/v2\/comments?post=4368"}],"wp:featuredmedia":[{"embeddable":true,"href":"https:\/\/www.aiyin.com\/de\/wp-json\/wp\/v2\/media\/4371"}],"wp:attachment":[{"href":"https:\/\/www.aiyin.com\/de\/wp-json\/wp\/v2\/media?parent=4368"}],"wp:term":[{"taxonomy":"product_brand","embeddable":true,"href":"https:\/\/www.aiyin.com\/de\/wp-json\/wp\/v2\/product_brand?post=4368"},{"taxonomy":"product_cat","embeddable":true,"href":"https:\/\/www.aiyin.com\/de\/wp-json\/wp\/v2\/product_cat?post=4368"},{"taxonomy":"product_tag","embeddable":true,"href":"https:\/\/www.aiyin.com\/de\/wp-json\/wp\/v2\/product_tag?post=4368"}],"curies":[{"name":"wp","href":"https:\/\/api.w.org\/{rel}","templated":true}]}}