{"id":4360,"date":"2025-02-20T09:20:51","date_gmt":"2025-02-20T09:20:51","guid":{"rendered":"https:\/\/www.aiyin.com\/?post_type=product&#038;p=4360"},"modified":"2025-06-16T02:11:44","modified_gmt":"2025-06-16T02:11:44","slug":"wholesale-thermal-printer-for-tattoos-a9","status":"publish","type":"product","link":"https:\/\/www.aiyin.com\/de\/product\/wholesale-thermal-printer-for-tattoos-a9\/","title":{"rendered":"Gro\u00dfhandel Thermodrucker f\u00fcr Tattoos A9s - mit anpassbaren Designoptionen und umfangreicher Vorlagenbibliothek"},"content":{"rendered":"<h2 class=\"wp-block-heading\" id=\"block-6f2e5961-43bf-4743-b305-1d1915b1225b\">Details zum Thermodrucker f\u00fcr Tattoos - A9s<\/h2>\n\n\n\n<hr class=\"wp-block-separator has-alpha-channel-opacity\"\/>\n\n\n<style>.kb-image4360_910a4a-ee .kb-image-has-overlay:after{opacity:0.3;}<\/style>\n<figure class=\"wp-block-kadence-image kb-image4360_910a4a-ee size-large\"><img decoding=\"async\" width=\"905\" height=\"1280\" src=\"https:\/\/www.aiyin.com\/wp-content\/uploads\/2025\/02\/A9s-1-905x1280.webp\" alt=\"\" class=\"kb-img wp-image-4745\" srcset=\"https:\/\/www.aiyin.com\/wp-content\/uploads\/2025\/02\/A9s-1-905x1280.webp 905w, https:\/\/www.aiyin.com\/wp-content\/uploads\/2025\/02\/A9s-1-768x1086.webp 768w, https:\/\/www.aiyin.com\/wp-content\/uploads\/2025\/02\/A9s-1-8x12.webp 8w, https:\/\/www.aiyin.com\/wp-content\/uploads\/2025\/02\/A9s-1-600x848.webp 600w\" sizes=\"(max-width: 905px) 100vw, 905px\" \/><\/figure>","protected":false},"excerpt":{"rendered":"<p>Gro\u00dfhandel Thermo-Tattoo-Drucker A9s, drucken Sie durch die Verbindung mit der App, hat die App eine reiche Bibliothek von vorgefertigten Tattoo-Vorlagen, die Vereinfachung der Tattoo-Erstellung Prozess. Wir bieten sehr wettbewerbsf\u00e4hige Gro\u00dfhandelspreise und anpassbare Optionen, willkommen, uns zu kontaktieren.<\/p>\n<h2>Merkmale des Thermodruckers f\u00fcr Tattoos - A9s<\/h2>\n<div><strong>Hochgeschwindigkeitsdrucken:<\/strong> Der Thermo-Tattoodrucker A9s kann schnell hochaufl\u00f6sende Tattoo-Designs drucken und hilft den Benutzern, Zeit zu sparen und schnell die besten Ergebnisse zu erzielen.<\/div>\n<div><strong>Umfangreiche Vorlagenbibliothek:<\/strong> A9s bietet eine reichhaltige Tattoo-Vorlage, die es dem Benutzer erm\u00f6glicht, verschiedene Muster auszuw\u00e4hlen und zu drucken, um den Bed\u00fcrfnissen der verschiedenen Kunden gerecht zu werden.<\/div>\n<div><strong>Einfach zu bedienen:<\/strong> AiYin bietet App-Steuerung von Thermo-Tattoo-Drucker, mit einer einfachen Bedienung Schnittstelle, k\u00f6nnen Benutzer leicht einstellen und steuern den Druckprozess, die Verringerung der Komplexit\u00e4t der Operation.<\/div>\n<div><strong>Hochaufl\u00f6sender Druckeffekt:<\/strong> Der hochaufl\u00f6sende Druckeffekt sorgt daf\u00fcr, dass jedes Tattoo-Motiv detailliert und klar dargestellt werden kann, wodurch die M\u00f6glichkeit von unscharfen Mustern reduziert wird.<\/div>\n<div><strong>Zuverl\u00e4ssig und langlebig:<\/strong> Das Produkt hat mehrere internationale Zertifizierungen wie CE, ISO, UKCA usw. erhalten und bietet einen professionellen Kundendienst.<\/div>","protected":false},"featured_media":4361,"comment_status":"closed","ping_status":"closed","template":"","meta":{"_acf_changed":true},"product_brand":[],"product_cat":[21],"product_tag":[],"class_list":{"0":"post-4360","1":"product","2":"type-product","3":"status-publish","4":"has-post-thumbnail","6":"product_cat-home-office-printer","7":"pa_function-tattoo-stencil-printer","8":"pa_print-width-8-inches","10":"first","11":"instock","12":"shipping-taxable","13":"product-type-simple"},"acf":[],"_links":{"self":[{"href":"https:\/\/www.aiyin.com\/de\/wp-json\/wp\/v2\/product\/4360","targetHints":{"allow":["GET"]}}],"collection":[{"href":"https:\/\/www.aiyin.com\/de\/wp-json\/wp\/v2\/product"}],"about":[{"href":"https:\/\/www.aiyin.com\/de\/wp-json\/wp\/v2\/types\/product"}],"replies":[{"embeddable":true,"href":"https:\/\/www.aiyin.com\/de\/wp-json\/wp\/v2\/comments?post=4360"}],"wp:featuredmedia":[{"embeddable":true,"href":"https:\/\/www.aiyin.com\/de\/wp-json\/wp\/v2\/media\/4361"}],"wp:attachment":[{"href":"https:\/\/www.aiyin.com\/de\/wp-json\/wp\/v2\/media?parent=4360"}],"wp:term":[{"taxonomy":"product_brand","embeddable":true,"href":"https:\/\/www.aiyin.com\/de\/wp-json\/wp\/v2\/product_brand?post=4360"},{"taxonomy":"product_cat","embeddable":true,"href":"https:\/\/www.aiyin.com\/de\/wp-json\/wp\/v2\/product_cat?post=4360"},{"taxonomy":"product_tag","embeddable":true,"href":"https:\/\/www.aiyin.com\/de\/wp-json\/wp\/v2\/product_tag?post=4360"}],"curies":[{"name":"wp","href":"https:\/\/api.w.org\/{rel}","templated":true}]}}