{"id":4339,"date":"2025-02-20T09:29:46","date_gmt":"2025-02-20T09:29:46","guid":{"rendered":"https:\/\/www.aiyin.com\/?post_type=product&#038;p=4339"},"modified":"2025-06-16T01:08:10","modified_gmt":"2025-06-16T01:08:10","slug":"wholesale-thermal-tattoo-printer-a8","status":"publish","type":"product","link":"https:\/\/www.aiyin.com\/de\/product\/wholesale-thermal-tattoo-printer-a8\/","title":{"rendered":"Gro\u00dfhandel Thermal Tattoo Drucker - A8s, bieten reichlich Vorlagen"},"content":{"rendered":"<h2 class=\"wp-block-heading\" id=\"block-6f2e5961-43bf-4743-b305-1d1915b1225b\">Details zum Thermotattoo-Drucker - A8s<\/h2>\n\n\n\n<hr class=\"wp-block-separator has-alpha-channel-opacity\"\/>\n\n\n\n<figure class=\"wp-block-image size-large\"><img decoding=\"async\" width=\"905\" height=\"1280\" src=\"https:\/\/www.aiyin.com\/wp-content\/uploads\/2025\/02\/A8s-1-905x1280.webp\" alt=\"\" class=\"wp-image-4741\" srcset=\"https:\/\/www.aiyin.com\/wp-content\/uploads\/2025\/02\/A8s-1-905x1280.webp 905w, https:\/\/www.aiyin.com\/wp-content\/uploads\/2025\/02\/A8s-1-768x1086.webp 768w, https:\/\/www.aiyin.com\/wp-content\/uploads\/2025\/02\/A8s-1-8x12.webp 8w, https:\/\/www.aiyin.com\/wp-content\/uploads\/2025\/02\/A8s-1-600x848.webp 600w\" sizes=\"(max-width: 905px) 100vw, 905px\" \/><\/figure>","protected":false},"excerpt":{"rendered":"<p>Gro\u00dfhandel Thermo-Tattoo-Drucker, diese Thermo-Tattoo-Drucker A8s hat ultra-hohe Geschwindigkeit und hochaufl\u00f6sende Druckf\u00e4higkeiten, um sicherzustellen, dass jedes Tattoo-Design-Detail deutlich dargestellt wird. Die APP ist mit einer reichhaltigen Tattoo-Vorlagenbibliothek ausgestattet, k\u00f6nnen Benutzer leicht ausw\u00e4hlen und drucken Design-Muster, erheblich verbessern die Arbeitseffizienz. Wir bieten professionelle Gro\u00dfhandel Dienstleistungen und kundenspezifische Optionen, Bitte kontaktieren Sie uns f\u00fcr ein Angebot.<\/p>\n<h2>Merkmale des Thermo-Tattoo-Druckers - A8s<\/h2>\n<div>\n<p><strong>Freundliche Benutzeroberfl\u00e4che:<\/strong> Der Thermotattoodrucker A8s ist einfach zu bedienen. Die Anwendung ist einfach und bequem zu bedienen, so dass die Benutzer k\u00f6nnen w\u00e4hlen und drucken Sie einfach und in k\u00fcrzester Zeit. Einfach zu bedienende Schnittstelle f\u00fcr Anf\u00e4nger bietet eine ununterbrochene Erfahrung.<\/p>\n<p><strong>Anpassungsm\u00f6glichkeiten:<\/strong> Zus\u00e4tzlich zu den In-App-Vorlagen unterst\u00fctzt der A8s auch den Import von benutzerdefinierten Designs - perfekt f\u00fcr alle, die ihre eigenen einzigartigen Werke drucken m\u00f6chten. Das \u00f6ffnet die T\u00fcr f\u00fcr viele verschiedene Tattoostile und pers\u00f6nliche Vorlieben.<\/p>\n<p><strong>Einfache Einrichtung und Bedienung:<\/strong> Dank der einfachen Einrichtung und der intuitiven Benutzeroberfl\u00e4che k\u00f6nnen die Benutzer problemlos mit dem Drucken von Entw\u00fcrfen beginnen und dabei eine hohe Produktivit\u00e4t erzielen.<\/p>\n<p><strong>Langlebig und stabil:<\/strong> Das Produkt hat eine Reihe internationaler Zertifizierungen wie CE, ISO, UKCA usw. erhalten und bietet einen professionellen Kundendienst.<\/p>\n<\/div>","protected":false},"featured_media":4342,"comment_status":"closed","ping_status":"closed","template":"","meta":{"_acf_changed":true},"product_brand":[],"product_cat":[21],"product_tag":[],"class_list":{"0":"post-4339","1":"product","2":"type-product","3":"status-publish","4":"has-post-thumbnail","6":"product_cat-home-office-printer","7":"pa_function-tattoo-stencil-printer","8":"pa_print-width-8-inches","10":"first","11":"instock","12":"shipping-taxable","13":"product-type-simple"},"acf":[],"_links":{"self":[{"href":"https:\/\/www.aiyin.com\/de\/wp-json\/wp\/v2\/product\/4339","targetHints":{"allow":["GET"]}}],"collection":[{"href":"https:\/\/www.aiyin.com\/de\/wp-json\/wp\/v2\/product"}],"about":[{"href":"https:\/\/www.aiyin.com\/de\/wp-json\/wp\/v2\/types\/product"}],"replies":[{"embeddable":true,"href":"https:\/\/www.aiyin.com\/de\/wp-json\/wp\/v2\/comments?post=4339"}],"wp:featuredmedia":[{"embeddable":true,"href":"https:\/\/www.aiyin.com\/de\/wp-json\/wp\/v2\/media\/4342"}],"wp:attachment":[{"href":"https:\/\/www.aiyin.com\/de\/wp-json\/wp\/v2\/media?parent=4339"}],"wp:term":[{"taxonomy":"product_brand","embeddable":true,"href":"https:\/\/www.aiyin.com\/de\/wp-json\/wp\/v2\/product_brand?post=4339"},{"taxonomy":"product_cat","embeddable":true,"href":"https:\/\/www.aiyin.com\/de\/wp-json\/wp\/v2\/product_cat?post=4339"},{"taxonomy":"product_tag","embeddable":true,"href":"https:\/\/www.aiyin.com\/de\/wp-json\/wp\/v2\/product_tag?post=4339"}],"curies":[{"name":"wp","href":"https:\/\/api.w.org\/{rel}","templated":true}]}}