{"id":3538,"date":"2025-02-20T01:26:26","date_gmt":"2025-02-20T01:26:26","guid":{"rendered":"https:\/\/www.jinghuaceramic.com\/?post_type=product&#038;p=3538"},"modified":"2025-03-27T08:13:18","modified_gmt":"2025-03-27T08:13:18","slug":"wholesale-thermal-paper-for-tattoo-stencils","status":"publish","type":"product","link":"https:\/\/www.aiyin.com\/de\/product\/wholesale-thermal-paper-for-tattoo-stencils\/","title":{"rendered":"Gro\u00dfhandel Thermopapier f\u00fcr Tattoo-Schablonen - geeignet f\u00fcr Aiyin Tattoo-Drucker-Serie"},"content":{"rendered":"<h2 class=\"wp-block-heading\">Details zum Thermopapier f\u00fcr Tattoo-Schablonen<\/h2>\n\n\n\n<hr class=\"wp-block-separator has-alpha-channel-opacity\" \/>\n\n\n\n<figure class=\"wp-block-image size-large\"><img decoding=\"async\" width=\"1280\" height=\"525\" src=\"https:\/\/www.aiyin.com\/wp-content\/uploads\/2025\/03\/Wholesale-Thermal-Paper-For-Tattoo-Stencils-1280x525.webp\" alt=\"Gro\u00dfhandel Thermopapier f\u00fcr Tattoo-Schablonen\" class=\"wp-image-3542\" srcset=\"https:\/\/www.aiyin.com\/wp-content\/uploads\/2025\/03\/Wholesale-Thermal-Paper-For-Tattoo-Stencils-1280x525.webp 1280w, https:\/\/www.aiyin.com\/wp-content\/uploads\/2025\/03\/Wholesale-Thermal-Paper-For-Tattoo-Stencils-768x315.webp 768w, https:\/\/www.aiyin.com\/wp-content\/uploads\/2025\/03\/Wholesale-Thermal-Paper-For-Tattoo-Stencils-600x246.webp 600w, https:\/\/www.aiyin.com\/wp-content\/uploads\/2025\/03\/Wholesale-Thermal-Paper-For-Tattoo-Stencils.webp 1464w\" sizes=\"(max-width: 1280px) 100vw, 1280px\" \/><\/figure>\n\n\n\n<figure class=\"wp-block-image size-full\"><img decoding=\"async\" width=\"1000\" height=\"1000\" src=\"https:\/\/www.aiyin.com\/wp-content\/uploads\/2025\/02\/3.webp\" alt=\"\" class=\"wp-image-4093\" srcset=\"https:\/\/www.aiyin.com\/wp-content\/uploads\/2025\/02\/3.webp 1000w, https:\/\/www.aiyin.com\/wp-content\/uploads\/2025\/02\/3-150x150.webp 150w, https:\/\/www.aiyin.com\/wp-content\/uploads\/2025\/02\/3-768x768.webp 768w, https:\/\/www.aiyin.com\/wp-content\/uploads\/2025\/02\/3-300x300.webp 300w, https:\/\/www.aiyin.com\/wp-content\/uploads\/2025\/02\/3-600x600.webp 600w, https:\/\/www.aiyin.com\/wp-content\/uploads\/2025\/02\/3-100x100.webp 100w\" sizes=\"(max-width: 1000px) 100vw, 1000px\" \/><\/figure>\n\n\n\n<div class=\"wp-block-columns is-layout-flex wp-container-core-columns-is-layout-9d6595d7 wp-block-columns-is-layout-flex\">\n<div class=\"wp-block-column is-layout-flow wp-block-column-is-layout-flow\">\n<figure class=\"wp-block-image size-full\"><img decoding=\"async\" width=\"1037\" height=\"1037\" src=\"https:\/\/www.aiyin.com\/wp-content\/uploads\/2025\/03\/Wholesale-Thermal-Paper-For-Tattoo-Stencils-2.webp\" alt=\"Gro\u00dfhandel Thermopapier f\u00fcr Tattoo-Schablonen (2)\" class=\"wp-image-3540\" srcset=\"https:\/\/www.aiyin.com\/wp-content\/uploads\/2025\/03\/Wholesale-Thermal-Paper-For-Tattoo-Stencils-2.webp 1037w, https:\/\/www.aiyin.com\/wp-content\/uploads\/2025\/03\/Wholesale-Thermal-Paper-For-Tattoo-Stencils-2-150x150.webp 150w, https:\/\/www.aiyin.com\/wp-content\/uploads\/2025\/03\/Wholesale-Thermal-Paper-For-Tattoo-Stencils-2-768x768.webp 768w, https:\/\/www.aiyin.com\/wp-content\/uploads\/2025\/03\/Wholesale-Thermal-Paper-For-Tattoo-Stencils-2-300x300.webp 300w, https:\/\/www.aiyin.com\/wp-content\/uploads\/2025\/03\/Wholesale-Thermal-Paper-For-Tattoo-Stencils-2-600x600.webp 600w, https:\/\/www.aiyin.com\/wp-content\/uploads\/2025\/03\/Wholesale-Thermal-Paper-For-Tattoo-Stencils-2-100x100.webp 100w\" sizes=\"(max-width: 1037px) 100vw, 1037px\" \/><\/figure>\n<\/div>\n\n\n\n<div class=\"wp-block-column is-layout-flow wp-block-column-is-layout-flow\">\n<figure class=\"wp-block-image size-full\"><img decoding=\"async\" width=\"1117\" height=\"1037\" src=\"https:\/\/www.aiyin.com\/wp-content\/uploads\/2025\/03\/Wholesale-Thermal-Paper-For-Tattoo-Stencils-3.webp\" alt=\"Gro\u00dfhandel Thermopapier f\u00fcr Tattoo-Schablonen (3)\" class=\"wp-image-3541\" srcset=\"https:\/\/www.aiyin.com\/wp-content\/uploads\/2025\/03\/Wholesale-Thermal-Paper-For-Tattoo-Stencils-3.webp 1117w, https:\/\/www.aiyin.com\/wp-content\/uploads\/2025\/03\/Wholesale-Thermal-Paper-For-Tattoo-Stencils-3-768x713.webp 768w, https:\/\/www.aiyin.com\/wp-content\/uploads\/2025\/03\/Wholesale-Thermal-Paper-For-Tattoo-Stencils-3-600x557.webp 600w\" sizes=\"(max-width: 1117px) 100vw, 1117px\" \/><\/figure>\n<\/div>\n<\/div>\n\n\n\n<figure class=\"wp-block-image size-large\"><img decoding=\"async\" width=\"1280\" height=\"1280\" src=\"https:\/\/www.aiyin.com\/wp-content\/uploads\/2025\/02\/\u5fae\u4fe1\u56fe\u7247_20250311103941-1280x1280.webp\" alt=\"\" class=\"wp-image-4092\" srcset=\"https:\/\/www.aiyin.com\/wp-content\/uploads\/2025\/02\/\u5fae\u4fe1\u56fe\u7247_20250311103941-1280x1280.webp 1280w, https:\/\/www.aiyin.com\/wp-content\/uploads\/2025\/02\/\u5fae\u4fe1\u56fe\u7247_20250311103941-150x150.webp 150w, https:\/\/www.aiyin.com\/wp-content\/uploads\/2025\/02\/\u5fae\u4fe1\u56fe\u7247_20250311103941-768x768.webp 768w, https:\/\/www.aiyin.com\/wp-content\/uploads\/2025\/02\/\u5fae\u4fe1\u56fe\u7247_20250311103941-300x300.webp 300w, https:\/\/www.aiyin.com\/wp-content\/uploads\/2025\/02\/\u5fae\u4fe1\u56fe\u7247_20250311103941-600x600.webp 600w, https:\/\/www.aiyin.com\/wp-content\/uploads\/2025\/02\/\u5fae\u4fe1\u56fe\u7247_20250311103941-100x100.webp 100w\" sizes=\"(max-width: 1280px) 100vw, 1280px\" \/><\/figure>","protected":false},"excerpt":{"rendered":"<p>Gro\u00dfhandel Tattoo-Thermopapier, geeignet f\u00fcr AIYin's Tattoo-Drucker, entworfen, um komplexe Tattoo-Muster klar und scharf auf die Haut zu \u00fcbertragen, um sicherzustellen, dass K\u00fcnstler die genauesten Ergebnisse erzielen k\u00f6nnen, kontaktieren Sie uns f\u00fcr ein Angebot.<\/p>\n<h2>Eigenschaften von Thermopapier f\u00fcr Tattoo-Schablonen<\/h2>\n<div>\n<p><strong>Geeignet f\u00fcr verschiedene Tattoo-Designs:<\/strong> Sehr geeignet f\u00fcr Tattoo-Design, einschlie\u00dflich Sch\u00e4del, Blumen, Text, Tiere und andere Muster, zu helfen, Tattoo-K\u00fcnstler besser zu gestalten.<\/p>\n<p><strong>Deutlicher \u00dcbertragungseffekt:<\/strong> Die Oberfl\u00e4che des \u00fcbertragenen Musters ist glatt, ohne unsaubere Linien oder unscharfe R\u00e4nder, wodurch der Tattoo-Effekt noch sch\u00f6ner wird.<\/p>\n<p><strong>Langlebige Haltbarkeit:<\/strong> Das auf die Haut \u00fcbertragene Muster bleibt langfristig erhalten und verblasst oder verschwindet nicht so leicht.<\/p>\n<p><strong>Keine Tinte erforderlich:<\/strong> Das Transferpapier ben\u00f6tigt keine Tinte, und das Design kann mit einer Thermotransfermaschine oder durch Handzeichnung erstellt werden.<\/p>\n<\/div>","protected":false},"featured_media":3539,"comment_status":"closed","ping_status":"closed","template":"","meta":{"_acf_changed":true},"product_brand":[],"product_cat":[120],"product_tag":[],"class_list":{"0":"post-3538","1":"product","2":"type-product","3":"status-publish","4":"has-post-thumbnail","6":"product_cat-wholesale-thermal-paper-rolls","7":"pa_paper-for-tattoo-stencil-printer","9":"first","10":"instock","11":"shipping-taxable","12":"product-type-simple"},"acf":[],"_links":{"self":[{"href":"https:\/\/www.aiyin.com\/de\/wp-json\/wp\/v2\/product\/3538","targetHints":{"allow":["GET"]}}],"collection":[{"href":"https:\/\/www.aiyin.com\/de\/wp-json\/wp\/v2\/product"}],"about":[{"href":"https:\/\/www.aiyin.com\/de\/wp-json\/wp\/v2\/types\/product"}],"replies":[{"embeddable":true,"href":"https:\/\/www.aiyin.com\/de\/wp-json\/wp\/v2\/comments?post=3538"}],"wp:featuredmedia":[{"embeddable":true,"href":"https:\/\/www.aiyin.com\/de\/wp-json\/wp\/v2\/media\/3539"}],"wp:attachment":[{"href":"https:\/\/www.aiyin.com\/de\/wp-json\/wp\/v2\/media?parent=3538"}],"wp:term":[{"taxonomy":"product_brand","embeddable":true,"href":"https:\/\/www.aiyin.com\/de\/wp-json\/wp\/v2\/product_brand?post=3538"},{"taxonomy":"product_cat","embeddable":true,"href":"https:\/\/www.aiyin.com\/de\/wp-json\/wp\/v2\/product_cat?post=3538"},{"taxonomy":"product_tag","embeddable":true,"href":"https:\/\/www.aiyin.com\/de\/wp-json\/wp\/v2\/product_tag?post=3538"}],"curies":[{"name":"wp","href":"https:\/\/api.w.org\/{rel}","templated":true}]}}