{"id":3522,"date":"2025-02-20T01:51:54","date_gmt":"2025-02-20T01:51:54","guid":{"rendered":"https:\/\/www.jinghuaceramic.com\/?post_type=product&#038;p=3522"},"modified":"2025-07-08T07:05:03","modified_gmt":"2025-07-08T07:05:03","slug":"wholesale-a4-thermal-paper","status":"publish","type":"product","link":"https:\/\/www.aiyin.com\/de\/product\/wholesale-a4-thermal-paper\/","title":{"rendered":"Gro\u00dfhandel A4 Thermopapier - Geeignet f\u00fcr AiYin A4 Thermodrucker Serie"},"content":{"rendered":"<h2 class=\"wp-block-heading\">Details zum A4-Thermopapier<\/h2>\n\n\n\n<hr class=\"wp-block-separator has-alpha-channel-opacity\"\/>\n\n\n\n<div class=\"wp-block-columns is-layout-flex wp-container-core-columns-is-layout-9d6595d7 wp-block-columns-is-layout-flex\">\n<div class=\"wp-block-column is-layout-flow wp-block-column-is-layout-flow\">\n<figure class=\"wp-block-image size-large\"><img decoding=\"async\" width=\"1280\" height=\"1280\" src=\"https:\/\/www.aiyin.com\/wp-content\/uploads\/2025\/03\/Wholesale-A4-thermal-paper-1-1280x1280.webp\" alt=\"Gro\u00dfhandel A4 Thermopapier (1)\" class=\"wp-image-3523\" srcset=\"https:\/\/www.aiyin.com\/wp-content\/uploads\/2025\/03\/Wholesale-A4-thermal-paper-1-1280x1280.webp 1280w, https:\/\/www.aiyin.com\/wp-content\/uploads\/2025\/03\/Wholesale-A4-thermal-paper-1-150x150.webp 150w, https:\/\/www.aiyin.com\/wp-content\/uploads\/2025\/03\/Wholesale-A4-thermal-paper-1-768x768.webp 768w, https:\/\/www.aiyin.com\/wp-content\/uploads\/2025\/03\/Wholesale-A4-thermal-paper-1-300x300.webp 300w, https:\/\/www.aiyin.com\/wp-content\/uploads\/2025\/03\/Wholesale-A4-thermal-paper-1-600x600.webp 600w, https:\/\/www.aiyin.com\/wp-content\/uploads\/2025\/03\/Wholesale-A4-thermal-paper-1-100x100.webp 100w, https:\/\/www.aiyin.com\/wp-content\/uploads\/2025\/03\/Wholesale-A4-thermal-paper-1.webp 1500w\" sizes=\"(max-width: 1280px) 100vw, 1280px\" \/><\/figure>\n<\/div>\n\n\n\n<div class=\"wp-block-column is-layout-flow wp-block-column-is-layout-flow\">\n<figure class=\"wp-block-image size-large\"><img decoding=\"async\" width=\"1280\" height=\"1280\" src=\"https:\/\/www.aiyin.com\/wp-content\/uploads\/2025\/03\/Wholesale-A4-thermal-paper-2-1280x1280.webp\" alt=\"Gro\u00dfhandel A4 Thermopapier (2)\" class=\"wp-image-3524\" srcset=\"https:\/\/www.aiyin.com\/wp-content\/uploads\/2025\/03\/Wholesale-A4-thermal-paper-2-1280x1280.webp 1280w, https:\/\/www.aiyin.com\/wp-content\/uploads\/2025\/03\/Wholesale-A4-thermal-paper-2-150x150.webp 150w, https:\/\/www.aiyin.com\/wp-content\/uploads\/2025\/03\/Wholesale-A4-thermal-paper-2-768x768.webp 768w, https:\/\/www.aiyin.com\/wp-content\/uploads\/2025\/03\/Wholesale-A4-thermal-paper-2-300x300.webp 300w, https:\/\/www.aiyin.com\/wp-content\/uploads\/2025\/03\/Wholesale-A4-thermal-paper-2-600x600.webp 600w, https:\/\/www.aiyin.com\/wp-content\/uploads\/2025\/03\/Wholesale-A4-thermal-paper-2-100x100.webp 100w, https:\/\/www.aiyin.com\/wp-content\/uploads\/2025\/03\/Wholesale-A4-thermal-paper-2.webp 1500w\" sizes=\"(max-width: 1280px) 100vw, 1280px\" \/><\/figure>\n<\/div>\n<\/div>\n\n\n\n<figure class=\"wp-block-image size-large\"><img decoding=\"async\" width=\"1280\" height=\"960\" src=\"https:\/\/www.aiyin.com\/wp-content\/uploads\/2025\/02\/\u5fae\u4fe1\u56fe\u7247_20250311103900-1280x960.webp\" alt=\"\" class=\"wp-image-4090\" srcset=\"https:\/\/www.aiyin.com\/wp-content\/uploads\/2025\/02\/\u5fae\u4fe1\u56fe\u7247_20250311103900-1280x960.webp 1280w, https:\/\/www.aiyin.com\/wp-content\/uploads\/2025\/02\/\u5fae\u4fe1\u56fe\u7247_20250311103900-768x576.webp 768w, https:\/\/www.aiyin.com\/wp-content\/uploads\/2025\/02\/\u5fae\u4fe1\u56fe\u7247_20250311103900-600x450.webp 600w\" sizes=\"(max-width: 1280px) 100vw, 1280px\" \/><\/figure>\n\n\n\n<figure class=\"wp-block-image size-full\"><img decoding=\"async\" width=\"800\" height=\"800\" src=\"https:\/\/www.aiyin.com\/wp-content\/uploads\/2025\/02\/Thermal-Paper-Roll-Use-for-A4-Thermal-Printer1-2.webp\" alt=\"\" class=\"wp-image-4957\" srcset=\"https:\/\/www.aiyin.com\/wp-content\/uploads\/2025\/02\/Thermal-Paper-Roll-Use-for-A4-Thermal-Printer1-2.webp 800w, https:\/\/www.aiyin.com\/wp-content\/uploads\/2025\/02\/Thermal-Paper-Roll-Use-for-A4-Thermal-Printer1-2-150x150.webp 150w, https:\/\/www.aiyin.com\/wp-content\/uploads\/2025\/02\/Thermal-Paper-Roll-Use-for-A4-Thermal-Printer1-2-768x768.webp 768w, https:\/\/www.aiyin.com\/wp-content\/uploads\/2025\/02\/Thermal-Paper-Roll-Use-for-A4-Thermal-Printer1-2-12x12.webp 12w, https:\/\/www.aiyin.com\/wp-content\/uploads\/2025\/02\/Thermal-Paper-Roll-Use-for-A4-Thermal-Printer1-2-300x300.webp 300w, https:\/\/www.aiyin.com\/wp-content\/uploads\/2025\/02\/Thermal-Paper-Roll-Use-for-A4-Thermal-Printer1-2-600x600.webp 600w, https:\/\/www.aiyin.com\/wp-content\/uploads\/2025\/02\/Thermal-Paper-Roll-Use-for-A4-Thermal-Printer1-2-100x100.webp 100w\" sizes=\"(max-width: 800px) 100vw, 800px\" \/><\/figure>","protected":false},"excerpt":{"rendered":"<p>Gro\u00dfhandel A4 Thermopapier, ideal f\u00fcr Unternehmen und B\u00fcros, ideal f\u00fcr die Herstellung von gestochen scharfen und klaren Dokumenten, Berichten und Etiketten. Kaufen Sie in gro\u00dfen Mengen zu einem erm\u00e4\u00dfigten Preis, kontaktieren Sie uns bitte.<\/p>\n<h2>Eigenschaften von A4-Thermopapier<\/h2>\n<div>\n<p><strong>Breites Einsatzspektrum:<\/strong> Dieses Thermopapier ist f\u00fcr eine Vielzahl von Anwendungen geeignet, es kann nicht nur f\u00fcr Design-Skizzen und k\u00fcnstlerische Gestaltung verwendet werden, sondern eignet sich auch sehr gut zum Drucken von Rechnungen, Wartungsberichten, Quittungen und anderen Dokumenten.<\/p>\n<p><strong>Klarer, lang anhaltender Druck:<\/strong> Unser Thermopapier wird aus Materialien hergestellt, die f\u00fcr den Thermodruck geeignet sind. Es druckt deutlich und ist lange haltbar.<\/p>\n<p><strong>Vielseitig:<\/strong> Dieses Thermopapier ist f\u00fcr eine Vielzahl von Anwendungen geeignet. Es kann nicht nur f\u00fcr Design-Skizzen und k\u00fcnstlerische Gestaltung verwendet werden, sondern ist auch perfekt f\u00fcr den Druck von Rechnungen, Wartungsberichten, Quittungen und anderen Dokumenten.<\/p>\n<p><strong>Umweltfreundlich:<\/strong> Da der Thermodruck keine Tinte oder Toner ben\u00f6tigt, ist er eine umweltfreundliche Wahl, die Abfall und den Bedarf an zus\u00e4tzlichen Verbrauchsmaterialien reduziert.<\/p>\n<\/div>","protected":false},"featured_media":4958,"comment_status":"closed","ping_status":"closed","template":"","meta":{"_acf_changed":false},"product_brand":[],"product_cat":[120],"product_tag":[],"class_list":{"0":"post-3522","1":"product","2":"type-product","3":"status-publish","4":"has-post-thumbnail","6":"product_cat-wholesale-thermal-paper-rolls","7":"pa_paper-for-letter-a4-thermal-printer","9":"first","10":"instock","11":"shipping-taxable","12":"product-type-simple"},"acf":[],"_links":{"self":[{"href":"https:\/\/www.aiyin.com\/de\/wp-json\/wp\/v2\/product\/3522","targetHints":{"allow":["GET"]}}],"collection":[{"href":"https:\/\/www.aiyin.com\/de\/wp-json\/wp\/v2\/product"}],"about":[{"href":"https:\/\/www.aiyin.com\/de\/wp-json\/wp\/v2\/types\/product"}],"replies":[{"embeddable":true,"href":"https:\/\/www.aiyin.com\/de\/wp-json\/wp\/v2\/comments?post=3522"}],"wp:featuredmedia":[{"embeddable":true,"href":"https:\/\/www.aiyin.com\/de\/wp-json\/wp\/v2\/media\/4958"}],"wp:attachment":[{"href":"https:\/\/www.aiyin.com\/de\/wp-json\/wp\/v2\/media?parent=3522"}],"wp:term":[{"taxonomy":"product_brand","embeddable":true,"href":"https:\/\/www.aiyin.com\/de\/wp-json\/wp\/v2\/product_brand?post=3522"},{"taxonomy":"product_cat","embeddable":true,"href":"https:\/\/www.aiyin.com\/de\/wp-json\/wp\/v2\/product_cat?post=3522"},{"taxonomy":"product_tag","embeddable":true,"href":"https:\/\/www.aiyin.com\/de\/wp-json\/wp\/v2\/product_tag?post=3522"}],"curies":[{"name":"wp","href":"https:\/\/api.w.org\/{rel}","templated":true}]}}