{"id":3507,"date":"2025-02-20T07:23:40","date_gmt":"2025-02-20T07:23:40","guid":{"rendered":"https:\/\/www.jinghuaceramic.com\/?post_type=product&#038;p=3507"},"modified":"2025-07-08T07:25:11","modified_gmt":"2025-07-08T07:25:11","slug":"wholesale-colorful-mini-thermal-printer-paper-14-x-40mm","status":"publish","type":"product","link":"https:\/\/www.aiyin.com\/de\/product\/wholesale-colorful-mini-thermal-printer-paper-14-x-40mm\/","title":{"rendered":"Gro\u00dfhandel bunte Thermodrucker Papierband 15 \u00d7 40mm - geeignet f\u00fcr AiYin Home Label Maker Serie"},"content":{"rendered":"<h2 class=\"wp-block-heading\">Details des bunten Thermodrucker-Papierbandes<\/h2>\n\n\n\n<hr class=\"wp-block-separator has-alpha-channel-opacity\"\/>\n\n\n\n<div class=\"wp-block-columns is-layout-flex wp-container-core-columns-is-layout-9d6595d7 wp-block-columns-is-layout-flex\">\n<div class=\"wp-block-column is-layout-flow wp-block-column-is-layout-flow\">\n<figure class=\"wp-block-image size-large\"><img decoding=\"async\" width=\"1280\" height=\"1280\" src=\"https:\/\/www.aiyin.com\/wp-content\/uploads\/2025\/03\/Wholesale-Colorful-Mini-Thermal-Printer-Paper\u200b-14-\u00d7-40mm-9-1280x1280.webp\" alt=\"Gro\u00dfhandel Buntes Mini-Thermodruckerpapier 14 \u00d7 40mm (9)\" class=\"wp-image-3516\" srcset=\"https:\/\/www.aiyin.com\/wp-content\/uploads\/2025\/03\/Wholesale-Colorful-Mini-Thermal-Printer-Paper\u200b-14-\u00d7-40mm-9-1280x1280.webp 1280w, https:\/\/www.aiyin.com\/wp-content\/uploads\/2025\/03\/Wholesale-Colorful-Mini-Thermal-Printer-Paper\u200b-14-\u00d7-40mm-9-150x150.webp 150w, https:\/\/www.aiyin.com\/wp-content\/uploads\/2025\/03\/Wholesale-Colorful-Mini-Thermal-Printer-Paper\u200b-14-\u00d7-40mm-9-768x768.webp 768w, https:\/\/www.aiyin.com\/wp-content\/uploads\/2025\/03\/Wholesale-Colorful-Mini-Thermal-Printer-Paper\u200b-14-\u00d7-40mm-9-300x300.webp 300w, https:\/\/www.aiyin.com\/wp-content\/uploads\/2025\/03\/Wholesale-Colorful-Mini-Thermal-Printer-Paper\u200b-14-\u00d7-40mm-9-600x600.webp 600w, https:\/\/www.aiyin.com\/wp-content\/uploads\/2025\/03\/Wholesale-Colorful-Mini-Thermal-Printer-Paper\u200b-14-\u00d7-40mm-9-100x100.webp 100w, https:\/\/www.aiyin.com\/wp-content\/uploads\/2025\/03\/Wholesale-Colorful-Mini-Thermal-Printer-Paper\u200b-14-\u00d7-40mm-9.webp 1500w\" sizes=\"(max-width: 1280px) 100vw, 1280px\" \/><\/figure>\n<\/div>\n\n\n\n<div class=\"wp-block-column is-layout-flow wp-block-column-is-layout-flow\">\n<figure class=\"wp-block-image size-large\"><img decoding=\"async\" width=\"1280\" height=\"1280\" src=\"https:\/\/www.aiyin.com\/wp-content\/uploads\/2025\/03\/Wholesale-Colorful-Mini-Thermal-Printer-Paper\u200b-14-\u00d7-40mm-10-1280x1280.webp\" alt=\"Gro\u00dfhandel Buntes Mini-Thermodruckerpapier 14 \u00d7 40mm (10)\" class=\"wp-image-3517\" srcset=\"https:\/\/www.aiyin.com\/wp-content\/uploads\/2025\/03\/Wholesale-Colorful-Mini-Thermal-Printer-Paper\u200b-14-\u00d7-40mm-10-1280x1280.webp 1280w, https:\/\/www.aiyin.com\/wp-content\/uploads\/2025\/03\/Wholesale-Colorful-Mini-Thermal-Printer-Paper\u200b-14-\u00d7-40mm-10-150x150.webp 150w, https:\/\/www.aiyin.com\/wp-content\/uploads\/2025\/03\/Wholesale-Colorful-Mini-Thermal-Printer-Paper\u200b-14-\u00d7-40mm-10-768x768.webp 768w, https:\/\/www.aiyin.com\/wp-content\/uploads\/2025\/03\/Wholesale-Colorful-Mini-Thermal-Printer-Paper\u200b-14-\u00d7-40mm-10-300x300.webp 300w, https:\/\/www.aiyin.com\/wp-content\/uploads\/2025\/03\/Wholesale-Colorful-Mini-Thermal-Printer-Paper\u200b-14-\u00d7-40mm-10-600x600.webp 600w, https:\/\/www.aiyin.com\/wp-content\/uploads\/2025\/03\/Wholesale-Colorful-Mini-Thermal-Printer-Paper\u200b-14-\u00d7-40mm-10-100x100.webp 100w, https:\/\/www.aiyin.com\/wp-content\/uploads\/2025\/03\/Wholesale-Colorful-Mini-Thermal-Printer-Paper\u200b-14-\u00d7-40mm-10.webp 1500w\" sizes=\"(max-width: 1280px) 100vw, 1280px\" \/><\/figure>\n<\/div>\n<\/div>\n\n\n\n<div class=\"wp-block-columns is-layout-flex wp-container-core-columns-is-layout-9d6595d7 wp-block-columns-is-layout-flex\">\n<div class=\"wp-block-column is-layout-flow wp-block-column-is-layout-flow\" style=\"flex-basis:100%\"><\/div>\n<\/div>\n\n\n\n<div class=\"wp-block-columns is-layout-flex wp-container-core-columns-is-layout-9d6595d7 wp-block-columns-is-layout-flex\">\n<div class=\"wp-block-column is-layout-flow wp-block-column-is-layout-flow\">\n<figure class=\"wp-block-image size-large\"><img decoding=\"async\" width=\"1280\" height=\"1280\" src=\"https:\/\/www.aiyin.com\/wp-content\/uploads\/2025\/03\/Wholesale-Colorful-Mini-Thermal-Printer-Paper-14-\u00d7-40mm-3-1280x1280.webp\" alt=\"Gro\u00dfhandel Buntes Mini-Thermodruckerpapier 14 \u00d7 40mm (3)\" class=\"wp-image-3510\" srcset=\"\" sizes=\"(max-width: 1280px) 100vw, 1280px\" data-srcset=\"\" \/><\/figure>\n<\/div>\n\n\n\n<div class=\"wp-block-column is-layout-flow wp-block-column-is-layout-flow\">\n<figure class=\"wp-block-image size-large\"><img decoding=\"async\" width=\"1280\" height=\"1280\" src=\"https:\/\/www.aiyin.com\/wp-content\/uploads\/2025\/03\/Wholesale-Colorful-Mini-Thermal-Printer-Paper\u200b-14-\u00d7-40mm-2-1280x1280.webp\" alt=\"Gro\u00dfhandel Buntes Mini-Thermodruckerpapier 14 \u00d7 40mm (2)\" class=\"wp-image-3509\" srcset=\"https:\/\/www.aiyin.com\/wp-content\/uploads\/2025\/03\/Wholesale-Colorful-Mini-Thermal-Printer-Paper\u200b-14-\u00d7-40mm-2-1280x1280.webp 1280w, https:\/\/www.aiyin.com\/wp-content\/uploads\/2025\/03\/Wholesale-Colorful-Mini-Thermal-Printer-Paper\u200b-14-\u00d7-40mm-2-150x150.webp 150w, https:\/\/www.aiyin.com\/wp-content\/uploads\/2025\/03\/Wholesale-Colorful-Mini-Thermal-Printer-Paper\u200b-14-\u00d7-40mm-2-768x768.webp 768w, https:\/\/www.aiyin.com\/wp-content\/uploads\/2025\/03\/Wholesale-Colorful-Mini-Thermal-Printer-Paper\u200b-14-\u00d7-40mm-2-300x300.webp 300w, https:\/\/www.aiyin.com\/wp-content\/uploads\/2025\/03\/Wholesale-Colorful-Mini-Thermal-Printer-Paper\u200b-14-\u00d7-40mm-2-600x600.webp 600w, https:\/\/www.aiyin.com\/wp-content\/uploads\/2025\/03\/Wholesale-Colorful-Mini-Thermal-Printer-Paper\u200b-14-\u00d7-40mm-2-100x100.webp 100w, https:\/\/www.aiyin.com\/wp-content\/uploads\/2025\/03\/Wholesale-Colorful-Mini-Thermal-Printer-Paper\u200b-14-\u00d7-40mm-2.webp 1500w\" sizes=\"(max-width: 1280px) 100vw, 1280px\" \/><\/figure>\n<\/div>\n\n\n\n<div class=\"wp-block-column is-layout-flow wp-block-column-is-layout-flow\">\n<figure class=\"wp-block-image size-large\"><img decoding=\"async\" width=\"1280\" height=\"1280\" src=\"https:\/\/www.aiyin.com\/wp-content\/uploads\/2025\/03\/Wholesale-Colorful-Mini-Thermal-Printer-Paper\u200b-14-\u00d7-40mm-1-1280x1280.webp\" alt=\"Gro\u00dfhandel Buntes Mini-Thermodruckerpapier 14 \u00d7 40mm (1)\" class=\"wp-image-3508\" srcset=\"https:\/\/www.aiyin.com\/wp-content\/uploads\/2025\/03\/Wholesale-Colorful-Mini-Thermal-Printer-Paper\u200b-14-\u00d7-40mm-1-1280x1280.webp 1280w, https:\/\/www.aiyin.com\/wp-content\/uploads\/2025\/03\/Wholesale-Colorful-Mini-Thermal-Printer-Paper\u200b-14-\u00d7-40mm-1-150x150.webp 150w, https:\/\/www.aiyin.com\/wp-content\/uploads\/2025\/03\/Wholesale-Colorful-Mini-Thermal-Printer-Paper\u200b-14-\u00d7-40mm-1-768x768.webp 768w, https:\/\/www.aiyin.com\/wp-content\/uploads\/2025\/03\/Wholesale-Colorful-Mini-Thermal-Printer-Paper\u200b-14-\u00d7-40mm-1-300x300.webp 300w, https:\/\/www.aiyin.com\/wp-content\/uploads\/2025\/03\/Wholesale-Colorful-Mini-Thermal-Printer-Paper\u200b-14-\u00d7-40mm-1-600x600.webp 600w, https:\/\/www.aiyin.com\/wp-content\/uploads\/2025\/03\/Wholesale-Colorful-Mini-Thermal-Printer-Paper\u200b-14-\u00d7-40mm-1-100x100.webp 100w, https:\/\/www.aiyin.com\/wp-content\/uploads\/2025\/03\/Wholesale-Colorful-Mini-Thermal-Printer-Paper\u200b-14-\u00d7-40mm-1.webp 1500w\" sizes=\"(max-width: 1280px) 100vw, 1280px\" \/><\/figure>\n<\/div>\n<\/div>\n\n\n\n<div class=\"wp-block-columns is-layout-flex wp-container-core-columns-is-layout-9d6595d7 wp-block-columns-is-layout-flex\">\n<div class=\"wp-block-column is-layout-flow wp-block-column-is-layout-flow\">\n<figure class=\"wp-block-image size-large\"><img decoding=\"async\" width=\"1280\" height=\"1280\" src=\"https:\/\/www.aiyin.com\/wp-content\/uploads\/2025\/03\/Wholesale-Colorful-Mini-Thermal-Printer-Paper\u200b-14-\u00d7-40mm-7-1280x1280.webp\" alt=\"Gro\u00dfhandel Buntes Mini-Thermodruckerpapier 14 \u00d7 40mm (7)\" class=\"wp-image-3514\" srcset=\"https:\/\/www.aiyin.com\/wp-content\/uploads\/2025\/03\/Wholesale-Colorful-Mini-Thermal-Printer-Paper\u200b-14-\u00d7-40mm-7-1280x1280.webp 1280w, https:\/\/www.aiyin.com\/wp-content\/uploads\/2025\/03\/Wholesale-Colorful-Mini-Thermal-Printer-Paper\u200b-14-\u00d7-40mm-7-150x150.webp 150w, https:\/\/www.aiyin.com\/wp-content\/uploads\/2025\/03\/Wholesale-Colorful-Mini-Thermal-Printer-Paper\u200b-14-\u00d7-40mm-7-768x768.webp 768w, https:\/\/www.aiyin.com\/wp-content\/uploads\/2025\/03\/Wholesale-Colorful-Mini-Thermal-Printer-Paper\u200b-14-\u00d7-40mm-7-300x300.webp 300w, https:\/\/www.aiyin.com\/wp-content\/uploads\/2025\/03\/Wholesale-Colorful-Mini-Thermal-Printer-Paper\u200b-14-\u00d7-40mm-7-600x600.webp 600w, https:\/\/www.aiyin.com\/wp-content\/uploads\/2025\/03\/Wholesale-Colorful-Mini-Thermal-Printer-Paper\u200b-14-\u00d7-40mm-7-100x100.webp 100w, https:\/\/www.aiyin.com\/wp-content\/uploads\/2025\/03\/Wholesale-Colorful-Mini-Thermal-Printer-Paper\u200b-14-\u00d7-40mm-7.webp 1500w\" sizes=\"(max-width: 1280px) 100vw, 1280px\" \/><\/figure>\n<\/div>\n\n\n\n<div class=\"wp-block-column is-layout-flow wp-block-column-is-layout-flow\">\n<figure class=\"wp-block-image size-large\"><img decoding=\"async\" width=\"1280\" height=\"1280\" src=\"https:\/\/www.aiyin.com\/wp-content\/uploads\/2025\/03\/Wholesale-Colorful-Mini-Thermal-Printer-Paper-14-\u00d7-40mm-4-1280x1280.webp\" alt=\"Gro\u00dfhandel Buntes Mini-Thermodruckerpapier 14 \u00d7 40mm (4)\" class=\"wp-image-3511\" srcset=\"\" sizes=\"(max-width: 1280px) 100vw, 1280px\" data-srcset=\"\" \/><\/figure>\n<\/div>\n\n\n\n<div class=\"wp-block-column is-layout-flow wp-block-column-is-layout-flow\">\n<figure class=\"wp-block-image size-large\"><img decoding=\"async\" width=\"1280\" height=\"1280\" src=\"https:\/\/www.aiyin.com\/wp-content\/uploads\/2025\/03\/Wholesale-Colorful-Mini-Thermal-Printer-Paper\u200b-14-\u00d7-40mm-6-1280x1280.webp\" alt=\"Gro\u00dfhandel Buntes Mini-Thermodruckerpapier 14 \u00d7 40mm (6)\" class=\"wp-image-3513\" srcset=\"https:\/\/www.aiyin.com\/wp-content\/uploads\/2025\/03\/Wholesale-Colorful-Mini-Thermal-Printer-Paper\u200b-14-\u00d7-40mm-6-1280x1280.webp 1280w, https:\/\/www.aiyin.com\/wp-content\/uploads\/2025\/03\/Wholesale-Colorful-Mini-Thermal-Printer-Paper\u200b-14-\u00d7-40mm-6-150x150.webp 150w, https:\/\/www.aiyin.com\/wp-content\/uploads\/2025\/03\/Wholesale-Colorful-Mini-Thermal-Printer-Paper\u200b-14-\u00d7-40mm-6-768x768.webp 768w, https:\/\/www.aiyin.com\/wp-content\/uploads\/2025\/03\/Wholesale-Colorful-Mini-Thermal-Printer-Paper\u200b-14-\u00d7-40mm-6-300x300.webp 300w, https:\/\/www.aiyin.com\/wp-content\/uploads\/2025\/03\/Wholesale-Colorful-Mini-Thermal-Printer-Paper\u200b-14-\u00d7-40mm-6-600x600.webp 600w, https:\/\/www.aiyin.com\/wp-content\/uploads\/2025\/03\/Wholesale-Colorful-Mini-Thermal-Printer-Paper\u200b-14-\u00d7-40mm-6-100x100.webp 100w, https:\/\/www.aiyin.com\/wp-content\/uploads\/2025\/03\/Wholesale-Colorful-Mini-Thermal-Printer-Paper\u200b-14-\u00d7-40mm-6.webp 1500w\" sizes=\"(max-width: 1280px) 100vw, 1280px\" \/><\/figure>\n<\/div>\n<\/div>\n\n\n\n<figure class=\"wp-block-image size-full\"><img decoding=\"async\" width=\"720\" height=\"720\" src=\"https:\/\/www.aiyin.com\/wp-content\/uploads\/2025\/02\/Mini-Thermal-Printer-Paper-3.webp\" alt=\"\" class=\"wp-image-4941\" srcset=\"https:\/\/www.aiyin.com\/wp-content\/uploads\/2025\/02\/Mini-Thermal-Printer-Paper-3.webp 720w, https:\/\/www.aiyin.com\/wp-content\/uploads\/2025\/02\/Mini-Thermal-Printer-Paper-3-150x150.webp 150w, https:\/\/www.aiyin.com\/wp-content\/uploads\/2025\/02\/Mini-Thermal-Printer-Paper-3-12x12.webp 12w, https:\/\/www.aiyin.com\/wp-content\/uploads\/2025\/02\/Mini-Thermal-Printer-Paper-3-300x300.webp 300w, https:\/\/www.aiyin.com\/wp-content\/uploads\/2025\/02\/Mini-Thermal-Printer-Paper-3-600x600.webp 600w, https:\/\/www.aiyin.com\/wp-content\/uploads\/2025\/02\/Mini-Thermal-Printer-Paper-3-100x100.webp 100w\" sizes=\"(max-width: 720px) 100vw, 720px\" \/><\/figure>","protected":false},"excerpt":{"rendered":"<p>Gro\u00dfhandelsfarbige Mini-Thermodrucker-Papierrollen (14 \u00d7 40 mm) eignen sich perfekt, um Ihren Etiketten und Designs Leben einzuhauchen, und k\u00f6nnen f\u00fcr personalisierte Geschenke, Bastelprojekte, Haushaltsorganisation und Einzelhandelsprodukte verwendet werden.<\/p>\n<h2>Eigenschaften von buntem Mini-Thermodruckerpapier 14 \u00d7 40 mm<\/h2>\n<div>\n<p><strong>Modedesign:<\/strong> Dieses Mini-Thermodruckerpapier hat ein farbenfrohes Muster und ein niedliches Aussehen, das von Kindern und Jugendlichen geliebt wird und verschiedene Geschenke interessant macht.<\/p>\n<p><strong>Hochwertiges Material:<\/strong> Das Thermo-Etikettenband besteht aus wasserfestem Klebematerial und ist frei von BPA und BPS.<\/p>\n<p><strong>Intelligentes Drucken:<\/strong> In Kombination mit dem Home Label Maker und der von AiYin bereitgestellten Handy-APP zur Steuerung der Druckausgabe lassen sich eine Vielzahl von interessanten Druckeffekten erzielen.<\/p>\n<p><strong>Mehrfache Verwendung:<\/strong> Geeignet f\u00fcr den Druck von Lebensmitteletiketten, Adressen, Verpackungen, DIY-Etiketten, K\u00fchlschrankaufbewahrung, Lieferetiketten, Aufbewahrung, Namensschilder usw.<\/p>\n<\/div>","protected":false},"featured_media":3511,"comment_status":"closed","ping_status":"closed","template":"","meta":{"_acf_changed":false},"product_brand":[],"product_cat":[120],"product_tag":[],"class_list":{"0":"post-3507","1":"product","2":"type-product","3":"status-publish","4":"has-post-thumbnail","6":"product_cat-wholesale-thermal-paper-rolls","7":"pa_paper-for-home-label-maker","9":"first","10":"instock","11":"shipping-taxable","12":"product-type-simple"},"acf":[],"_links":{"self":[{"href":"https:\/\/www.aiyin.com\/de\/wp-json\/wp\/v2\/product\/3507","targetHints":{"allow":["GET"]}}],"collection":[{"href":"https:\/\/www.aiyin.com\/de\/wp-json\/wp\/v2\/product"}],"about":[{"href":"https:\/\/www.aiyin.com\/de\/wp-json\/wp\/v2\/types\/product"}],"replies":[{"embeddable":true,"href":"https:\/\/www.aiyin.com\/de\/wp-json\/wp\/v2\/comments?post=3507"}],"wp:featuredmedia":[{"embeddable":true,"href":"https:\/\/www.aiyin.com\/de\/wp-json\/wp\/v2\/media\/3511"}],"wp:attachment":[{"href":"https:\/\/www.aiyin.com\/de\/wp-json\/wp\/v2\/media?parent=3507"}],"wp:term":[{"taxonomy":"product_brand","embeddable":true,"href":"https:\/\/www.aiyin.com\/de\/wp-json\/wp\/v2\/product_brand?post=3507"},{"taxonomy":"product_cat","embeddable":true,"href":"https:\/\/www.aiyin.com\/de\/wp-json\/wp\/v2\/product_cat?post=3507"},{"taxonomy":"product_tag","embeddable":true,"href":"https:\/\/www.aiyin.com\/de\/wp-json\/wp\/v2\/product_tag?post=3507"}],"curies":[{"name":"wp","href":"https:\/\/api.w.org\/{rel}","templated":true}]}}