{"id":3483,"date":"2025-02-20T06:50:45","date_gmt":"2025-02-20T06:50:45","guid":{"rendered":"https:\/\/www.jinghuaceramic.com\/?post_type=product&#038;p=3483"},"modified":"2025-03-27T08:00:16","modified_gmt":"2025-03-27T08:00:16","slug":"wholesale-thermal-paper-rolls-60-x-40mm","status":"publish","type":"product","link":"https:\/\/www.aiyin.com\/de\/product\/wholesale-thermal-paper-rolls-60-x-40mm\/","title":{"rendered":"Gro\u00dfhandel Thermopapierrollen 60 \u00d7 40mm"},"content":{"rendered":"<h2 class=\"wp-block-heading\">Details zu den Thermopapierrollen<\/h2>\n\n\n\n<hr class=\"wp-block-separator has-alpha-channel-opacity\" \/>\n\n\n\n<div class=\"wp-block-columns is-layout-flex wp-container-core-columns-is-layout-9d6595d7 wp-block-columns-is-layout-flex\">\n<div class=\"wp-block-column is-layout-flow wp-block-column-is-layout-flow\">\n<figure class=\"wp-block-image size-large\"><img decoding=\"async\" width=\"1280\" height=\"1280\" src=\"https:\/\/www.aiyin.com\/wp-content\/uploads\/2025\/03\/Wholesale-Thermal-Paper-Rolls-60-\u00d7-40mm-2-1280x1280.webp\" alt=\"Gro\u00dfhandel Thermopapier-Rollen 60 \u00d7 40mm (2)\" class=\"wp-image-3485\" srcset=\"https:\/\/www.aiyin.com\/wp-content\/uploads\/2025\/03\/Wholesale-Thermal-Paper-Rolls-60-\u00d7-40mm-2-1280x1280.webp 1280w, https:\/\/www.aiyin.com\/wp-content\/uploads\/2025\/03\/Wholesale-Thermal-Paper-Rolls-60-\u00d7-40mm-2-150x150.webp 150w, https:\/\/www.aiyin.com\/wp-content\/uploads\/2025\/03\/Wholesale-Thermal-Paper-Rolls-60-\u00d7-40mm-2-768x768.webp 768w, https:\/\/www.aiyin.com\/wp-content\/uploads\/2025\/03\/Wholesale-Thermal-Paper-Rolls-60-\u00d7-40mm-2-300x300.webp 300w, https:\/\/www.aiyin.com\/wp-content\/uploads\/2025\/03\/Wholesale-Thermal-Paper-Rolls-60-\u00d7-40mm-2-600x600.webp 600w, https:\/\/www.aiyin.com\/wp-content\/uploads\/2025\/03\/Wholesale-Thermal-Paper-Rolls-60-\u00d7-40mm-2-100x100.webp 100w, https:\/\/www.aiyin.com\/wp-content\/uploads\/2025\/03\/Wholesale-Thermal-Paper-Rolls-60-\u00d7-40mm-2.webp 1500w\" sizes=\"(max-width: 1280px) 100vw, 1280px\" \/><\/figure>\n<\/div>\n\n\n\n<div class=\"wp-block-column is-layout-flow wp-block-column-is-layout-flow\">\n<figure class=\"wp-block-image size-large\"><img decoding=\"async\" width=\"1280\" height=\"1280\" src=\"https:\/\/www.aiyin.com\/wp-content\/uploads\/2025\/03\/Wholesale-Thermal-Paper-Rolls-60-\u00d7-40mm-1-1280x1280.webp\" alt=\"Gro\u00dfhandel Thermopapier-Rollen 60 \u00d7 40mm (1)\" class=\"wp-image-3484\" srcset=\"\" sizes=\"(max-width: 1280px) 100vw, 1280px\" data-srcset=\"\" \/><\/figure>\n<\/div>\n<\/div>\n\n\n\n<div class=\"wp-block-columns is-layout-flex wp-container-core-columns-is-layout-9d6595d7 wp-block-columns-is-layout-flex\">\n<div class=\"wp-block-column is-layout-flow wp-block-column-is-layout-flow\">\n<figure class=\"wp-block-image size-large\"><img decoding=\"async\" width=\"1280\" height=\"1280\" src=\"https:\/\/www.aiyin.com\/wp-content\/uploads\/2025\/03\/Wholesale-Thermal-Paper-Rolls-60-\u00d7-40mm-3-1280x1280.webp\" alt=\"Gro\u00dfhandel Thermopapierrollen 60 \u00d7 40mm (3)\" class=\"wp-image-3486\" srcset=\"https:\/\/www.aiyin.com\/wp-content\/uploads\/2025\/03\/Wholesale-Thermal-Paper-Rolls-60-\u00d7-40mm-3-1280x1280.webp 1280w, https:\/\/www.aiyin.com\/wp-content\/uploads\/2025\/03\/Wholesale-Thermal-Paper-Rolls-60-\u00d7-40mm-3-150x150.webp 150w, https:\/\/www.aiyin.com\/wp-content\/uploads\/2025\/03\/Wholesale-Thermal-Paper-Rolls-60-\u00d7-40mm-3-768x768.webp 768w, https:\/\/www.aiyin.com\/wp-content\/uploads\/2025\/03\/Wholesale-Thermal-Paper-Rolls-60-\u00d7-40mm-3-300x300.webp 300w, https:\/\/www.aiyin.com\/wp-content\/uploads\/2025\/03\/Wholesale-Thermal-Paper-Rolls-60-\u00d7-40mm-3-600x600.webp 600w, https:\/\/www.aiyin.com\/wp-content\/uploads\/2025\/03\/Wholesale-Thermal-Paper-Rolls-60-\u00d7-40mm-3-100x100.webp 100w, https:\/\/www.aiyin.com\/wp-content\/uploads\/2025\/03\/Wholesale-Thermal-Paper-Rolls-60-\u00d7-40mm-3.webp 1500w\" sizes=\"(max-width: 1280px) 100vw, 1280px\" \/><\/figure>\n<\/div>\n\n\n\n<div class=\"wp-block-column is-layout-flow wp-block-column-is-layout-flow\">\n<figure class=\"wp-block-image size-large\"><img decoding=\"async\" width=\"1280\" height=\"1280\" src=\"https:\/\/www.aiyin.com\/wp-content\/uploads\/2025\/03\/Wholesale-Thermal-Paper-Rolls-60-\u00d7-40mm-4-1280x1280.webp\" alt=\"Gro\u00dfhandel Thermopapier-Rollen 60 \u00d7 40mm (4)\" class=\"wp-image-3487\" srcset=\"https:\/\/www.aiyin.com\/wp-content\/uploads\/2025\/03\/Wholesale-Thermal-Paper-Rolls-60-\u00d7-40mm-4-1280x1280.webp 1280w, https:\/\/www.aiyin.com\/wp-content\/uploads\/2025\/03\/Wholesale-Thermal-Paper-Rolls-60-\u00d7-40mm-4-150x150.webp 150w, https:\/\/www.aiyin.com\/wp-content\/uploads\/2025\/03\/Wholesale-Thermal-Paper-Rolls-60-\u00d7-40mm-4-768x768.webp 768w, https:\/\/www.aiyin.com\/wp-content\/uploads\/2025\/03\/Wholesale-Thermal-Paper-Rolls-60-\u00d7-40mm-4-300x300.webp 300w, https:\/\/www.aiyin.com\/wp-content\/uploads\/2025\/03\/Wholesale-Thermal-Paper-Rolls-60-\u00d7-40mm-4-600x600.webp 600w, https:\/\/www.aiyin.com\/wp-content\/uploads\/2025\/03\/Wholesale-Thermal-Paper-Rolls-60-\u00d7-40mm-4-100x100.webp 100w, https:\/\/www.aiyin.com\/wp-content\/uploads\/2025\/03\/Wholesale-Thermal-Paper-Rolls-60-\u00d7-40mm-4.webp 1500w\" sizes=\"(max-width: 1280px) 100vw, 1280px\" \/><\/figure>\n<\/div>\n<\/div>","protected":false},"excerpt":{"rendered":"<p>Gro\u00dfhandel Thermopapierrollen 60 \u00d7 40mm, geeignet f\u00fcr alle Arten von Thermodruckger\u00e4ten, klarer Druck, langlebig und haltbar.<\/p>\n<h2>Merkmale von Thermopapierrollen 60 \u00d7 40mm<\/h2>\n<div>\n<p><strong>Anmerkung:<\/strong> Da es sich bei diesem Produkt um Thermopapier handelt, ist es nur f\u00fcr Thermodrucker geeignet, nicht f\u00fcr Laser- oder Tintenstrahldrucker.<\/p>\n<p><strong>Kein BPA\/BPS:<\/strong> Die Gro\u00dfhandels-Thermopapierrollen enthalten kein BPA oder BPS, und das Produkt ist RoHS- und FSC-zertifiziert.<\/p>\n<p><strong>Klarer Druck:<\/strong> Durch die Verwendung einer hochwertigen Thermobeschichtungstechnologie kann das Thermopapier von AiYin einen scharfen Druck und hohen Kontrast gew\u00e4hrleisten.<\/p>\n<p><strong>Leicht zu tragen:<\/strong> AiYin-Thermopapier kann in B\u00fcros, Schulen und zu Hause verwendet werden. Das leichte und tragbare Design ist sehr geeignet f\u00fcr Benutzer, die ein mobiles B\u00fcro ben\u00f6tigen.<\/p>\n<\/div>","protected":false},"featured_media":3484,"comment_status":"closed","ping_status":"closed","template":"","meta":{"_acf_changed":false},"product_brand":[],"product_cat":[120],"product_tag":[],"class_list":{"0":"post-3483","1":"product","2":"type-product","3":"status-publish","4":"has-post-thumbnail","6":"product_cat-wholesale-thermal-paper-rolls","7":"pa_paper-for-business-label-printer","9":"first","10":"instock","11":"shipping-taxable","12":"product-type-simple"},"acf":[],"_links":{"self":[{"href":"https:\/\/www.aiyin.com\/de\/wp-json\/wp\/v2\/product\/3483","targetHints":{"allow":["GET"]}}],"collection":[{"href":"https:\/\/www.aiyin.com\/de\/wp-json\/wp\/v2\/product"}],"about":[{"href":"https:\/\/www.aiyin.com\/de\/wp-json\/wp\/v2\/types\/product"}],"replies":[{"embeddable":true,"href":"https:\/\/www.aiyin.com\/de\/wp-json\/wp\/v2\/comments?post=3483"}],"wp:featuredmedia":[{"embeddable":true,"href":"https:\/\/www.aiyin.com\/de\/wp-json\/wp\/v2\/media\/3484"}],"wp:attachment":[{"href":"https:\/\/www.aiyin.com\/de\/wp-json\/wp\/v2\/media?parent=3483"}],"wp:term":[{"taxonomy":"product_brand","embeddable":true,"href":"https:\/\/www.aiyin.com\/de\/wp-json\/wp\/v2\/product_brand?post=3483"},{"taxonomy":"product_cat","embeddable":true,"href":"https:\/\/www.aiyin.com\/de\/wp-json\/wp\/v2\/product_cat?post=3483"},{"taxonomy":"product_tag","embeddable":true,"href":"https:\/\/www.aiyin.com\/de\/wp-json\/wp\/v2\/product_tag?post=3483"}],"curies":[{"name":"wp","href":"https:\/\/api.w.org\/{rel}","templated":true}]}}