{"id":2419,"date":"2025-02-19T08:30:40","date_gmt":"2025-02-19T08:30:40","guid":{"rendered":"https:\/\/www.jinghuaceramic.com\/?post_type=product&#038;p=2419"},"modified":"2025-03-28T06:03:13","modified_gmt":"2025-03-28T06:03:13","slug":"wholesale-industrial-pda-q69","status":"publish","type":"product","link":"https:\/\/www.aiyin.com\/de\/product\/wholesale-industrial-pda-q69\/","title":{"rendered":"Gro\u00dfhandel Industrie PDA - Q69, Mobile Data Terminal mit numerischer Tastatur, Unterst\u00fctzung OEM und ODM"},"content":{"rendered":"<h2 class=\"wp-block-heading\">Details zum Industrie-PDA - Q69<\/h2>\n\n\n\n<hr class=\"wp-block-separator has-alpha-channel-opacity\" \/>\n\n\n\n<figure class=\"wp-block-image size-large\"><img decoding=\"async\" width=\"1261\" height=\"1280\" src=\"https:\/\/www.aiyin.com\/wp-content\/uploads\/2025\/02\/\u4ea7\u54c1\u5f69\u98752-1261x1280.webp\" alt=\"\" class=\"wp-image-4100\" srcset=\"https:\/\/www.aiyin.com\/wp-content\/uploads\/2025\/02\/\u4ea7\u54c1\u5f69\u98752-1261x1280.webp 1261w, https:\/\/www.aiyin.com\/wp-content\/uploads\/2025\/02\/\u4ea7\u54c1\u5f69\u98752-768x780.webp 768w, https:\/\/www.aiyin.com\/wp-content\/uploads\/2025\/02\/\u4ea7\u54c1\u5f69\u98752-600x609.webp 600w\" sizes=\"(max-width: 1261px) 100vw, 1261px\" \/><\/figure>","protected":false},"excerpt":{"rendered":"<p>Gro\u00dfhandel Industrie-PDA - Q69, Q69 Industrie-PDA ist ein leistungsstarkes mobiles Datenerfassungsger\u00e4t, das f\u00fcr verschiedene industrielle und kommerzielle Anwendungsszenarien entwickelt wurde. Geeignet f\u00fcr Lagerverwaltung, Logistik, Vertrieb und Einzelhandel. AiYin unterst\u00fctzt OEM- und ODM-Anpassung, um Ihre individuellen Bed\u00fcrfnisse zu erf\u00fcllen. Kontaktieren Sie uns f\u00fcr ein Angebot.<\/p>\n<h2>Merkmale des Industrie-PDA - Q69<\/h2>\n<div>\n<p><strong>Betriebssystem Android 12:<\/strong> Der Q69 Industrie-PDA verf\u00fcgt \u00fcber das neueste Android 12-Betriebssystem, das ein neues Benutzererlebnis und umfangreiche App-Unterst\u00fctzung bietet.<\/p>\n<p><strong>Unterst\u00fctzung f\u00fcr das Scannen von 1D\/2D-Barcodes:<\/strong> Der Q69 PDA kann 1D- und 2D-Barcodes scannen und ist f\u00fcr verschiedene kommerzielle und industrielle Anwendungen geeignet, wie z.B. Einzelhandel, Lager, Logistik, etc.<\/p>\n<p><strong>Industrietaugliches Schutzdesign:<\/strong> Der Q69 PDA ist wasserdicht, staubdicht und sto\u00dffest und verf\u00fcgt \u00fcber ein IP67-Schutzdesign, das St\u00f6rungen durch \u00e4u\u00dfere Umwelteinfl\u00fcsse vermeidet und einen langfristigen stabilen Betrieb gew\u00e4hrleistet.<\/p>\n<p><strong>Langlebige Batterie:<\/strong> Der vor Ort austauschbare 5100-mAh-Akku mit gro\u00dfer Kapazit\u00e4t eignet sich f\u00fcr Au\u00dfeneins\u00e4tze und die Lagerverwaltung. Die Benutzer k\u00f6nnen den Akku je nach Bedarf austauschen, um eine Beeintr\u00e4chtigung der Arbeitseffizienz durch den Akku zu vermeiden und eine gr\u00f6\u00dfere Betriebsflexibilit\u00e4t zu erreichen.<\/p>\n<p><strong>Bequeme Verbindung:<\/strong> Der Q69 unterst\u00fctzt NFC- und Bluetooth 5.1-Verbindungen, um eine schnelle Daten\u00fcbertragung und drahtlose Verbindung zwischen Ger\u00e4ten zu gew\u00e4hrleisten. NFC erm\u00f6glicht den Datenaustausch im Nahbereich, der sich f\u00fcr Zahlungen, Identit\u00e4tsauthentifizierung und andere Szenarien eignet.<\/p>\n<\/div>","protected":false},"featured_media":4099,"comment_status":"closed","ping_status":"closed","template":"","meta":{"_acf_changed":true},"product_brand":[],"product_cat":[18],"product_tag":[],"class_list":{"0":"post-2419","1":"product","2":"type-product","3":"status-publish","4":"has-post-thumbnail","6":"product_cat-scanning-terminal","7":"pa_connection-method-wireless","8":"pa_product-type-pda","10":"first","11":"instock","12":"shipping-taxable","13":"product-type-simple"},"acf":[],"_links":{"self":[{"href":"https:\/\/www.aiyin.com\/de\/wp-json\/wp\/v2\/product\/2419","targetHints":{"allow":["GET"]}}],"collection":[{"href":"https:\/\/www.aiyin.com\/de\/wp-json\/wp\/v2\/product"}],"about":[{"href":"https:\/\/www.aiyin.com\/de\/wp-json\/wp\/v2\/types\/product"}],"replies":[{"embeddable":true,"href":"https:\/\/www.aiyin.com\/de\/wp-json\/wp\/v2\/comments?post=2419"}],"wp:featuredmedia":[{"embeddable":true,"href":"https:\/\/www.aiyin.com\/de\/wp-json\/wp\/v2\/media\/4099"}],"wp:attachment":[{"href":"https:\/\/www.aiyin.com\/de\/wp-json\/wp\/v2\/media?parent=2419"}],"wp:term":[{"taxonomy":"product_brand","embeddable":true,"href":"https:\/\/www.aiyin.com\/de\/wp-json\/wp\/v2\/product_brand?post=2419"},{"taxonomy":"product_cat","embeddable":true,"href":"https:\/\/www.aiyin.com\/de\/wp-json\/wp\/v2\/product_cat?post=2419"},{"taxonomy":"product_tag","embeddable":true,"href":"https:\/\/www.aiyin.com\/de\/wp-json\/wp\/v2\/product_tag?post=2419"}],"curies":[{"name":"wp","href":"https:\/\/api.w.org\/{rel}","templated":true}]}}