{"id":2408,"date":"2025-02-19T07:22:41","date_gmt":"2025-02-19T07:22:41","guid":{"rendered":"https:\/\/www.jinghuaceramic.com\/?post_type=product&#038;p=2408"},"modified":"2025-02-22T07:52:49","modified_gmt":"2025-02-22T07:52:49","slug":"wholesale-ring-barcode-scanner-h12","status":"publish","type":"product","link":"https:\/\/www.aiyin.com\/de\/product\/wholesale-ring-barcode-scanner-h12\/","title":{"rendered":"Gro\u00dfhandel Ring Barcode Scanner - H12, geeignet f\u00fcr Hochfrequenz-Scanning, OEM und ODM verf\u00fcgbar"},"content":{"rendered":"<h2 class=\"wp-block-heading\">Details zum Ring-Barcodescanner - H12<\/h2>\n\n\n\n<hr class=\"wp-block-separator has-alpha-channel-opacity\"\/>\n\n\n\n<figure class=\"wp-block-image size-large\"><img decoding=\"async\" width=\"1244\" height=\"1280\" src=\"https:\/\/www.aiyin.com\/wp-content\/uploads\/2025\/02\/Ring-Barcode-Scanner\u200b-Details-1-1244x1280.webp\" alt=\"Ring Barcode Scanner Details (1)\" class=\"wp-image-2412\" srcset=\"https:\/\/www.aiyin.com\/wp-content\/uploads\/2025\/02\/Ring-Barcode-Scanner\u200b-Details-1-1244x1280.webp 1244w, https:\/\/www.aiyin.com\/wp-content\/uploads\/2025\/02\/Ring-Barcode-Scanner\u200b-Details-1-768x791.webp 768w, https:\/\/www.aiyin.com\/wp-content\/uploads\/2025\/02\/Ring-Barcode-Scanner\u200b-Details-1-600x618.webp 600w\" sizes=\"(max-width: 1244px) 100vw, 1244px\" \/><\/figure>","protected":false},"excerpt":{"rendered":"<p>Gro\u00dfhandel H12 2D-Ring Barcode-Scanner, mit seinem leichten Design und leistungsstarke Funktionen, bietet dieser Barcode-Scanner eine effiziente und bequeme Scan-L\u00f6sung f\u00fcr Ihr Unternehmen. Einschlie\u00dflich Einzelhandel, Lagerhaltung oder Logistik-Management. Dar\u00fcber hinaus unterst\u00fctzen wir oem und odm Dienstleistungen, willkommen, uns jederzeit zu kontaktieren. Wir freuen uns darauf, eine langfristige Zusammenarbeit mit Ihnen aufzubauen.<\/p>\n<h2>Merkmale des Ring-Barcodescanners - H12<\/h2>\n<div>\n<p><strong>Leicht und praktisch:<\/strong> Der H12 Ring-Barcodescanner ist benutzerfreundlich, einfach zu tragen und lange Zeit zu verwenden und kann flexibel in verschiedenen Bereichen wie Einzelhandel, Lager, Logistik usw. eingesetzt werden.<\/p>\n<p><strong>Schnelle Dekodierung:<\/strong> Der H12 Ring-Barcodescanner verf\u00fcgt \u00fcber eine schnelle Dekodierleistung, die sich besonders f\u00fcr die effiziente Verarbeitung gro\u00dfer Datenmengen eignet, wie z. B. bei Hochfrequenz-Scans, Zahlungserfassung, Lagerhaltung und Logistik usw.<\/p>\n<p><strong>Mehrere Scan-Modi:<\/strong> Der H12-Scanner unterst\u00fctzt mehrere Scan-Modi. Die Benutzer k\u00f6nnen je nach den Anforderungen verschiedener Szenarien frei zwischen den Modi wechseln, wodurch das Ger\u00e4t bei der Verarbeitung mehrerer Anwendungen effizienter wird.<\/p>\n<p><strong>Lange Lebensdauer der Batterie:<\/strong> Der H12 verf\u00fcgt \u00fcber einen eingebauten 370-mAh-Akku, unterst\u00fctzt eine Scanfrequenz von einmal pro Sekunde und hat eine Akkulaufzeit von bis zu 4 Stunden, so dass er auch f\u00fcr den Langzeitbetrieb geeignet ist.<\/p>\n<\/div>","protected":false},"featured_media":2409,"comment_status":"closed","ping_status":"closed","template":"","meta":{"_acf_changed":true},"product_brand":[],"product_cat":[18],"product_tag":[],"class_list":{"0":"post-2408","1":"product","2":"type-product","3":"status-publish","4":"has-post-thumbnail","6":"product_cat-scanning-terminal","7":"pa_product-type-ring-scanner","9":"first","10":"instock","11":"shipping-taxable","12":"product-type-simple"},"acf":[],"_links":{"self":[{"href":"https:\/\/www.aiyin.com\/de\/wp-json\/wp\/v2\/product\/2408","targetHints":{"allow":["GET"]}}],"collection":[{"href":"https:\/\/www.aiyin.com\/de\/wp-json\/wp\/v2\/product"}],"about":[{"href":"https:\/\/www.aiyin.com\/de\/wp-json\/wp\/v2\/types\/product"}],"replies":[{"embeddable":true,"href":"https:\/\/www.aiyin.com\/de\/wp-json\/wp\/v2\/comments?post=2408"}],"wp:featuredmedia":[{"embeddable":true,"href":"https:\/\/www.aiyin.com\/de\/wp-json\/wp\/v2\/media\/2409"}],"wp:attachment":[{"href":"https:\/\/www.aiyin.com\/de\/wp-json\/wp\/v2\/media?parent=2408"}],"wp:term":[{"taxonomy":"product_brand","embeddable":true,"href":"https:\/\/www.aiyin.com\/de\/wp-json\/wp\/v2\/product_brand?post=2408"},{"taxonomy":"product_cat","embeddable":true,"href":"https:\/\/www.aiyin.com\/de\/wp-json\/wp\/v2\/product_cat?post=2408"},{"taxonomy":"product_tag","embeddable":true,"href":"https:\/\/www.aiyin.com\/de\/wp-json\/wp\/v2\/product_tag?post=2408"}],"curies":[{"name":"wp","href":"https:\/\/api.w.org\/{rel}","templated":true}]}}