{"id":2404,"date":"2025-02-19T06:47:40","date_gmt":"2025-02-19T06:47:40","guid":{"rendered":"https:\/\/www.jinghuaceramic.com\/?post_type=product&#038;p=2404"},"modified":"2025-02-28T14:26:45","modified_gmt":"2025-02-28T14:26:45","slug":"qrcode-scanner-box-h11","status":"publish","type":"product","link":"https:\/\/www.aiyin.com\/de\/product\/qrcode-scanner-box-h11\/","title":{"rendered":"QRCode Scanner Box - H11, geeignet f\u00fcr verschiedene mobile Zahlungscodes, unterst\u00fctzt OEM und ODM"},"content":{"rendered":"<h2 class=\"wp-block-heading\">Details zur QRCode Scanner Box - H11<\/h2>\n\n\n\n<hr class=\"wp-block-separator has-alpha-channel-opacity\"\/>\n\n\n\n<figure class=\"wp-block-image size-large\"><img decoding=\"async\" width=\"1204\" height=\"1280\" src=\"https:\/\/www.aiyin.com\/wp-content\/uploads\/2025\/02\/QRCode-Scanner-Box-Details-1-1204x1280.webp\" alt=\"QRCode Scanner Box Details (1)\" class=\"wp-image-2406\" srcset=\"https:\/\/www.aiyin.com\/wp-content\/uploads\/2025\/02\/QRCode-Scanner-Box-Details-1-1204x1280.webp 1204w, https:\/\/www.aiyin.com\/wp-content\/uploads\/2025\/02\/QRCode-Scanner-Box-Details-1-768x817.webp 768w, https:\/\/www.aiyin.com\/wp-content\/uploads\/2025\/02\/QRCode-Scanner-Box-Details-1-600x638.webp 600w\" sizes=\"(max-width: 1204px) 100vw, 1204px\" \/><\/figure>","protected":false},"excerpt":{"rendered":"<p>Gro\u00dfhandel H11 QR-Code-Scanner, kann in verschiedenen mobilen Zahlungsszenarien verwendet werden. H11-Scanner hat die F\u00e4higkeit, schnell dekodieren und lesen 1D und 2D-Barcodes, wie QR-Code und EAN-13, mit extrem niedrigen Fehlerquote. Der Scanner macht die Produkteingabe, die Bestandsverwaltung und den Bezahlvorgang reibungsloser und effizienter. Bitte kontaktieren Sie uns f\u00fcr weitere detaillierte Produktinformationen und Gro\u00dfhandelsvorzugspreise.<\/p>\n<h2>Eigenschaften der QRCode Scanner Box - H11<\/h2>\n<div>\n<p><strong>Schnelle Dekodierung:<\/strong> Die QRCode Scanner Box - H11 verf\u00fcgt \u00fcber effiziente Dekodierfunktionen und eine extrem niedrige Fehlerquote, so dass die Benutzer Barcodes schnell und genau lesen k\u00f6nnen, was die Arbeitseffizienz verbessert.<\/p>\n<p><strong>Sprach\u00fcbertragungsfunktion:<\/strong> Klare Sprachansagen und Aufforderungen f\u00fcr Funktionen wie Alipay- und WeChat-Zahlungen sind mit verschiedenen Farben von Lichtern koordiniert, um das Benutzererlebnis zu verbessern.<\/p>\n<p><strong>Mehrfache Barcode-Erkennung:<\/strong> Unterst\u00fctzt das Lesen von eindimensionalen und zweidimensionalen Barcodes und passt sich so an verschiedene Gesch\u00e4ftsanforderungen an, wie z. B. zweidimensionale Codes (QR-Code) und mobile Zahlungscodes.<\/p>\n<p><strong>Leicht und praktisch: <\/strong>QRCode Scanner Box - H11 hat ein humanisiertes Design, kleine Gr\u00f6\u00dfe, leicht zu tragen und langfristige Nutzung, geeignet f\u00fcr verschiedene Arbeitsumgebungen.<\/p>\n<\/div>","protected":false},"featured_media":2405,"comment_status":"closed","ping_status":"closed","template":"","meta":{"_acf_changed":true},"product_brand":[],"product_cat":[18],"product_tag":[],"class_list":{"0":"post-2404","1":"product","2":"type-product","3":"status-publish","4":"has-post-thumbnail","6":"product_cat-scanning-terminal","7":"pa_product-type-code-scanning-box","9":"first","10":"instock","11":"shipping-taxable","12":"product-type-simple"},"acf":[],"_links":{"self":[{"href":"https:\/\/www.aiyin.com\/de\/wp-json\/wp\/v2\/product\/2404","targetHints":{"allow":["GET"]}}],"collection":[{"href":"https:\/\/www.aiyin.com\/de\/wp-json\/wp\/v2\/product"}],"about":[{"href":"https:\/\/www.aiyin.com\/de\/wp-json\/wp\/v2\/types\/product"}],"replies":[{"embeddable":true,"href":"https:\/\/www.aiyin.com\/de\/wp-json\/wp\/v2\/comments?post=2404"}],"wp:featuredmedia":[{"embeddable":true,"href":"https:\/\/www.aiyin.com\/de\/wp-json\/wp\/v2\/media\/2405"}],"wp:attachment":[{"href":"https:\/\/www.aiyin.com\/de\/wp-json\/wp\/v2\/media?parent=2404"}],"wp:term":[{"taxonomy":"product_brand","embeddable":true,"href":"https:\/\/www.aiyin.com\/de\/wp-json\/wp\/v2\/product_brand?post=2404"},{"taxonomy":"product_cat","embeddable":true,"href":"https:\/\/www.aiyin.com\/de\/wp-json\/wp\/v2\/product_cat?post=2404"},{"taxonomy":"product_tag","embeddable":true,"href":"https:\/\/www.aiyin.com\/de\/wp-json\/wp\/v2\/product_tag?post=2404"}],"curies":[{"name":"wp","href":"https:\/\/api.w.org\/{rel}","templated":true}]}}