{"id":2210,"date":"2025-02-17T10:19:29","date_gmt":"2025-02-17T10:19:29","guid":{"rendered":"https:\/\/www.jinghuaceramic.com\/?post_type=product&#038;p=2210"},"modified":"2025-02-22T07:12:19","modified_gmt":"2025-02-22T07:12:19","slug":"3-inches-thermal-bluetooth-wifi-receipt-printer-an802","status":"publish","type":"product","link":"https:\/\/www.aiyin.com\/de\/product\/3-inches-thermal-bluetooth-wifi-receipt-printer-an802\/","title":{"rendered":"Benutzerdefinierte Quittungsdrucker Unterst\u00fctzung, 3 Zoll Thermal Bluetooth \/ Wifi Quittungsdrucker - AN802"},"content":{"rendered":"<h2 class=\"wp-block-heading\">Details zum Bluetooth \/ Wifi-Bondrucker - AN802<\/h2>\n\n\n\n<hr class=\"wp-block-separator has-alpha-channel-opacity\"\/>\n\n\n\n<figure class=\"wp-block-image size-large\"><img decoding=\"async\" width=\"1265\" height=\"1280\" src=\"https:\/\/www.aiyin.com\/wp-content\/uploads\/2025\/02\/Bluetooth-and-Wifi-Receipt-Printer-Details-1-1265x1280.webp\" alt=\"Bluetooth- und Wifi-Bondrucker Details (1)\" class=\"wp-image-2216\" srcset=\"https:\/\/www.aiyin.com\/wp-content\/uploads\/2025\/02\/Bluetooth-and-Wifi-Receipt-Printer-Details-1-1265x1280.webp 1265w, https:\/\/www.aiyin.com\/wp-content\/uploads\/2025\/02\/Bluetooth-and-Wifi-Receipt-Printer-Details-1-768x777.webp 768w, https:\/\/www.aiyin.com\/wp-content\/uploads\/2025\/02\/Bluetooth-and-Wifi-Receipt-Printer-Details-1-600x607.webp 600w, https:\/\/www.aiyin.com\/wp-content\/uploads\/2025\/02\/Bluetooth-and-Wifi-Receipt-Printer-Details-1-100x100.webp 100w\" sizes=\"(max-width: 1265px) 100vw, 1265px\" \/><\/figure>","protected":false},"excerpt":{"rendered":"<p>Gro\u00dfhandel 3 Zoll thermische Bluetooth \/ WiFi Quittungsdrucker, AN802 hilft Ihnen, Kosten zu senken und die Wettbewerbsf\u00e4higkeit mit seiner hohen Leistung und niedrigen Wartungskosten zu verbessern. Wir bieten One-Stop kundenspezifische Etikettendrucker L\u00f6sungen, willkommen, uns zu kontaktieren.<\/p>\n<h2>Eigenschaften von Bluetooth \/ Wifi Bondrucker - AN802<\/h2>\n<div>\n<p><strong>Erinnerungsfunktion f\u00fcr Bestellungen:<\/strong> Bluetooth-\/Wifi-Bondrucker - AN802 Der Drucker verf\u00fcgt \u00fcber eine eingebaute Bestellungserinnerungsfunktion, die eine Erinnerung ausgeben kann, wenn die Bestellung nicht abgeholt oder gedruckt wurde, um sicherzustellen, dass keine wichtige Bestellung verpasst wird. Er eignet sich besonders f\u00fcr Branchen wie die Gastronomie und den Einzelhandel.<\/p>\n<p><strong>Unterst\u00fctzung von Bluetooth und WiFi:<\/strong> Der AN802 ist als Bluetooth- und WLAN-Variante erh\u00e4ltlich, und die Benutzer k\u00f6nnen den Drucker problemlos mit verschiedenen Ger\u00e4ten (wie Smartphones, Tablets und POS-Systemen) verbinden, um die Arbeitseffizienz zu verbessern.<\/p>\n<p><strong>Automatische Papierschneidefunktion:<\/strong> Ausgestattet mit einem automatischen Papierschneider mit einer Lebensdauer von bis zu 1,5 Millionen Mal, verbessert er effektiv die Arbeitseffizienz und sorgt f\u00fcr einen sauberen Schnitt, geeignet f\u00fcr hochfrequente und anspruchsvolle Etikettendruckumgebungen.<\/p>\n<p><strong>Gute Haltbarkeit:<\/strong> Die Drucklebensdauer des AN802-Bondruckers betr\u00e4gt bis zu 30 Kilometer (w\u00e4hrend der Garantiezeit) und 50 Kilometer (Lebensdauer). Selbst in einer Umgebung mit hoher Nutzungsfrequenz kann das Ger\u00e4t eine stabile Leistung beibehalten.<\/p>\n<\/div>","protected":false},"featured_media":2211,"comment_status":"closed","ping_status":"closed","template":"","meta":{"_acf_changed":true},"product_brand":[],"product_cat":[19],"product_tag":[],"class_list":{"0":"post-2210","1":"product","2":"type-product","3":"status-publish","4":"has-post-thumbnail","6":"product_cat-receipt-printer","7":"pa_device-type-desktop","8":"pa_print-width-3-inches","10":"first","11":"instock","12":"shipping-taxable","13":"product-type-simple"},"acf":[],"_links":{"self":[{"href":"https:\/\/www.aiyin.com\/de\/wp-json\/wp\/v2\/product\/2210","targetHints":{"allow":["GET"]}}],"collection":[{"href":"https:\/\/www.aiyin.com\/de\/wp-json\/wp\/v2\/product"}],"about":[{"href":"https:\/\/www.aiyin.com\/de\/wp-json\/wp\/v2\/types\/product"}],"replies":[{"embeddable":true,"href":"https:\/\/www.aiyin.com\/de\/wp-json\/wp\/v2\/comments?post=2210"}],"wp:featuredmedia":[{"embeddable":true,"href":"https:\/\/www.aiyin.com\/de\/wp-json\/wp\/v2\/media\/2211"}],"wp:attachment":[{"href":"https:\/\/www.aiyin.com\/de\/wp-json\/wp\/v2\/media?parent=2210"}],"wp:term":[{"taxonomy":"product_brand","embeddable":true,"href":"https:\/\/www.aiyin.com\/de\/wp-json\/wp\/v2\/product_brand?post=2210"},{"taxonomy":"product_cat","embeddable":true,"href":"https:\/\/www.aiyin.com\/de\/wp-json\/wp\/v2\/product_cat?post=2210"},{"taxonomy":"product_tag","embeddable":true,"href":"https:\/\/www.aiyin.com\/de\/wp-json\/wp\/v2\/product_tag?post=2210"}],"curies":[{"name":"wp","href":"https:\/\/api.w.org\/{rel}","templated":true}]}}