{"id":2147,"date":"2025-02-15T06:16:25","date_gmt":"2025-02-15T06:16:25","guid":{"rendered":"https:\/\/www.jinghuaceramic.com\/?post_type=product&#038;p=2147"},"modified":"2025-03-28T05:20:21","modified_gmt":"2025-03-28T05:20:21","slug":"wholesale-label-thermal-transfer-printer-ay320-320bt-320p","status":"publish","type":"product","link":"https:\/\/www.aiyin.com\/de\/product\/wholesale-label-thermal-transfer-printer-ay320-320bt-320p\/","title":{"rendered":"Gro\u00dfhandel 3 Zoll Etikett Thermotransferdrucker - AY320 \/ 320BT \/ 320P, unterst\u00fctzt Thermo-und Thermotransferdruck"},"content":{"rendered":"<h2 class=\"wp-block-heading\">Details zum Thermotransferdrucker f\u00fcr Etiketten - AY-320 \/ 320BT \/ 320P<\/h2>\n\n\n\n<hr class=\"wp-block-separator has-alpha-channel-opacity\" \/>\n\n\n\n<figure class=\"wp-block-image size-large\"><img decoding=\"async\" width=\"1242\" height=\"1280\" src=\"https:\/\/www.aiyin.com\/wp-content\/uploads\/2025\/02\/Label-Thermal-Transfer-Printer\u200b-Details-3-1242x1280.webp\" alt=\"Etiketten-Thermotransferdrucker Details (3)\" class=\"wp-image-2164\" srcset=\"https:\/\/www.aiyin.com\/wp-content\/uploads\/2025\/02\/Label-Thermal-Transfer-Printer\u200b-Details-3-1242x1280.webp 1242w, https:\/\/www.aiyin.com\/wp-content\/uploads\/2025\/02\/Label-Thermal-Transfer-Printer\u200b-Details-3-768x792.webp 768w, https:\/\/www.aiyin.com\/wp-content\/uploads\/2025\/02\/Label-Thermal-Transfer-Printer\u200b-Details-3-600x618.webp 600w\" sizes=\"(max-width: 1242px) 100vw, 1242px\" \/><\/figure>\n\n\n\n<figure class=\"wp-block-image size-large\"><img decoding=\"async\" width=\"1242\" height=\"1280\" src=\"https:\/\/www.aiyin.com\/wp-content\/uploads\/2025\/02\/Label-Thermal-Transfer-Printer\u200b-Details-1-1242x1280.webp\" alt=\"Etiketten-Thermotransferdrucker Details (1)\" class=\"wp-image-2162\" srcset=\"https:\/\/www.aiyin.com\/wp-content\/uploads\/2025\/02\/Label-Thermal-Transfer-Printer\u200b-Details-1-1242x1280.webp 1242w, https:\/\/www.aiyin.com\/wp-content\/uploads\/2025\/02\/Label-Thermal-Transfer-Printer\u200b-Details-1-768x792.webp 768w, https:\/\/www.aiyin.com\/wp-content\/uploads\/2025\/02\/Label-Thermal-Transfer-Printer\u200b-Details-1-600x618.webp 600w\" sizes=\"(max-width: 1242px) 100vw, 1242px\" \/><\/figure>\n\n\n\n<figure class=\"wp-block-image size-large\"><img decoding=\"async\" width=\"1242\" height=\"1280\" src=\"https:\/\/www.aiyin.com\/wp-content\/uploads\/2025\/02\/Label-Thermal-Transfer-Printer\u200b-Details-2-1242x1280.webp\" alt=\"Etiketten-Thermotransferdrucker Details (2)\" class=\"wp-image-2163\" srcset=\"https:\/\/www.aiyin.com\/wp-content\/uploads\/2025\/02\/Label-Thermal-Transfer-Printer\u200b-Details-2-1242x1280.webp 1242w, https:\/\/www.aiyin.com\/wp-content\/uploads\/2025\/02\/Label-Thermal-Transfer-Printer\u200b-Details-2-768x792.webp 768w, https:\/\/www.aiyin.com\/wp-content\/uploads\/2025\/02\/Label-Thermal-Transfer-Printer\u200b-Details-2-600x618.webp 600w\" sizes=\"(max-width: 1242px) 100vw, 1242px\" \/><\/figure>","protected":false},"excerpt":{"rendered":"<p>Gro\u00dfhandel Etikett Thermotransferdrucker - AY320 \/ 320BT \/ 320P, geeignet f\u00fcr mehrere Betriebssysteme wie Windows, Mac OS, Android und iOS, sehr geeignet f\u00fcr den Einsatz in verschiedenen Arbeitsumgebungen, mit hochwertigen Druckk\u00f6pfen ausgestattet, um klare und dauerhafte Druck zu gew\u00e4hrleisten, sehr geeignet f\u00fcr gro\u00df angelegte Schriftsatz Bed\u00fcrfnisse. Unterst\u00fctzt OEM und ODM, kontaktieren Sie uns f\u00fcr ein Angebot.<\/p>\n<h2>Merkmale des Etiketten-Thermotransferdruckers - AY320 \/ 320BT \/ 320P<\/h2>\n<div>\n<p><strong>Hochwertiger Druck:<\/strong> Der Thermotransferdrucker f\u00fcr Etiketten ist in der Lage, feine, klare Texte und Bilder mit deutlichen Details zu drucken.<\/p>\n<p><strong>Gute Haltbarkeit:<\/strong> Die im Thermotransferverfahren gedruckten Texte und Strichcodes sind sehr verschlei\u00dffest und lassen sich nur schwer abl\u00f6sen oder verblassen. Sie k\u00f6nnen f\u00fcr den Druck von Etiketten f\u00fcr Kleidung, W\u00e4scheetiketten, medizinische Etiketten, Produktetiketten usw. verwendet werden.<\/p>\n<p><strong>Hohe Druckgeschwindigkeit:<\/strong> Der Thermotransferdrucker f\u00fcr Etiketten unterst\u00fctzt eine maximale Druckgeschwindigkeit von 180 mm\/s, was die Arbeitseffizienz erheblich steigert und f\u00fcr einen schnellen und effizienten Arbeitsplatz geeignet ist.<\/p>\n<p><strong>Robuste Konstruktion von Sensoren:<\/strong> Mit verschiedenen Sensoren, wie z. B. Papiermangelerkennung und Druckkopftemperaturerkennung, f\u00fcr einen reibungslosen Druckprozess und zur Fehlerreduzierung.<\/p>\n<p><strong>Multi-Kommunikations-Schnittstellen:<\/strong> Bietet mehrere Kommunikationsschnittstellen wie USB, Bluetooth (optional), serielle Schnittstelle und Netzwerkanschluss, was den Anschluss mehrerer Ger\u00e4te erleichtert und die betriebliche Flexibilit\u00e4t erh\u00f6ht.<\/p>\n<\/div>","protected":false},"featured_media":2157,"comment_status":"closed","ping_status":"closed","template":"","meta":{"_acf_changed":false},"product_brand":[],"product_cat":[20],"product_tag":[],"class_list":{"0":"post-2147","1":"product","2":"type-product","3":"status-publish","4":"has-post-thumbnail","6":"product_cat-thermal-transfer-printer","7":"pa_industrial-grade-no","8":"pa_paper-bin-with-paper-bin","9":"pa_print-width-3-inches","11":"first","12":"instock","13":"shipping-taxable","14":"product-type-simple"},"acf":[],"_links":{"self":[{"href":"https:\/\/www.aiyin.com\/de\/wp-json\/wp\/v2\/product\/2147","targetHints":{"allow":["GET"]}}],"collection":[{"href":"https:\/\/www.aiyin.com\/de\/wp-json\/wp\/v2\/product"}],"about":[{"href":"https:\/\/www.aiyin.com\/de\/wp-json\/wp\/v2\/types\/product"}],"replies":[{"embeddable":true,"href":"https:\/\/www.aiyin.com\/de\/wp-json\/wp\/v2\/comments?post=2147"}],"wp:featuredmedia":[{"embeddable":true,"href":"https:\/\/www.aiyin.com\/de\/wp-json\/wp\/v2\/media\/2157"}],"wp:attachment":[{"href":"https:\/\/www.aiyin.com\/de\/wp-json\/wp\/v2\/media?parent=2147"}],"wp:term":[{"taxonomy":"product_brand","embeddable":true,"href":"https:\/\/www.aiyin.com\/de\/wp-json\/wp\/v2\/product_brand?post=2147"},{"taxonomy":"product_cat","embeddable":true,"href":"https:\/\/www.aiyin.com\/de\/wp-json\/wp\/v2\/product_cat?post=2147"},{"taxonomy":"product_tag","embeddable":true,"href":"https:\/\/www.aiyin.com\/de\/wp-json\/wp\/v2\/product_tag?post=2147"}],"curies":[{"name":"wp","href":"https:\/\/api.w.org\/{rel}","templated":true}]}}