{"id":2050,"date":"2025-04-19T02:30:38","date_gmt":"2025-04-19T02:30:38","guid":{"rendered":"https:\/\/www.jinghuaceramic.com\/?post_type=product&#038;p=2050"},"modified":"2025-06-13T06:03:01","modified_gmt":"2025-06-13T06:03:01","slug":"wholesale-mini-portable-thermal-label-printer-d30-pro","status":"publish","type":"product","link":"https:\/\/www.aiyin.com\/de\/product\/wholesale-mini-portable-thermal-label-printer-d30-pro\/","title":{"rendered":"Gro\u00dfhandel 0,5 Zoll Mini Portable Thermal Label Printer - D30 Pro, unterst\u00fctzt Aufkleber, Barcodes, QR-Codes und mehr"},"content":{"rendered":"<h2 class=\"wp-block-heading\">Details zum tragbaren Mini-Thermoetikettendrucker - D30 Pro<\/h2>\n\n\n\n<hr class=\"wp-block-separator has-alpha-channel-opacity\"\/>\n\n\n\n<figure class=\"wp-block-image size-full\"><img decoding=\"async\" width=\"905\" height=\"1280\" src=\"https:\/\/www.aiyin.com\/wp-content\/uploads\/2025\/02\/Mini-Thermal-Label-Printer-D30-Pro-Details-1.webp\" alt=\"Mini-Thermo-Etikettendrucker D30 Pro Details (1)\" class=\"wp-image-4720\" srcset=\"https:\/\/www.aiyin.com\/wp-content\/uploads\/2025\/02\/Mini-Thermal-Label-Printer-D30-Pro-Details-1.webp 905w, https:\/\/www.aiyin.com\/wp-content\/uploads\/2025\/02\/Mini-Thermal-Label-Printer-D30-Pro-Details-1-768x1086.webp 768w, https:\/\/www.aiyin.com\/wp-content\/uploads\/2025\/02\/Mini-Thermal-Label-Printer-D30-Pro-Details-1-8x12.webp 8w, https:\/\/www.aiyin.com\/wp-content\/uploads\/2025\/02\/Mini-Thermal-Label-Printer-D30-Pro-Details-1-600x849.webp 600w\" sizes=\"(max-width: 905px) 100vw, 905px\" \/><\/figure>","protected":false},"excerpt":{"rendered":"<p>Der tragbare Mini-Thermo-Etikettendrucker D30 pro hilft dem Benutzer, die Effizienz des Etikettendrucks zu verbessern und die Verwaltung und Kennzeichnung von Produkten zu erleichtern. Das kompakte Aussehen Design und Unterst\u00fctzung f\u00fcr Bluetooth drahtlose Verbindung sind sehr geeignet f\u00fcr den Einsatz auf Mobiltelefonen, im B\u00fcro oder bei der Arbeit im Freien. Unterst\u00fctzung oem und odm, kontaktieren Sie uns f\u00fcr ein Angebot.<\/p>\n<h2>Merkmale des tragbaren Mini-Thermoetikettendruckers - D30 Pro<\/h2>\n<div>\n<p><strong>Bluetooth-Verbindung:<\/strong> Der tragbare Mini-Thermoetikettendrucker D30\/D30 Pro unterst\u00fctzt die drahtlose Bluetooth-Verbindung. Laden Sie die AiYin-App herunter und stellen Sie eine Bluetooth-Verbindung her, um die ben\u00f6tigten Etiketten einfach zu drucken, was den Komfort des mobilen B\u00fcros erheblich verbessert.<\/p>\n<p><strong>Automatische Papierschneidefunktion:<\/strong> Die im tragbaren Mini-Thermoetikettendrucker D30\/D30 Pro eingebaute automatische Papierschneidevorrichtung schneidet das Etikett nach dem Druckvorgang automatisch ab und sorgt so jedes Mal f\u00fcr einen sauberen und professionellen Druck, w\u00e4hrend das manuelle Schneiden vermieden und Etikettenabf\u00e4lle reduziert werden.<\/p>\n<p><strong>Tragbares Design:<\/strong> Durch sein geringes Gewicht ist das D30\/D30 Pro perfekt f\u00fcr den Transport geeignet. Es hat eine moderate Gr\u00f6\u00dfe, die problemlos in einen Rucksack oder eine Handtasche passt.<\/p>\n<p><strong>Vielf\u00e4ltige Farboptionen:<\/strong> Der D30\/D30 Pro ist in verschiedenen Farben erh\u00e4ltlich, z. B. in Wei\u00df, Gr\u00fcn und Rosa, so dass der Benutzer das passende Ger\u00e4t nach seinen pers\u00f6nlichen Vorlieben ausw\u00e4hlen kann, das sich f\u00fcr den Einkauf in Superm\u00e4rkten und Einzelhandelsgesch\u00e4ften eignet.<\/p>\n<p><strong>Anwendungsunterst\u00fctzung:<\/strong> D30\/D30 Pro kann in Verbindung mit Smartphone-Apps verwendet werden, so dass die Benutzer Tags mit hoher Flexibilit\u00e4t \u00fcber die App entwerfen und bearbeiten k\u00f6nnen.<\/p>\n<\/div>","protected":false},"featured_media":4725,"comment_status":"closed","ping_status":"closed","template":"","meta":{"_acf_changed":true},"product_brand":[],"product_cat":[21],"product_tag":[],"class_list":{"0":"post-2050","1":"product","2":"type-product","3":"status-publish","4":"has-post-thumbnail","6":"product_cat-home-office-printer","7":"pa_function-home-label-maker","8":"pa_function-mini-printer","9":"pa_print-width-0-5-inches","11":"first","12":"instock","13":"shipping-taxable","14":"product-type-simple"},"acf":[],"_links":{"self":[{"href":"https:\/\/www.aiyin.com\/de\/wp-json\/wp\/v2\/product\/2050","targetHints":{"allow":["GET"]}}],"collection":[{"href":"https:\/\/www.aiyin.com\/de\/wp-json\/wp\/v2\/product"}],"about":[{"href":"https:\/\/www.aiyin.com\/de\/wp-json\/wp\/v2\/types\/product"}],"replies":[{"embeddable":true,"href":"https:\/\/www.aiyin.com\/de\/wp-json\/wp\/v2\/comments?post=2050"}],"wp:featuredmedia":[{"embeddable":true,"href":"https:\/\/www.aiyin.com\/de\/wp-json\/wp\/v2\/media\/4725"}],"wp:attachment":[{"href":"https:\/\/www.aiyin.com\/de\/wp-json\/wp\/v2\/media?parent=2050"}],"wp:term":[{"taxonomy":"product_brand","embeddable":true,"href":"https:\/\/www.aiyin.com\/de\/wp-json\/wp\/v2\/product_brand?post=2050"},{"taxonomy":"product_cat","embeddable":true,"href":"https:\/\/www.aiyin.com\/de\/wp-json\/wp\/v2\/product_cat?post=2050"},{"taxonomy":"product_tag","embeddable":true,"href":"https:\/\/www.aiyin.com\/de\/wp-json\/wp\/v2\/product_tag?post=2050"}],"curies":[{"name":"wp","href":"https:\/\/api.w.org\/{rel}","templated":true}]}}