{"id":1899,"date":"2025-02-21T15:10:02","date_gmt":"2025-02-21T15:10:02","guid":{"rendered":"https:\/\/www.jinghuaceramic.com\/?post_type=product&#038;p=1899"},"modified":"2025-06-16T01:03:53","modified_gmt":"2025-06-16T01:03:53","slug":"wholesale-a4-portable-thermal-printer-a4l-a4l-pro","status":"publish","type":"product","link":"https:\/\/www.aiyin.com\/de\/product\/wholesale-a4-portable-thermal-printer-a4l-a4l-pro\/","title":{"rendered":"Gro\u00dfhandel A4 Portable Thermodrucker - A4L\/A4L Pro, Unterst\u00fctzung USB, Bluetooth, Angebot Edit Software"},"content":{"rendered":"<h2 class=\"wp-block-heading\">Details zum tragbaren A4-Thermodrucker - A4L\/A4L Pro<\/h2>\n\n\n\n<hr class=\"wp-block-separator has-alpha-channel-opacity\"\/>\n\n\n\n<figure class=\"wp-block-image size-large\"><img decoding=\"async\" width=\"905\" height=\"1280\" src=\"https:\/\/www.aiyin.com\/wp-content\/uploads\/2025\/02\/A4L-905x1280.webp\" alt=\"\" class=\"wp-image-4119\" srcset=\"https:\/\/www.aiyin.com\/wp-content\/uploads\/2025\/02\/A4L-905x1280.webp 905w, https:\/\/www.aiyin.com\/wp-content\/uploads\/2025\/02\/A4L-768x1086.webp 768w, https:\/\/www.aiyin.com\/wp-content\/uploads\/2025\/02\/A4L-600x849.webp 600w, https:\/\/www.aiyin.com\/wp-content\/uploads\/2025\/02\/A4L.webp 1722w\" sizes=\"(max-width: 905px) 100vw, 905px\" \/><\/figure>","protected":false},"excerpt":{"rendered":"<p>Gro\u00dfhandel A4 Portable Thermodrucker, geeignet f\u00fcr alle Arten von Heimb\u00fcros und kleine Unternehmen. Dieser Thermodrucker verf\u00fcgt \u00fcber eine effiziente kabellose Druckfunktion, eine bequeme Papierbreiteneinstellung und einen langlebigen Akku, der die Anforderungen verschiedener Aufgaben erf\u00fcllen kann. Der A4L\/A4L Pro kann klare und schnelle Druckergebnisse liefern. Au\u00dferdem unterst\u00fctzt er die Kompatibilit\u00e4t mit mehreren Ger\u00e4ten und ist damit die beste Wahl f\u00fcr den t\u00e4glichen Gebrauch zu Hause und im B\u00fcro. Wir unterst\u00fctzen OEM und ODM, kontaktieren Sie uns f\u00fcr ein Angebot.<\/p>\n<h2>Merkmale des tragbaren Thermodruckers A4 - A4L\/A4L Pro<\/h2>\n<div>\n<p><strong>Unbegrenzter Druck:<\/strong> Dank der Thermodrucktechnologie m\u00fcssen keine Tintenpatronen oder Farbb\u00e4nder ausgetauscht werden, so dass der Tintenwechsel und die Wartung entfallen, was ihn f\u00fcr den t\u00e4glichen Gebrauch im Heimb\u00fcro sehr geeignet macht.<\/p>\n<p><strong>Kompatibilit\u00e4t der Anwendungen:<\/strong> Nutzer k\u00f6nnen die Anwendungen von AiYin von Plattformen wie App Store und Google Play herunterladen, um Druckaufgaben einfach zu verwalten.<\/p>\n<p><strong>Lange Akkulaufzeit:<\/strong> Der tragbare Thermodrucker verf\u00fcgt \u00fcber eine Akkukapazit\u00e4t von 2600 mAh, die eine lange Nutzungsdauer gew\u00e4hrleistet und die Bew\u00e4ltigung verschiedener Aufgaben zu Hause und im B\u00fcro erleichtert.<\/p>\n<p><strong>Bequeme Einstellung der Papierbreite:<\/strong> Unterst\u00fctzt die Einstellung der Papierbreite von 56 mm bis 216 mm zur Anpassung an verschiedene Etiketten- und Beleggr\u00f6\u00dfen.<\/p>\n<p><strong>Hochgeschwindigkeits- und hochaufl\u00f6sender Druck:<\/strong> Die Druckgeschwindigkeit betr\u00e4gt maximal 18 mm\/s und die Aufl\u00f6sung 203 dpi (A4L) bzw. 300 dpi (A4L Pro), was einen klaren und effizienten Druck gew\u00e4hrleistet.<\/p>\n<\/div>","protected":false},"featured_media":4094,"comment_status":"closed","ping_status":"closed","template":"","meta":{"_acf_changed":true},"product_brand":[],"product_cat":[21],"product_tag":[],"class_list":{"0":"post-1899","1":"product","2":"type-product","3":"status-publish","4":"has-post-thumbnail","6":"product_cat-home-office-printer","7":"pa_function-letter-a4-thermal-printer","8":"pa_print-width-8-inches","10":"first","11":"instock","12":"shipping-taxable","13":"product-type-simple"},"acf":[],"_links":{"self":[{"href":"https:\/\/www.aiyin.com\/de\/wp-json\/wp\/v2\/product\/1899","targetHints":{"allow":["GET"]}}],"collection":[{"href":"https:\/\/www.aiyin.com\/de\/wp-json\/wp\/v2\/product"}],"about":[{"href":"https:\/\/www.aiyin.com\/de\/wp-json\/wp\/v2\/types\/product"}],"replies":[{"embeddable":true,"href":"https:\/\/www.aiyin.com\/de\/wp-json\/wp\/v2\/comments?post=1899"}],"wp:featuredmedia":[{"embeddable":true,"href":"https:\/\/www.aiyin.com\/de\/wp-json\/wp\/v2\/media\/4094"}],"wp:attachment":[{"href":"https:\/\/www.aiyin.com\/de\/wp-json\/wp\/v2\/media?parent=1899"}],"wp:term":[{"taxonomy":"product_brand","embeddable":true,"href":"https:\/\/www.aiyin.com\/de\/wp-json\/wp\/v2\/product_brand?post=1899"},{"taxonomy":"product_cat","embeddable":true,"href":"https:\/\/www.aiyin.com\/de\/wp-json\/wp\/v2\/product_cat?post=1899"},{"taxonomy":"product_tag","embeddable":true,"href":"https:\/\/www.aiyin.com\/de\/wp-json\/wp\/v2\/product_tag?post=1899"}],"curies":[{"name":"wp","href":"https:\/\/api.w.org\/{rel}","templated":true}]}}