{"id":1747,"date":"2025-02-12T15:25:48","date_gmt":"2025-02-12T15:25:48","guid":{"rendered":"https:\/\/www.jinghuaceramic.com\/?post_type=product&#038;p=1747"},"modified":"2025-06-14T02:23:25","modified_gmt":"2025-06-14T02:23:25","slug":"wholesale-4-inch-desktop-thermal-label-printer-ae240","status":"publish","type":"product","link":"https:\/\/www.aiyin.com\/de\/product\/wholesale-4-inch-desktop-thermal-label-printer-ae240\/","title":{"rendered":"Gro\u00dfhandel 4-Zoll-Desktop-Thermo-Etikettendrucker - AE240, Professioneller Office Depot Etikettendrucker"},"content":{"rendered":"<h2 class=\"wp-block-heading\">Details zum Thermo-Etikettendrucker - AE240<\/h2>\n\n\n\n<hr class=\"wp-block-separator has-alpha-channel-opacity\" \/>\n\n\n\n<figure class=\"wp-block-image size-large\"><img decoding=\"async\" width=\"1255\" height=\"1280\" src=\"https:\/\/www.aiyin.com\/wp-content\/uploads\/2025\/02\/Thermal-Office-Depot-Label-Printer-Details-1-1255x1280.webp\" alt=\"Thermo-Etikettendrucker von Office Depot Details (1)\" class=\"wp-image-1748\" srcset=\"https:\/\/www.aiyin.com\/wp-content\/uploads\/2025\/02\/Thermal-Office-Depot-Label-Printer-Details-1-1255x1280.webp 1255w, https:\/\/www.aiyin.com\/wp-content\/uploads\/2025\/02\/Thermal-Office-Depot-Label-Printer-Details-1-768x783.webp 768w, https:\/\/www.aiyin.com\/wp-content\/uploads\/2025\/02\/Thermal-Office-Depot-Label-Printer-Details-1-600x612.webp 600w\" sizes=\"(max-width: 1255px) 100vw, 1255px\" \/><\/figure>\n\n\n\n<p><\/p>","protected":false},"excerpt":{"rendered":"<p>Gro\u00dfhandel 4-Zoll-Desktop-Thermo-Etikettendrucker AE240, unterst\u00fctzt schnellen Druck von 150mm pro Sekunde, bietet klare Druckwirkung bis zu 203dpi, so dass es eine ausgezeichnete Office Depot Etikettendrucker, unterst\u00fctzt USB, Bluetooth und andere Verbindungsmethoden. Dar\u00fcber hinaus bietet AiYin Etikettendrucker Hersteller professionelle Software-Unterst\u00fctzung. Willkommen bei uns f\u00fcr ein Angebot.<\/p>\n<h2>Merkmale des 4-Zoll-Desktop-Thermoetikettendruckers - AE240<\/h2>\n<div>\n<p><strong>Verbessern Sie die Effizienz im B\u00fcro:<\/strong> Erzielen Sie eine hohe Druckgeschwindigkeit und unterst\u00fctzen Sie mehrere Arten von Etiketten. Der Office Depot-Etikettendrucker AE240 eignet sich besonders f\u00fcr den Stapeldruck von Etiketten und tr\u00e4gt zur Verbesserung der betrieblichen Effizienz von Lager-, Logistik- und E-Commerce-Unternehmen bei.<\/p>\n<p><strong>Multi-Interface-Verbindung:<\/strong> Der Thermo-Etikettendrucker AE240 verf\u00fcgt \u00fcber eine integrierte USB-Schnittstelle und unterst\u00fctzt mehrere Verbindungsmethoden wie Bluetooth, um eine nahtlose Verbindung mit verschiedenen Ger\u00e4ten zu gew\u00e4hrleisten und sich an unterschiedliche B\u00fcro- und Lagerumgebungen anzupassen.<\/p>\n<p><strong>Lange Nutzungsdauer:<\/strong> Die Druckdauer kann bis zu 30 Kilometer betragen. Der Thermo-Etikettendrucker AE240 zeichnet sich durch seine Langlebigkeit und Zuverl\u00e4ssigkeit aus und eignet sich f\u00fcr hochfrequente Einsatzszenarien.<\/p>\n<p><strong>Visuelle Gestaltung des Kartons:<\/strong> Der Thermo-Etikettendrucker AE240 ist mit einem Beobachtungsfenster ausgestattet, das es dem Benutzer erm\u00f6glicht, den Papiervorrat zu \u00fcberwachen und das Papier rechtzeitig zu ersetzen.<\/p>\n<p><strong>Flexible Papierkompatibilit\u00e4t:<\/strong> Die effektive Druckbreite betr\u00e4gt 48-108 mm und unterst\u00fctzt mehrere Arten von Thermo-Etikettenpapier.<\/p>\n<p><strong>OEM- und ODM-Service:<\/strong> AiYIn, der Hersteller von Etikettendruckern, bietet kundenspezifische Etikettendruckerl\u00f6sungen aus einer Hand. Kunden k\u00f6nnen die Marke und das Erscheinungsbild Design des Druckers anpassen, und wir werden komplette Design- und Entwicklungsunterst\u00fctzung bieten.<\/p>\n<\/div>","protected":false},"featured_media":2916,"comment_status":"closed","ping_status":"closed","template":"","meta":{"_acf_changed":true},"product_brand":[],"product_cat":[38],"product_tag":[],"class_list":{"0":"post-1747","1":"product","2":"type-product","3":"status-publish","4":"has-post-thumbnail","6":"product_cat-shipping-label-printer","7":"pa_industrial-grade-no","8":"pa_paper-bin-with-paper-bin","9":"pa_print-width-4-inches","11":"first","12":"instock","13":"shipping-taxable","14":"product-type-simple"},"acf":[],"_links":{"self":[{"href":"https:\/\/www.aiyin.com\/de\/wp-json\/wp\/v2\/product\/1747","targetHints":{"allow":["GET"]}}],"collection":[{"href":"https:\/\/www.aiyin.com\/de\/wp-json\/wp\/v2\/product"}],"about":[{"href":"https:\/\/www.aiyin.com\/de\/wp-json\/wp\/v2\/types\/product"}],"replies":[{"embeddable":true,"href":"https:\/\/www.aiyin.com\/de\/wp-json\/wp\/v2\/comments?post=1747"}],"wp:featuredmedia":[{"embeddable":true,"href":"https:\/\/www.aiyin.com\/de\/wp-json\/wp\/v2\/media\/2916"}],"wp:attachment":[{"href":"https:\/\/www.aiyin.com\/de\/wp-json\/wp\/v2\/media?parent=1747"}],"wp:term":[{"taxonomy":"product_brand","embeddable":true,"href":"https:\/\/www.aiyin.com\/de\/wp-json\/wp\/v2\/product_brand?post=1747"},{"taxonomy":"product_cat","embeddable":true,"href":"https:\/\/www.aiyin.com\/de\/wp-json\/wp\/v2\/product_cat?post=1747"},{"taxonomy":"product_tag","embeddable":true,"href":"https:\/\/www.aiyin.com\/de\/wp-json\/wp\/v2\/product_tag?post=1747"}],"curies":[{"name":"wp","href":"https:\/\/api.w.org\/{rel}","templated":true}]}}